{"id":17046,"date":"2025-06-20T19:16:12","date_gmt":"2025-06-20T23:16:12","guid":{"rendered":"http:\/\/www.multicasa.com.br\/cuiaba\/?post_type=product&#038;p=17046"},"modified":"2025-10-08T11:13:53","modified_gmt":"2025-10-08T15:13:53","slug":"lampada-led-bulbo-9w-bivolt-6-5k-6-unidades-avant","status":"publish","type":"product","link":"https:\/\/www.multicasa.com.br\/cuiaba\/produto\/lampada-led-bulbo-9w-bivolt-6-5k-6-unidades-avant\/","title":{"rendered":"L\u00e2mpada Led Bulbo 9W Bivolt 6.5K 6 Unidades Avant<br>SKU: 2161736"},"content":{"rendered":"<p>A linha de l\u00e2mpadas Pera LED Avant \u00e9 indicada para ambientes internos, e por ser mais econ\u00f4mica e eficiente \u00e9 a solu\u00e7\u00e3o ideal para substituir as l\u00e2mpadas incandescentes ou fluorescentes. Ilumine seu ambiente residencial, comercial ou corporativo com as l\u00e2mpadas Pera LED Avant.<\/p>\n","protected":false},"excerpt":{"rendered":"<h4 style=\"margin: 0px;padding: 0px 0px 16px;font-family: Lato, sans-serif;font-weight: bold;line-height: 3rem;color: var(--dark-grey3);font-size: 22px;font-style: normal;letter-spacing: normal;text-align: start;text-indent: 0px;text-transform: none\">Informa\u00e7\u00f5es t\u00e9cnicas<\/h4>\n<p><span style=\"margin: 0px;padding: 0px;font-weight: 450;font-size: 14px;line-height: 21px;color: var(--dark-grey2);font-family: Lato, sans-serif;font-style: normal;letter-spacing: normal;text-align: start;text-indent: 0px;text-transform: none\">Produto: L\u00c2MPADA LED BULBO 9W BIVOLT 6.5K 6 UNIDADES<br \/>\nMarca: Avant<br \/>\nMaterial: Policabornato<br \/>\nCor: Branca<br \/>\nCaracter\u00edsticas<br \/>\n&#8211; Garantia de 1 ano;<br \/>\n&#8211; Pot\u00eancia de 9W;<br \/>\n&#8211; Fluxo luminoso: 810 lm;<br \/>\n&#8211; Temperatura de cor: 6500k;<br \/>\n&#8211; Base: Soquete E27;<br \/>\n&#8211; Tens\u00e3o: 100V &#8211; 240V Bivolt;<br \/>\n&#8211; \u00c2ngulo de abertura: 180\u00b0;<br \/>\n&#8211; IRC: 80;<br \/>\n&#8211; \u00cdndice de prote\u00e7\u00e3o: IP20;<br \/>\n&#8211; N\u00e2o dimeriz\u00e1vel;<br \/>\n&#8211; Vida \u00fatil de 25.000 horas.<br \/>\n&#8211; Uso interno.<\/p>\n<p>Dimens\u00f5es do Produto<br \/>\n60 x 108 mm<\/span><\/p>\n","protected":false},"featured_media":17060,"template":"","meta":{"_joinchat":[]},"product_brand":[],"product_cat":[80],"product_tag":[],"class_list":{"0":"post-17046","1":"product","2":"type-product","3":"status-publish","4":"has-post-thumbnail","6":"product_cat-lampadas","8":"first","9":"instock","10":"shipping-taxable","11":"purchasable","12":"product-type-simple"},"_links":{"self":[{"href":"https:\/\/www.multicasa.com.br\/cuiaba\/wp-json\/wp\/v2\/product\/17046","targetHints":{"allow":["GET"]}}],"collection":[{"href":"https:\/\/www.multicasa.com.br\/cuiaba\/wp-json\/wp\/v2\/product"}],"about":[{"href":"https:\/\/www.multicasa.com.br\/cuiaba\/wp-json\/wp\/v2\/types\/product"}],"wp:featuredmedia":[{"embeddable":true,"href":"https:\/\/www.multicasa.com.br\/cuiaba\/wp-json\/wp\/v2\/media\/17060"}],"wp:attachment":[{"href":"https:\/\/www.multicasa.com.br\/cuiaba\/wp-json\/wp\/v2\/media?parent=17046"}],"wp:term":[{"taxonomy":"product_brand","embeddable":true,"href":"https:\/\/www.multicasa.com.br\/cuiaba\/wp-json\/wp\/v2\/product_brand?post=17046"},{"taxonomy":"product_cat","embeddable":true,"href":"https:\/\/www.multicasa.com.br\/cuiaba\/wp-json\/wp\/v2\/product_cat?post=17046"},{"taxonomy":"product_tag","embeddable":true,"href":"https:\/\/www.multicasa.com.br\/cuiaba\/wp-json\/wp\/v2\/product_tag?post=17046"}],"curies":[{"name":"wp","href":"https:\/\/api.w.org\/{rel}","templated":true}]}}