{"id":17069,"date":"2025-06-20T19:16:25","date_gmt":"2025-06-20T23:16:25","guid":{"rendered":"http:\/\/www.multicasa.com.br\/cuiaba\/?post_type=product&#038;p=17069"},"modified":"2025-08-17T23:54:54","modified_gmt":"2025-08-18T03:54:54","slug":"refletor-led-com-sensor-50w-ip65-pt-6-5k","status":"publish","type":"product","link":"https:\/\/www.multicasa.com.br\/cuiaba\/produto\/refletor-led-com-sensor-50w-ip65-pt-6-5k\/","title":{"rendered":"Refletor Led Com Sensor 50W Ip65 Pt 6.5K<br>SKU: 2168240"},"content":{"rendered":"<p>Refletor DEEP FIT, possui design slim, com uma potente<br \/>\nilumina\u00e7\u00e3o, estruturado em alum\u00ednio com pintura ep\u00f3xi<br \/>\npreta e vidro temperado. Modelo com LED integrado,<br \/>\npronto para instalar.Ideal para ambientes externos.<\/p>\n","protected":false},"excerpt":{"rendered":"<h4 style=\"margin: 0px;padding: 0px 0px 16px;font-family: Lato, sans-serif;font-weight: bold;line-height: 3rem;color: var(--dark-grey3);font-size: 22px;font-style: normal;letter-spacing: normal;text-align: start;text-indent: 0px;text-transform: none\">Informa\u00e7\u00f5es t\u00e9cnicas<\/h4>\n<p><span style=\"margin: 0px;padding: 0px;font-weight: 450;font-size: 14px;line-height: 21px;color: var(--dark-grey2);font-family: Lato, sans-serif;font-style: normal;letter-spacing: normal;text-align: start;text-indent: 0px;text-transform: none\">Produto: REFLETOR LED SENS.50W IP65 PT 6.5K<br \/>\nMarca: led<br \/>\nCor: preto<\/p>\n<p>&#8211; Pot\u00eancia: 50W;<br \/>\n&#8211; Tens\u00e3o: Bivolt (127 220V);<br \/>\n&#8211; Dimens\u00f5es (mm): 160(L) x 120(c) x 32(E);<br \/>\n&#8211; Temperatura de cor: 6500K (Branco frio);<br \/>\n&#8211; Fluxo luminoso: 3750lm;<br \/>\n \u00c2ngulo de abertura: 120;<br \/>\n&#8211; Garantia: 2 Anos;<br \/>\n&#8211; Vida \u00fatil aproximada: 25.000h;<br \/>\n&#8211; Composi\u00e7\u00e3o: Vidro, alum\u00ednio e componentes eletr\u00f4nicos;<br \/>\n \u00cdndice de prote\u00e7\u00e3o: IP65.<\/span><\/p>\n","protected":false},"featured_media":25907,"template":"","meta":{"_joinchat":[]},"product_brand":[],"product_cat":[145],"product_tag":[],"class_list":{"0":"post-17069","1":"product","2":"type-product","3":"status-publish","4":"has-post-thumbnail","6":"product_cat-leds-comerciais","8":"first","9":"instock","10":"shipping-taxable","11":"purchasable","12":"product-type-simple"},"_links":{"self":[{"href":"https:\/\/www.multicasa.com.br\/cuiaba\/wp-json\/wp\/v2\/product\/17069","targetHints":{"allow":["GET"]}}],"collection":[{"href":"https:\/\/www.multicasa.com.br\/cuiaba\/wp-json\/wp\/v2\/product"}],"about":[{"href":"https:\/\/www.multicasa.com.br\/cuiaba\/wp-json\/wp\/v2\/types\/product"}],"wp:featuredmedia":[{"embeddable":true,"href":"https:\/\/www.multicasa.com.br\/cuiaba\/wp-json\/wp\/v2\/media\/25907"}],"wp:attachment":[{"href":"https:\/\/www.multicasa.com.br\/cuiaba\/wp-json\/wp\/v2\/media?parent=17069"}],"wp:term":[{"taxonomy":"product_brand","embeddable":true,"href":"https:\/\/www.multicasa.com.br\/cuiaba\/wp-json\/wp\/v2\/product_brand?post=17069"},{"taxonomy":"product_cat","embeddable":true,"href":"https:\/\/www.multicasa.com.br\/cuiaba\/wp-json\/wp\/v2\/product_cat?post=17069"},{"taxonomy":"product_tag","embeddable":true,"href":"https:\/\/www.multicasa.com.br\/cuiaba\/wp-json\/wp\/v2\/product_tag?post=17069"}],"curies":[{"name":"wp","href":"https:\/\/api.w.org\/{rel}","templated":true}]}}