{"id":17118,"date":"2025-06-20T19:16:40","date_gmt":"2025-06-20T23:16:40","guid":{"rendered":"http:\/\/www.multicasa.com.br\/cuiaba\/?post_type=product&#038;p=17118"},"modified":"2026-03-21T11:50:27","modified_gmt":"2026-03-21T15:50:27","slug":"lampada-led-bulbo-t45-9w-6500k-bronzearte-llum","status":"publish","type":"product","link":"https:\/\/www.multicasa.com.br\/cuiaba\/produto\/lampada-led-bulbo-t45-9w-6500k-bronzearte-llum\/","title":{"rendered":"L\u00e2mpada Led Bulbo T45 9W 6500K Bronzearte LLUM<br>SKU: 2190549"},"content":{"rendered":"<p>A l\u00e2mpada BULBO LED T45 \u00e9 vers\u00e1til, eficiente e com efeito difuso. Pode ser aplicada em abajures, lustres ou lumin\u00e1rias decorativas. <\/p>\n","protected":false},"excerpt":{"rendered":"<h4 style=\"margin: 0px;padding: 0px 0px 16px;font-family: Lato, sans-serif;font-weight: bold;line-height: 3rem;color: var(--dark-grey3);font-size: 22px;font-style: normal;letter-spacing: normal;text-align: start;text-indent: 0px;text-transform: none\">Informa\u00e7\u00f5es t\u00e9cnicas<\/h4>\n<p><span style=\"margin: 0px;padding: 0px;font-weight: 450;font-size: 14px;line-height: 21px;color: var(--dark-grey2);font-family: Lato, sans-serif;font-style: normal;letter-spacing: normal;text-align: start;text-indent: 0px;text-transform: none\">Corrente de Entrada: 101mA(127V)\/58mA(220V)<br \/>\nTens\u00e3o de Entrada: 100-240V<br \/>\nPot\u00eancia: 9W<br \/>\nFrequ\u00eancia: 50\/60Hz<br \/>\nEQ. Incandescente: 60W<br \/>\nEQ. Fluorescente: 16W<br \/>\nFluxo Luminoso: 803lm<br \/>\nEfici\u00eancia Luminosa: 89,22lm\/W<br \/>\nCor da Luz: 6500K (Branco-Frio)<br \/>\nIRC: 80<br \/>\nVida \u00datil: 25000h<br \/>\nFator de Pot\u00eancia: &gt;70<br \/>\nDimens\u00e3o: 45x100mm<br \/>\nBase: E27<\/span><\/p>\n","protected":false},"featured_media":25423,"template":"","meta":{"_joinchat":[]},"product_brand":[],"product_cat":[80],"product_tag":[],"class_list":{"0":"post-17118","1":"product","2":"type-product","3":"status-publish","4":"has-post-thumbnail","6":"product_cat-lampadas","8":"first","9":"instock","10":"shipping-taxable","11":"purchasable","12":"product-type-simple"},"_links":{"self":[{"href":"https:\/\/www.multicasa.com.br\/cuiaba\/wp-json\/wp\/v2\/product\/17118","targetHints":{"allow":["GET"]}}],"collection":[{"href":"https:\/\/www.multicasa.com.br\/cuiaba\/wp-json\/wp\/v2\/product"}],"about":[{"href":"https:\/\/www.multicasa.com.br\/cuiaba\/wp-json\/wp\/v2\/types\/product"}],"wp:featuredmedia":[{"embeddable":true,"href":"https:\/\/www.multicasa.com.br\/cuiaba\/wp-json\/wp\/v2\/media\/25423"}],"wp:attachment":[{"href":"https:\/\/www.multicasa.com.br\/cuiaba\/wp-json\/wp\/v2\/media?parent=17118"}],"wp:term":[{"taxonomy":"product_brand","embeddable":true,"href":"https:\/\/www.multicasa.com.br\/cuiaba\/wp-json\/wp\/v2\/product_brand?post=17118"},{"taxonomy":"product_cat","embeddable":true,"href":"https:\/\/www.multicasa.com.br\/cuiaba\/wp-json\/wp\/v2\/product_cat?post=17118"},{"taxonomy":"product_tag","embeddable":true,"href":"https:\/\/www.multicasa.com.br\/cuiaba\/wp-json\/wp\/v2\/product_tag?post=17118"}],"curies":[{"name":"wp","href":"https:\/\/api.w.org\/{rel}","templated":true}]}}