{"id":17124,"date":"2025-06-20T19:16:41","date_gmt":"2025-06-20T23:16:41","guid":{"rendered":"http:\/\/www.multicasa.com.br\/cuiaba\/?post_type=product&#038;p=17124"},"modified":"2025-12-26T14:50:18","modified_gmt":"2025-12-26T18:50:18","slug":"caixa-de-ferramentas","status":"publish","type":"product","link":"https:\/\/www.multicasa.com.br\/cuiaba\/produto\/caixa-de-ferramentas\/","title":{"rendered":"CAIXA DE FERRAMENTAS<br>SKU: 2198448"},"content":{"rendered":"<p>Maleta que oferece maior espa\u00e7o e praticidade para voc\u00ea, organizar armazenar e transportar o que desejar (equipamentos, ferramentas, pe\u00e7as, parafusos, tralha de pesca, materiais el\u00e9tricos, armarinho, etc) facilitando a realiza\u00e7\u00e3o de trabalhos profissionais, dom\u00e9sticos e recreativos.<br \/>\nCom al\u00e7a para maior mobilidade da caixa.<\/p>\n","protected":false},"excerpt":{"rendered":"<h4 style=\"margin: 0px;padding: 0px 0px 16px;font-family: Lato, sans-serif;font-weight: bold;line-height: 3rem;color: var(--dark-grey3);font-size: 22px;font-style: normal;letter-spacing: normal;text-align: start;text-indent: 0px;text-transform: none\">Informa\u00e7\u00f5es t\u00e9cnicas<\/h4>\n<p><span style=\"margin: 0px;padding: 0px;font-weight: 450;font-size: 14px;line-height: 21px;color: var(--dark-grey2);font-family: Lato, sans-serif;font-style: normal;letter-spacing: normal;text-align: start;text-indent: 0px;text-transform: none\">Caixa de ferramentas de pl\u00e1stico resistente.<br \/>\nBase preta e tampa cinza com trava e al\u00e7a laranja.<br \/>\nInclui bandeja interna.<br \/>\n43,5CM<br \/>\nArqplast<br \/>\nPolipropileno <\/span><\/p>\n","protected":false},"featured_media":24853,"template":"","meta":{"_joinchat":[]},"product_brand":[],"product_cat":[98],"product_tag":[],"class_list":{"0":"post-17124","1":"product","2":"type-product","3":"status-publish","4":"has-post-thumbnail","6":"product_cat-organizadores","8":"first","9":"instock","10":"shipping-taxable","11":"purchasable","12":"product-type-simple"},"_links":{"self":[{"href":"https:\/\/www.multicasa.com.br\/cuiaba\/wp-json\/wp\/v2\/product\/17124","targetHints":{"allow":["GET"]}}],"collection":[{"href":"https:\/\/www.multicasa.com.br\/cuiaba\/wp-json\/wp\/v2\/product"}],"about":[{"href":"https:\/\/www.multicasa.com.br\/cuiaba\/wp-json\/wp\/v2\/types\/product"}],"wp:featuredmedia":[{"embeddable":true,"href":"https:\/\/www.multicasa.com.br\/cuiaba\/wp-json\/wp\/v2\/media\/24853"}],"wp:attachment":[{"href":"https:\/\/www.multicasa.com.br\/cuiaba\/wp-json\/wp\/v2\/media?parent=17124"}],"wp:term":[{"taxonomy":"product_brand","embeddable":true,"href":"https:\/\/www.multicasa.com.br\/cuiaba\/wp-json\/wp\/v2\/product_brand?post=17124"},{"taxonomy":"product_cat","embeddable":true,"href":"https:\/\/www.multicasa.com.br\/cuiaba\/wp-json\/wp\/v2\/product_cat?post=17124"},{"taxonomy":"product_tag","embeddable":true,"href":"https:\/\/www.multicasa.com.br\/cuiaba\/wp-json\/wp\/v2\/product_tag?post=17124"}],"curies":[{"name":"wp","href":"https:\/\/api.w.org\/{rel}","templated":true}]}}