{"id":17135,"date":"2025-06-20T19:16:58","date_gmt":"2025-06-20T23:16:58","guid":{"rendered":"http:\/\/www.multicasa.com.br\/cuiaba\/?post_type=product&#038;p=17135"},"modified":"2025-10-06T14:34:49","modified_gmt":"2025-10-06T18:34:49","slug":"placa-cega-c-sup-4x2-liz-grafite","status":"publish","type":"product","link":"https:\/\/www.multicasa.com.br\/cuiaba\/produto\/placa-cega-c-sup-4x2-liz-grafite\/","title":{"rendered":"PLACA CEGA C\/SUP. 4X2 LIZ GRAFITE<br>SKU: 2200360"},"content":{"rendered":"<p>Para dar o acabamento perfeito para a instala\u00e7\u00e3o el\u00e9trica da sua casa, o conjunto placa cega 4&#215;2 Tramontina Liz grafite \u00e9 indispens\u00e1vel. Moderno e cheio de estilo, ele tem fabrica\u00e7\u00e3o em termopl\u00e1stico com acabamento brilho na cor grafite e vai deixar seus ambientes muito mais bonitos e elegantes. Seu sistema \u00e9 modular e seu ajuste \u00e9 gradual entre a placa e o suporte, o que proporciona um acabamento perfeito da placa com a parede. O conjunto ainda possui furo oblongo que facilita a fixa\u00e7\u00e3o e a regulagem da placa \u00e0 parede e furos especiais para a fixa\u00e7\u00e3o em parede de madeira, que n\u00e3o fica aparente. Escolha Tramontina e deixe seus projetos el\u00e9tricos impec\u00e1veis!<\/p>\n","protected":false},"excerpt":{"rendered":"<h4 style=\"margin: 0px;padding: 0px 0px 16px;font-family: Lato, sans-serif;font-weight: bold;line-height: 3rem;color: var(--dark-grey3);font-size: 22px;font-style: normal;letter-spacing: normal;text-align: start;text-indent: 0px;text-transform: none\">Informa\u00e7\u00f5es t\u00e9cnicas<\/h4>\n<p><span style=\"margin: 0px;padding: 0px;font-weight: 450;font-size: 14px;line-height: 21px;color: var(--dark-grey2);font-family: Lato, sans-serif;font-style: normal;letter-spacing: normal;text-align: start;text-indent: 0px;text-transform: none\">Acabamento brilho na cor grafite.<\/span><\/p>\n","protected":false},"featured_media":25728,"template":"","meta":{"_joinchat":[]},"product_brand":[],"product_cat":[144],"product_tag":[],"class_list":{"0":"post-17135","1":"product","2":"type-product","3":"status-publish","4":"has-post-thumbnail","6":"product_cat-tomadas-e-cia","8":"first","9":"instock","10":"shipping-taxable","11":"purchasable","12":"product-type-simple"},"_links":{"self":[{"href":"https:\/\/www.multicasa.com.br\/cuiaba\/wp-json\/wp\/v2\/product\/17135","targetHints":{"allow":["GET"]}}],"collection":[{"href":"https:\/\/www.multicasa.com.br\/cuiaba\/wp-json\/wp\/v2\/product"}],"about":[{"href":"https:\/\/www.multicasa.com.br\/cuiaba\/wp-json\/wp\/v2\/types\/product"}],"wp:featuredmedia":[{"embeddable":true,"href":"https:\/\/www.multicasa.com.br\/cuiaba\/wp-json\/wp\/v2\/media\/25728"}],"wp:attachment":[{"href":"https:\/\/www.multicasa.com.br\/cuiaba\/wp-json\/wp\/v2\/media?parent=17135"}],"wp:term":[{"taxonomy":"product_brand","embeddable":true,"href":"https:\/\/www.multicasa.com.br\/cuiaba\/wp-json\/wp\/v2\/product_brand?post=17135"},{"taxonomy":"product_cat","embeddable":true,"href":"https:\/\/www.multicasa.com.br\/cuiaba\/wp-json\/wp\/v2\/product_cat?post=17135"},{"taxonomy":"product_tag","embeddable":true,"href":"https:\/\/www.multicasa.com.br\/cuiaba\/wp-json\/wp\/v2\/product_tag?post=17135"}],"curies":[{"name":"wp","href":"https:\/\/api.w.org\/{rel}","templated":true}]}}