{"id":17138,"date":"2025-06-20T19:16:59","date_gmt":"2025-06-20T23:16:59","guid":{"rendered":"http:\/\/www.multicasa.com.br\/cuiaba\/?post_type=product&#038;p=17138"},"modified":"2025-10-06T14:34:54","modified_gmt":"2025-10-06T18:34:54","slug":"interruptor-simples-liz-10a-250v-grafite","status":"publish","type":"product","link":"https:\/\/www.multicasa.com.br\/cuiaba\/produto\/interruptor-simples-liz-10a-250v-grafite\/","title":{"rendered":"INTERRUPTOR SIMPLES LIZ 10A\/250V GRAFITE<br>SKU: 2200369"},"content":{"rendered":"<p>O conjunto 4&#215;2 com 1 interruptor simples 10 A 250 V Tramontina Liz grafite \u00e9 a escolha ideal para iluminar seus ambientes e deix\u00e1-los muito mais modernos e cheios de estilo. Desenvolvido em termopl\u00e1stico com acabamento brilho, ele n\u00e3o ret\u00e9m poeira e une a qualidade e praticidade, que s\u00e3o essenciais para nosso dia a dia. Seu sistema \u00e9 modular, com gradual ajuste entre a placa e o suporte, o que proporciona um perfeito acabamento da placa com a parede. Ele ainda possui furo oblongo que facilita a fixa\u00e7\u00e3o e a regulagem da placa \u00e0 parede e furos espec\u00edficos para parede de madeira. Sua fixa\u00e7\u00e3o n\u00e3o \u00e9 aparente e deixa o acabamento impec\u00e1vel!<\/p>\n","protected":false},"excerpt":{"rendered":"<h4 style=\"margin: 0px;padding: 0px 0px 16px;font-family: Lato, sans-serif;font-weight: bold;line-height: 3rem;color: var(--dark-grey3);font-size: 22px;font-style: normal;letter-spacing: normal;text-align: start;text-indent: 0px;text-transform: none\">Informa\u00e7\u00f5es t\u00e9cnicas<\/h4>\n<p><span style=\"margin: 0px;padding: 0px;font-weight: 450;font-size: 14px;line-height: 21px;color: var(--dark-grey2);font-family: Lato, sans-serif;font-style: normal;letter-spacing: normal;text-align: start;text-indent: 0px;text-transform: none\">Acabamento brilho na cor grafite.<\/span><\/p>\n","protected":false},"featured_media":27347,"template":"","meta":{"_joinchat":[]},"product_brand":[],"product_cat":[144],"product_tag":[],"class_list":{"0":"post-17138","1":"product","2":"type-product","3":"status-publish","4":"has-post-thumbnail","6":"product_cat-tomadas-e-cia","8":"first","9":"instock","10":"shipping-taxable","11":"purchasable","12":"product-type-simple"},"_links":{"self":[{"href":"https:\/\/www.multicasa.com.br\/cuiaba\/wp-json\/wp\/v2\/product\/17138","targetHints":{"allow":["GET"]}}],"collection":[{"href":"https:\/\/www.multicasa.com.br\/cuiaba\/wp-json\/wp\/v2\/product"}],"about":[{"href":"https:\/\/www.multicasa.com.br\/cuiaba\/wp-json\/wp\/v2\/types\/product"}],"wp:featuredmedia":[{"embeddable":true,"href":"https:\/\/www.multicasa.com.br\/cuiaba\/wp-json\/wp\/v2\/media\/27347"}],"wp:attachment":[{"href":"https:\/\/www.multicasa.com.br\/cuiaba\/wp-json\/wp\/v2\/media?parent=17138"}],"wp:term":[{"taxonomy":"product_brand","embeddable":true,"href":"https:\/\/www.multicasa.com.br\/cuiaba\/wp-json\/wp\/v2\/product_brand?post=17138"},{"taxonomy":"product_cat","embeddable":true,"href":"https:\/\/www.multicasa.com.br\/cuiaba\/wp-json\/wp\/v2\/product_cat?post=17138"},{"taxonomy":"product_tag","embeddable":true,"href":"https:\/\/www.multicasa.com.br\/cuiaba\/wp-json\/wp\/v2\/product_tag?post=17138"}],"curies":[{"name":"wp","href":"https:\/\/api.w.org\/{rel}","templated":true}]}}