{"id":17146,"date":"2025-06-20T19:17:00","date_gmt":"2025-06-20T23:17:00","guid":{"rendered":"http:\/\/www.multicasa.com.br\/cuiaba\/?post_type=product&#038;p=17146"},"modified":"2026-03-25T15:50:38","modified_gmt":"2026-03-25T19:50:38","slug":"tomada-2pt-10a-250v-grafite","status":"publish","type":"product","link":"https:\/\/www.multicasa.com.br\/cuiaba\/produto\/tomada-2pt-10a-250v-grafite\/","title":{"rendered":"TOMADA 2P+T 10A 250V GRAFITE<br>SKU: 2200401"},"content":{"rendered":"<p>Com o conjunto 4&#215;2 com 1 tomada 2P+T 10 A 250 V Tramontina Liz grafite voc\u00ea ir\u00e1 agregar muito mais charme e modernidade em suas instala\u00e7\u00f5es el\u00e9tricas. Desenvolvido em termopl\u00e1stico com acabamento brilho na cor grafite, ele n\u00e3o ret\u00e9m poeira e agrega muito mais qualidade na hora de ligar seus equipamentos. O sistema \u00e9 modular, com gradual ajuste entre a placa e o suporte e proporciona um acabamento perfeito da placa com a parede. Sua fixa\u00e7\u00e3o n\u00e3o \u00e9 aparente e ele ainda conta com furo oblongo que facilita a regulagem da placa \u00e0 parede, al\u00e9m de furos para a fixa\u00e7\u00e3o em parede de madeira. Um item para quem cuida e preza por todos os detalhes!<\/p>\n","protected":false},"excerpt":{"rendered":"<h4 style=\"margin: 0px;padding: 0px 0px 16px;font-family: Lato, sans-serif;font-weight: bold;line-height: 3rem;color: var(--dark-grey3);font-size: 22px;font-style: normal;letter-spacing: normal;text-align: start;text-indent: 0px;text-transform: none\">Informa\u00e7\u00f5es t\u00e9cnicas<\/h4>\n<p><span style=\"margin: 0px;padding: 0px;font-weight: 450;font-size: 14px;line-height: 21px;color: var(--dark-grey2);font-family: Lato, sans-serif;font-style: normal;letter-spacing: normal;text-align: start;text-indent: 0px;text-transform: none\">Acabamento brilho na cor grafite.<\/span><\/p>\n","protected":false},"featured_media":26096,"template":"","meta":{"_joinchat":[]},"product_brand":[],"product_cat":[144],"product_tag":[],"class_list":{"0":"post-17146","1":"product","2":"type-product","3":"status-publish","4":"has-post-thumbnail","6":"product_cat-tomadas-e-cia","8":"first","9":"instock","10":"shipping-taxable","11":"purchasable","12":"product-type-simple"},"_links":{"self":[{"href":"https:\/\/www.multicasa.com.br\/cuiaba\/wp-json\/wp\/v2\/product\/17146","targetHints":{"allow":["GET"]}}],"collection":[{"href":"https:\/\/www.multicasa.com.br\/cuiaba\/wp-json\/wp\/v2\/product"}],"about":[{"href":"https:\/\/www.multicasa.com.br\/cuiaba\/wp-json\/wp\/v2\/types\/product"}],"wp:featuredmedia":[{"embeddable":true,"href":"https:\/\/www.multicasa.com.br\/cuiaba\/wp-json\/wp\/v2\/media\/26096"}],"wp:attachment":[{"href":"https:\/\/www.multicasa.com.br\/cuiaba\/wp-json\/wp\/v2\/media?parent=17146"}],"wp:term":[{"taxonomy":"product_brand","embeddable":true,"href":"https:\/\/www.multicasa.com.br\/cuiaba\/wp-json\/wp\/v2\/product_brand?post=17146"},{"taxonomy":"product_cat","embeddable":true,"href":"https:\/\/www.multicasa.com.br\/cuiaba\/wp-json\/wp\/v2\/product_cat?post=17146"},{"taxonomy":"product_tag","embeddable":true,"href":"https:\/\/www.multicasa.com.br\/cuiaba\/wp-json\/wp\/v2\/product_tag?post=17146"}],"curies":[{"name":"wp","href":"https:\/\/api.w.org\/{rel}","templated":true}]}}