{"id":17148,"date":"2025-06-20T19:17:00","date_gmt":"2025-06-20T23:17:00","guid":{"rendered":"http:\/\/www.multicasa.com.br\/cuiaba\/?post_type=product&#038;p=17148"},"modified":"2026-03-25T15:50:50","modified_gmt":"2026-03-25T19:50:50","slug":"interruptor-simples-10a-tomada-2pt-10a-liz-grafite","status":"publish","type":"product","link":"https:\/\/www.multicasa.com.br\/cuiaba\/produto\/interruptor-simples-10a-tomada-2pt-10a-liz-grafite\/","title":{"rendered":"INTERRUPTOR SIMPLES 10A + TOMADA 2P+T 10A LIZ GRAFITE<br>SKU: 2200404"},"content":{"rendered":"<p>Suas instala\u00e7\u00f5es el\u00e9tricas e seus ambientes merecem contar com o que h\u00e1 de moderno. E assim, \u00e9 o conjunto 4&#215;2 com 1 interruptor simples 10 A 250 V e 1 tomada 2P+T 10 A 250 V Tramontina Liz grafite. Fabricado em termopl\u00e1stico com acabamento brilho na cor grafite, ele tem sistema \u00e9 modular, com gradual ajuste entre a placa e o suporte, proporciona perfeito acabamento da placa com a parede e n\u00e3o tem sua fixa\u00e7\u00e3o aparente. O conjunto ainda conta com furo oblongo que facilita a fixa\u00e7\u00e3o e a regulagem da placa \u00e0 parede e furos espec\u00edficos para a fixa\u00e7\u00e3o em paredes de madeira. Um item essencial para quem n\u00e3o abre m\u00e3o da versatilidade e da beleza em todos os detalhes!<\/p>\n","protected":false},"excerpt":{"rendered":"<h4 style=\"margin: 0px;padding: 0px 0px 16px;font-family: Lato, sans-serif;font-weight: bold;line-height: 3rem;color: var(--dark-grey3);font-size: 22px;font-style: normal;letter-spacing: normal;text-align: start;text-indent: 0px;text-transform: none\">Informa\u00e7\u00f5es t\u00e9cnicas<\/h4>\n<p><span style=\"margin: 0px;padding: 0px;font-weight: 450;font-size: 14px;line-height: 21px;color: var(--dark-grey2);font-family: Lato, sans-serif;font-style: normal;letter-spacing: normal;text-align: start;text-indent: 0px;text-transform: none\">Acabamento brilho na cor grafite.<\/span><\/p>\n","protected":false},"featured_media":25310,"template":"","meta":{"_joinchat":[]},"product_brand":[],"product_cat":[144],"product_tag":[],"class_list":{"0":"post-17148","1":"product","2":"type-product","3":"status-publish","4":"has-post-thumbnail","6":"product_cat-tomadas-e-cia","8":"first","9":"instock","10":"shipping-taxable","11":"purchasable","12":"product-type-simple"},"_links":{"self":[{"href":"https:\/\/www.multicasa.com.br\/cuiaba\/wp-json\/wp\/v2\/product\/17148","targetHints":{"allow":["GET"]}}],"collection":[{"href":"https:\/\/www.multicasa.com.br\/cuiaba\/wp-json\/wp\/v2\/product"}],"about":[{"href":"https:\/\/www.multicasa.com.br\/cuiaba\/wp-json\/wp\/v2\/types\/product"}],"wp:featuredmedia":[{"embeddable":true,"href":"https:\/\/www.multicasa.com.br\/cuiaba\/wp-json\/wp\/v2\/media\/25310"}],"wp:attachment":[{"href":"https:\/\/www.multicasa.com.br\/cuiaba\/wp-json\/wp\/v2\/media?parent=17148"}],"wp:term":[{"taxonomy":"product_brand","embeddable":true,"href":"https:\/\/www.multicasa.com.br\/cuiaba\/wp-json\/wp\/v2\/product_brand?post=17148"},{"taxonomy":"product_cat","embeddable":true,"href":"https:\/\/www.multicasa.com.br\/cuiaba\/wp-json\/wp\/v2\/product_cat?post=17148"},{"taxonomy":"product_tag","embeddable":true,"href":"https:\/\/www.multicasa.com.br\/cuiaba\/wp-json\/wp\/v2\/product_tag?post=17148"}],"curies":[{"name":"wp","href":"https:\/\/api.w.org\/{rel}","templated":true}]}}