{"id":17151,"date":"2025-06-20T19:17:00","date_gmt":"2025-06-20T23:17:00","guid":{"rendered":"http:\/\/www.multicasa.com.br\/cuiaba\/?post_type=product&#038;p=17151"},"modified":"2025-11-21T11:05:57","modified_gmt":"2025-11-21T15:05:57","slug":"interruptor-liz-2ts1to-3p-grafite","status":"publish","type":"product","link":"https:\/\/www.multicasa.com.br\/cuiaba\/produto\/interruptor-liz-2ts1to-3p-grafite\/","title":{"rendered":"INTERRUPTOR LIZ 2TS+1TO 3P GRAFITE<br>SKU: 2200410"},"content":{"rendered":"<p>&#8221;<br \/>\nA qualidade, versatilidade e a beleza que voc\u00ea busca em seus projetos el\u00e9tricos est\u00e1 presente em todos os detalhes do conjunto 4&#215;2 com 2 interruptores simples 10 A 250 V e 1 tomada 2P+T 10 A 250 V Tramontina Liz grafite. Com sistema modular com gradual ajuste entre a placa e o suporte, ele proporciona um acabamento perfeito da placa com a parede, al\u00e9m de ter fixa\u00e7\u00e3o que n\u00e3o fica aparente. Sua fabrica\u00e7\u00e3o \u00e9 em termopl\u00e1stico com acabamento brilho, material que n\u00e3o ret\u00e9m poeira e agrega qualidade e praticidade. Al\u00e9m dessas caracter\u00edsticas, o conjunto possui furo oblongo que facilita a fixa\u00e7\u00e3o e a regulagem da placa \u00e0 parede e furos espec\u00edficos para a fixa\u00e7\u00e3o em paredes de madeira!&#8221;<\/p>\n","protected":false},"excerpt":{"rendered":"<h4 style=\"margin: 0px;padding: 0px 0px 16px;font-family: Lato, sans-serif;font-weight: bold;line-height: 3rem;color: var(--dark-grey3);font-size: 22px;font-style: normal;letter-spacing: normal;text-align: start;text-indent: 0px;text-transform: none\">Informa\u00e7\u00f5es t\u00e9cnicas<\/h4>\n<p><span style=\"margin: 0px;padding: 0px;font-weight: 450;font-size: 14px;line-height: 21px;color: var(--dark-grey2);font-family: Lato, sans-serif;font-style: normal;letter-spacing: normal;text-align: start;text-indent: 0px;text-transform: none\">Acabamento brilho na cor grafite.<\/span><\/p>\n","protected":false},"featured_media":25306,"template":"","meta":{"_joinchat":[]},"product_brand":[],"product_cat":[144],"product_tag":[],"class_list":{"0":"post-17151","1":"product","2":"type-product","3":"status-publish","4":"has-post-thumbnail","6":"product_cat-tomadas-e-cia","8":"first","9":"instock","10":"shipping-taxable","11":"purchasable","12":"product-type-simple"},"_links":{"self":[{"href":"https:\/\/www.multicasa.com.br\/cuiaba\/wp-json\/wp\/v2\/product\/17151","targetHints":{"allow":["GET"]}}],"collection":[{"href":"https:\/\/www.multicasa.com.br\/cuiaba\/wp-json\/wp\/v2\/product"}],"about":[{"href":"https:\/\/www.multicasa.com.br\/cuiaba\/wp-json\/wp\/v2\/types\/product"}],"wp:featuredmedia":[{"embeddable":true,"href":"https:\/\/www.multicasa.com.br\/cuiaba\/wp-json\/wp\/v2\/media\/25306"}],"wp:attachment":[{"href":"https:\/\/www.multicasa.com.br\/cuiaba\/wp-json\/wp\/v2\/media?parent=17151"}],"wp:term":[{"taxonomy":"product_brand","embeddable":true,"href":"https:\/\/www.multicasa.com.br\/cuiaba\/wp-json\/wp\/v2\/product_brand?post=17151"},{"taxonomy":"product_cat","embeddable":true,"href":"https:\/\/www.multicasa.com.br\/cuiaba\/wp-json\/wp\/v2\/product_cat?post=17151"},{"taxonomy":"product_tag","embeddable":true,"href":"https:\/\/www.multicasa.com.br\/cuiaba\/wp-json\/wp\/v2\/product_tag?post=17151"}],"curies":[{"name":"wp","href":"https:\/\/api.w.org\/{rel}","templated":true}]}}