{"id":17152,"date":"2025-06-20T19:17:00","date_gmt":"2025-06-20T23:17:00","guid":{"rendered":"http:\/\/www.multicasa.com.br\/cuiaba\/?post_type=product&#038;p=17152"},"modified":"2025-11-29T11:04:58","modified_gmt":"2025-11-29T15:04:58","slug":"rejunte-p-porc-resinado-1kg-palha","status":"publish","type":"product","link":"https:\/\/www.multicasa.com.br\/cuiaba\/produto\/rejunte-p-porc-resinado-1kg-palha\/","title":{"rendered":"REJUNTE P\/ PORC. RESINADO 1KG PALHA<br>SKU: 2200622"},"content":{"rendered":"<p>Rejunte resinado porcelanato \u00e9 indicado para rejuntamento de 1 mm a 16 mm de espessura. pode ser usado em \u00e1reas internas e externas secas ou \u00famidas piscinas e saunas \u00e9 compat\u00edvel com revestimentos cer\u00e2micos porcelanatos m\u00e1rmore granito ard\u00f3sia gr\u00eas semi-gr\u00eas pastilhas de coco e bambu.   *n\u00e3o \u00e9 indicado para uso em fornos estufas churrasqueiras e c\u00e2maras frigor\u00edficas.   peso l\u00edq.: 1KG. <\/p>\n","protected":false},"excerpt":{"rendered":"<h4 style=\"margin: 0px;padding: 0px 0px 16px;font-family: Lato, sans-serif;font-weight: bold;line-height: 3rem;color: var(--dark-grey3);font-size: 22px;font-style: normal;letter-spacing: normal;text-align: start;text-indent: 0px;text-transform: none\">Informa\u00e7\u00f5es t\u00e9cnicas<\/h4>\n<p><span style=\"margin: 0px;padding: 0px;font-weight: 450;font-size: 14px;line-height: 21px;color: var(--dark-grey2);font-family: Lato, sans-serif;font-style: normal;letter-spacing: normal;text-align: start;text-indent: 0px;text-transform: none\">Uso: interno e externo<br \/>\n\u00c1reas: secas e \u00famidas<br \/>\nJuntas: 1 a 16 mm<br \/>\nTIPOS DE REVESTIMENTOS COMPAT\u00cdVEIS:<br \/>\nCer\u00e2micas, porcelanatos, porcelanatos gr\u00e9s, pedras naturais: m\u00e1rmores, granitos, ard\u00f3sias, pedra mineira, pedra miracema, gr\u00eas e semigr\u00e9s.<br \/>\nSUPERF\u00cdCIE DE APLICA\u00c7\u00c3O<br \/>\n-Superf\u00edcie livre de sujeira, seca, partes soltas e outros contaminantes<br \/>\n-Superf\u00edcie com 72 horas ap\u00f3s o assentamento do revestimento<br \/>\nTEMPO*<br \/>\nTrabalhabilidade: 2h30<br \/>\nLimpeza com uma esponja limpa e \u00famida: 12 horas<br \/>\nLibera\u00e7\u00e3o para tr\u00e1fego normal: 24 horas<br \/>\nCor: Palha<\/span><\/p>\n","protected":false},"featured_media":27476,"template":"","meta":{"_joinchat":[]},"product_brand":[],"product_cat":[147],"product_tag":[],"class_list":{"0":"post-17152","1":"product","2":"type-product","3":"status-publish","4":"has-post-thumbnail","6":"product_cat-basicos","8":"first","9":"instock","10":"shipping-taxable","11":"purchasable","12":"product-type-simple"},"_links":{"self":[{"href":"https:\/\/www.multicasa.com.br\/cuiaba\/wp-json\/wp\/v2\/product\/17152","targetHints":{"allow":["GET"]}}],"collection":[{"href":"https:\/\/www.multicasa.com.br\/cuiaba\/wp-json\/wp\/v2\/product"}],"about":[{"href":"https:\/\/www.multicasa.com.br\/cuiaba\/wp-json\/wp\/v2\/types\/product"}],"wp:featuredmedia":[{"embeddable":true,"href":"https:\/\/www.multicasa.com.br\/cuiaba\/wp-json\/wp\/v2\/media\/27476"}],"wp:attachment":[{"href":"https:\/\/www.multicasa.com.br\/cuiaba\/wp-json\/wp\/v2\/media?parent=17152"}],"wp:term":[{"taxonomy":"product_brand","embeddable":true,"href":"https:\/\/www.multicasa.com.br\/cuiaba\/wp-json\/wp\/v2\/product_brand?post=17152"},{"taxonomy":"product_cat","embeddable":true,"href":"https:\/\/www.multicasa.com.br\/cuiaba\/wp-json\/wp\/v2\/product_cat?post=17152"},{"taxonomy":"product_tag","embeddable":true,"href":"https:\/\/www.multicasa.com.br\/cuiaba\/wp-json\/wp\/v2\/product_tag?post=17152"}],"curies":[{"name":"wp","href":"https:\/\/api.w.org\/{rel}","templated":true}]}}