{"id":17201,"date":"2025-06-20T19:17:19","date_gmt":"2025-06-20T23:17:19","guid":{"rendered":"http:\/\/www.multicasa.com.br\/cuiaba\/?post_type=product&#038;p=17201"},"modified":"2026-04-22T16:00:13","modified_gmt":"2026-04-22T20:00:13","slug":"lampada-de-led-branca-taschibra-40w-bivolt","status":"publish","type":"product","link":"https:\/\/www.multicasa.com.br\/cuiaba\/produto\/lampada-de-led-branca-taschibra-40w-bivolt\/","title":{"rendered":"L\u00e2mpada de Led Branca Taschibra 40W Bivolt<br>SKU: 2206419"},"content":{"rendered":"<p>Voc\u00ea pode iluminar com maior efici\u00eancia qualquer tipo de ambiente usando a l\u00e2mpada de LED branca Taschibra. Garante at\u00e9 80% de economia, alta durabilidade e pode ser usado em salas, cozinhas, banheiros, quartos e outros c\u00f4modos, transmitindo sensa\u00e7\u00e3o de relaxamento. Bivolt, possui 40w de pot\u00eancia e temperatura da cor em 6500k. Deve ser usada no bocal compat\u00edvel com o soquete E27 e possui fluxo luminoso de 1800 lumens.<\/p>\n","protected":false},"excerpt":{"rendered":"<h4 style=\"margin: 0px; padding: 0px 0px 16px; font-family: Lato, sans-serif; font-weight: bold; line-height: 3rem; color: var(--dark-grey3); font-size: 22px; font-style: normal; letter-spacing: normal; text-align: start; text-indent: 0px; text-transform: none;\">Informa\u00e7\u00f5es t\u00e9cnicas<\/h4>\n<p><span style=\"margin: 0px; padding: 0px; font-weight: 450; font-size: 14px; line-height: 21px; color: var(--dark-grey2); font-family: Lato, sans-serif; font-style: normal; letter-spacing: normal; text-align: start; text-indent: 0px; text-transform: none;\">Produto: L\u00e2mpada<br \/>\nMarca: Taschibra<br \/>\nModelo: High Led TKL 100<br \/>\nMaterial: Policarbonato<br \/>\nAlum\u00ednio<\/span><\/p>\n","protected":false},"featured_media":25402,"template":"","meta":{"_joinchat":[]},"product_brand":[],"product_cat":[80,171],"product_tag":[],"class_list":{"0":"post-17201","1":"product","2":"type-product","3":"status-publish","4":"has-post-thumbnail","6":"product_cat-lampadas","7":"product_cat-ofertas","9":"first","10":"instock","11":"featured","12":"shipping-taxable","13":"purchasable","14":"product-type-simple"},"_links":{"self":[{"href":"https:\/\/www.multicasa.com.br\/cuiaba\/wp-json\/wp\/v2\/product\/17201","targetHints":{"allow":["GET"]}}],"collection":[{"href":"https:\/\/www.multicasa.com.br\/cuiaba\/wp-json\/wp\/v2\/product"}],"about":[{"href":"https:\/\/www.multicasa.com.br\/cuiaba\/wp-json\/wp\/v2\/types\/product"}],"wp:featuredmedia":[{"embeddable":true,"href":"https:\/\/www.multicasa.com.br\/cuiaba\/wp-json\/wp\/v2\/media\/25402"}],"wp:attachment":[{"href":"https:\/\/www.multicasa.com.br\/cuiaba\/wp-json\/wp\/v2\/media?parent=17201"}],"wp:term":[{"taxonomy":"product_brand","embeddable":true,"href":"https:\/\/www.multicasa.com.br\/cuiaba\/wp-json\/wp\/v2\/product_brand?post=17201"},{"taxonomy":"product_cat","embeddable":true,"href":"https:\/\/www.multicasa.com.br\/cuiaba\/wp-json\/wp\/v2\/product_cat?post=17201"},{"taxonomy":"product_tag","embeddable":true,"href":"https:\/\/www.multicasa.com.br\/cuiaba\/wp-json\/wp\/v2\/product_tag?post=17201"}],"curies":[{"name":"wp","href":"https:\/\/api.w.org\/{rel}","templated":true}]}}