{"id":17202,"date":"2025-06-20T19:17:20","date_gmt":"2025-06-20T23:17:20","guid":{"rendered":"http:\/\/www.multicasa.com.br\/cuiaba\/?post_type=product&#038;p=17202"},"modified":"2025-11-10T18:04:35","modified_gmt":"2025-11-10T22:04:35","slug":"suporte-varao-28mm-bc-bella-art","status":"publish","type":"product","link":"https:\/\/www.multicasa.com.br\/cuiaba\/produto\/suporte-varao-28mm-bc-bella-art\/","title":{"rendered":"SUPORTE VAR\u00c3O 28MM BC BELLA ART<br>SKU: 2206546"},"content":{"rendered":"<p>Bella Arte tem uma solu\u00e7\u00e3o completa em acess\u00f3rios para var\u00e3o, atendendo o crescente varejo de cortinas prontas e tamb\u00e9m o exigente varejo para profissionais e cortineiros.<\/p>\n","protected":false},"excerpt":{"rendered":"<h4 style=\"margin: 0px;padding: 0px 0px 16px;font-family: Lato, sans-serif;font-weight: bold;line-height: 3rem;color: var(--dark-grey3);font-size: 22px;font-style: normal;letter-spacing: normal;text-align: start;text-indent: 0px;text-transform: none\">Informa\u00e7\u00f5es t\u00e9cnicas<\/h4>\n<p><span style=\"margin: 0px;padding: 0px;font-weight: 450;font-size: 14px;line-height: 21px;color: var(--dark-grey2);font-family: Lato, sans-serif;font-style: normal;letter-spacing: normal;text-align: start;text-indent: 0px;text-transform: none\">&#8211; Cont\u00e9m: 01 Suporte para Var\u00e3o 28mm;<br \/>\n&#8211; Simples acompanha: 1 parafuso, 1 bucha 6mm e 1 ponteira(Para Var\u00e3o de 28mm);<br \/>\n&#8211; Marca: Bella Arte;<br \/>\n&#8211; Composi\u00e7\u00e3o: Polipropileno.<br \/>\n<\/span><\/p>\n","protected":false},"featured_media":26034,"template":"","meta":{"_joinchat":[]},"product_brand":[],"product_cat":[141],"product_tag":[],"class_list":{"0":"post-17202","1":"product","2":"type-product","3":"status-publish","4":"has-post-thumbnail","6":"product_cat-marcenaria","8":"first","9":"instock","10":"shipping-taxable","11":"purchasable","12":"product-type-simple"},"_links":{"self":[{"href":"https:\/\/www.multicasa.com.br\/cuiaba\/wp-json\/wp\/v2\/product\/17202","targetHints":{"allow":["GET"]}}],"collection":[{"href":"https:\/\/www.multicasa.com.br\/cuiaba\/wp-json\/wp\/v2\/product"}],"about":[{"href":"https:\/\/www.multicasa.com.br\/cuiaba\/wp-json\/wp\/v2\/types\/product"}],"wp:featuredmedia":[{"embeddable":true,"href":"https:\/\/www.multicasa.com.br\/cuiaba\/wp-json\/wp\/v2\/media\/26034"}],"wp:attachment":[{"href":"https:\/\/www.multicasa.com.br\/cuiaba\/wp-json\/wp\/v2\/media?parent=17202"}],"wp:term":[{"taxonomy":"product_brand","embeddable":true,"href":"https:\/\/www.multicasa.com.br\/cuiaba\/wp-json\/wp\/v2\/product_brand?post=17202"},{"taxonomy":"product_cat","embeddable":true,"href":"https:\/\/www.multicasa.com.br\/cuiaba\/wp-json\/wp\/v2\/product_cat?post=17202"},{"taxonomy":"product_tag","embeddable":true,"href":"https:\/\/www.multicasa.com.br\/cuiaba\/wp-json\/wp\/v2\/product_tag?post=17202"}],"curies":[{"name":"wp","href":"https:\/\/api.w.org\/{rel}","templated":true}]}}