{"id":17227,"date":"2025-06-20T19:17:29","date_gmt":"2025-06-20T23:17:29","guid":{"rendered":"http:\/\/www.multicasa.com.br\/cuiaba\/?post_type=product&#038;p=17227"},"modified":"2025-11-27T12:04:48","modified_gmt":"2025-11-27T16:04:48","slug":"argila-expandida-2l-aduba-terra","status":"publish","type":"product","link":"https:\/\/www.multicasa.com.br\/cuiaba\/produto\/argila-expandida-2l-aduba-terra\/","title":{"rendered":"ARGILA EXPANDIDA 2L ADUBA TERRA<br>SKU: 2209348"},"content":{"rendered":"<p>A argila expandida \u00e9 um agregado leve que tem como principal fun\u00e7\u00e3o a drenagem da \u00e1gua para evitar que plantas e flores apodre\u00e7am com o excesso de umidade no vaso (encharcamento).<br \/>\nSem a drenagem, com o passar do tempo e das regas o solo fica muito compacto e n\u00e3o consegue mais eliminar o excesso de \u00e1gua do vaso, e consequentemente, a raizes apodrecem e a planta morre. T\u00e3o importante quanto ao vaso e ao substrato, a argila expandida acaba se tornando essencial para qualquer jardineiro.<\/p>\n","protected":false},"excerpt":{"rendered":"<h4 style=\"margin: 0px;padding: 0px 0px 16px;font-family: Lato, sans-serif;font-weight: bold;line-height: 3rem;color: var(--dark-grey3);font-size: 22px;font-style: normal;letter-spacing: normal;text-align: start;text-indent: 0px;text-transform: none\">Informa\u00e7\u00f5es t\u00e9cnicas<\/h4>\n<p><span style=\"margin: 0px;padding: 0px;font-weight: 450;font-size: 14px;line-height: 21px;color: var(--dark-grey2);font-family: Lato, sans-serif;font-style: normal;letter-spacing: normal;text-align: start;text-indent: 0px;text-transform: none\">Aplica\u00e7\u00e3o: Horticultura, floricultura e servi\u00e7os gerais de jardinagem.<br \/>\nModo de uso:<br \/>\n&#8211; Lavar bem antes de usar<br \/>\n&#8211; Adicionar uma camada de argila no fundo do vaso<br \/>\n&#8211; Colocar uma manta de drenagem (bidim)<br \/>\n&#8211; Preencher com substrato e plantar em seguida<br \/>\nInforma\u00e7\u00f5es:<br \/>\n&#8211; Melhora a drenagem no vaso<br \/>\n&#8211; Ajuda a reter os nutrientes<br \/>\n&#8211; Auxilia na reten\u00e7\u00e3o de \u00e1gua<br \/>\n&#8211; Permite isolamento t\u00e9rmico protegendo as ra\u00edzes<br \/>\n&#8211; Alta durabilidade<br \/>\nCaracter\u00edsticas:<br \/>\n&#8211; Tamanho m\u00e9dio da argila 20-30mm<br \/>\n&#8211; Volume total: 2 litros<br \/>\n&#8211; Peso total: 1kg<\/span><\/p>\n","protected":false},"featured_media":24626,"template":"","meta":{"_joinchat":[]},"product_brand":[],"product_cat":[76],"product_tag":[],"class_list":{"0":"post-17227","1":"product","2":"type-product","3":"status-publish","4":"has-post-thumbnail","6":"product_cat-jardinagem","8":"first","9":"instock","10":"shipping-taxable","11":"purchasable","12":"product-type-simple"},"_links":{"self":[{"href":"https:\/\/www.multicasa.com.br\/cuiaba\/wp-json\/wp\/v2\/product\/17227","targetHints":{"allow":["GET"]}}],"collection":[{"href":"https:\/\/www.multicasa.com.br\/cuiaba\/wp-json\/wp\/v2\/product"}],"about":[{"href":"https:\/\/www.multicasa.com.br\/cuiaba\/wp-json\/wp\/v2\/types\/product"}],"wp:featuredmedia":[{"embeddable":true,"href":"https:\/\/www.multicasa.com.br\/cuiaba\/wp-json\/wp\/v2\/media\/24626"}],"wp:attachment":[{"href":"https:\/\/www.multicasa.com.br\/cuiaba\/wp-json\/wp\/v2\/media?parent=17227"}],"wp:term":[{"taxonomy":"product_brand","embeddable":true,"href":"https:\/\/www.multicasa.com.br\/cuiaba\/wp-json\/wp\/v2\/product_brand?post=17227"},{"taxonomy":"product_cat","embeddable":true,"href":"https:\/\/www.multicasa.com.br\/cuiaba\/wp-json\/wp\/v2\/product_cat?post=17227"},{"taxonomy":"product_tag","embeddable":true,"href":"https:\/\/www.multicasa.com.br\/cuiaba\/wp-json\/wp\/v2\/product_tag?post=17227"}],"curies":[{"name":"wp","href":"https:\/\/api.w.org\/{rel}","templated":true}]}}