{"id":17233,"date":"2025-06-20T19:17:30","date_gmt":"2025-06-20T23:17:30","guid":{"rendered":"http:\/\/www.multicasa.com.br\/cuiaba\/?post_type=product&#038;p=17233"},"modified":"2025-11-27T12:05:19","modified_gmt":"2025-11-27T16:05:19","slug":"substrato-cactos-suculentas-6l","status":"publish","type":"product","link":"https:\/\/www.multicasa.com.br\/cuiaba\/produto\/substrato-cactos-suculentas-6l\/","title":{"rendered":"SUBSTRATO CACTOS\/SUCULENTAS 6L<br>SKU: 2209355"},"content":{"rendered":"<p>Um produto diferenciado, livre de tanino, 100% ecol\u00f3gico, ideal para cultivo de Cactos\/Suculentas. Seu processo de fabrica\u00e7\u00e3o ecologicamente correto contribui para a larga aceita\u00e7\u00e3o do produto. Por se tratar de um produto livre de materiais t\u00f3xicos, o Substrato Aduba Terra, al\u00e9m de proporcionar um maior desenvolvimento \u00e0 planta, permite, devido ao seu car\u00e1ter natural, uma oportunidade de melhora \u00e0 vida das pessoas e do planeta, contribuindo para disseminar uma ampla cultura de preserva\u00e7\u00e3o, que \u00e9 a garantia do nosso futuro. <\/p>\n","protected":false},"excerpt":{"rendered":"<h4 style=\"margin: 0px;padding: 0px 0px 16px;font-family: Lato, sans-serif;font-weight: bold;line-height: 3rem;color: var(--dark-grey3);font-size: 22px;font-style: normal;letter-spacing: normal;text-align: start;text-indent: 0px;text-transform: none\">Informa\u00e7\u00f5es t\u00e9cnicas<\/h4>\n<p><span style=\"margin: 0px;padding: 0px;font-weight: 450;font-size: 14px;line-height: 21px;color: var(--dark-grey2);font-family: Lato, sans-serif;font-style: normal;letter-spacing: normal;text-align: start;text-indent: 0px;text-transform: none\">MARCA: ADUBA TERRA<br \/>\nMODELO:SUBSTRATO PARA CACTOS E SUCULENTAS 6 LITROS ADUBA TERRA<br \/>\n<\/span><\/p>\n","protected":false},"featured_media":25997,"template":"","meta":{"_joinchat":[]},"product_brand":[],"product_cat":[76],"product_tag":[],"class_list":{"0":"post-17233","1":"product","2":"type-product","3":"status-publish","4":"has-post-thumbnail","6":"product_cat-jardinagem","8":"first","9":"instock","10":"shipping-taxable","11":"purchasable","12":"product-type-simple"},"_links":{"self":[{"href":"https:\/\/www.multicasa.com.br\/cuiaba\/wp-json\/wp\/v2\/product\/17233","targetHints":{"allow":["GET"]}}],"collection":[{"href":"https:\/\/www.multicasa.com.br\/cuiaba\/wp-json\/wp\/v2\/product"}],"about":[{"href":"https:\/\/www.multicasa.com.br\/cuiaba\/wp-json\/wp\/v2\/types\/product"}],"wp:featuredmedia":[{"embeddable":true,"href":"https:\/\/www.multicasa.com.br\/cuiaba\/wp-json\/wp\/v2\/media\/25997"}],"wp:attachment":[{"href":"https:\/\/www.multicasa.com.br\/cuiaba\/wp-json\/wp\/v2\/media?parent=17233"}],"wp:term":[{"taxonomy":"product_brand","embeddable":true,"href":"https:\/\/www.multicasa.com.br\/cuiaba\/wp-json\/wp\/v2\/product_brand?post=17233"},{"taxonomy":"product_cat","embeddable":true,"href":"https:\/\/www.multicasa.com.br\/cuiaba\/wp-json\/wp\/v2\/product_cat?post=17233"},{"taxonomy":"product_tag","embeddable":true,"href":"https:\/\/www.multicasa.com.br\/cuiaba\/wp-json\/wp\/v2\/product_tag?post=17233"}],"curies":[{"name":"wp","href":"https:\/\/api.w.org\/{rel}","templated":true}]}}