{"id":17235,"date":"2025-06-20T19:17:30","date_gmt":"2025-06-20T23:17:30","guid":{"rendered":"http:\/\/www.multicasa.com.br\/cuiaba\/?post_type=product&#038;p=17235"},"modified":"2026-03-28T10:51:24","modified_gmt":"2026-03-28T14:51:24","slug":"terra-preta-adubada-5kg","status":"publish","type":"product","link":"https:\/\/www.multicasa.com.br\/cuiaba\/produto\/terra-preta-adubada-5kg\/","title":{"rendered":"TERRA PRETA ADUBADA 5KG<br>SKU: 2209357"},"content":{"rendered":"<p>Com esta Terra Adubada para Plantas Vasos e Jardins voc\u00ea ira deixar seus jardins e vasos prontos para plantar. Esta terra j\u00e1 \u00e9 adubada para garantir uma \u00f3tima qualidade da terra, ou at\u00e9 mesno para melhorar o que j\u00e1 est\u00e1 plantado. Faz com que as vitaminas que as sementes, brotos e plantas necessitam permane\u00e7am por mais tempo. <\/p>\n","protected":false},"excerpt":{"rendered":"<h4 style=\"margin: 0px;padding: 0px 0px 16px;font-family: Lato, sans-serif;font-weight: bold;line-height: 3rem;color: var(--dark-grey3);font-size: 22px;font-style: normal;letter-spacing: normal;text-align: start;text-indent: 0px;text-transform: none\">Informa\u00e7\u00f5es t\u00e9cnicas<\/h4>\n<p><span style=\"margin: 0px;padding: 0px;font-weight: 450;font-size: 14px;line-height: 21px;color: var(--dark-grey2);font-family: Lato, sans-serif;font-style: normal;letter-spacing: normal;text-align: start;text-indent: 0px;text-transform: none\">Ideal para iniciantes na pr\u00e1tica da jardinagem;<br \/>\nApropriada para o uso em vasos e floreiras<br \/>\nComposi\u00e7\u00e3o: Terra Adubada<br \/>\nPeso aprox: 5kg<br \/>\nMarca: Aduba Terra<br \/>\n<\/span><\/p>\n","protected":false},"featured_media":26085,"template":"","meta":{"_joinchat":[]},"product_brand":[],"product_cat":[76],"product_tag":[],"class_list":{"0":"post-17235","1":"product","2":"type-product","3":"status-publish","4":"has-post-thumbnail","6":"product_cat-jardinagem","8":"first","9":"instock","10":"shipping-taxable","11":"purchasable","12":"product-type-simple"},"_links":{"self":[{"href":"https:\/\/www.multicasa.com.br\/cuiaba\/wp-json\/wp\/v2\/product\/17235","targetHints":{"allow":["GET"]}}],"collection":[{"href":"https:\/\/www.multicasa.com.br\/cuiaba\/wp-json\/wp\/v2\/product"}],"about":[{"href":"https:\/\/www.multicasa.com.br\/cuiaba\/wp-json\/wp\/v2\/types\/product"}],"wp:featuredmedia":[{"embeddable":true,"href":"https:\/\/www.multicasa.com.br\/cuiaba\/wp-json\/wp\/v2\/media\/26085"}],"wp:attachment":[{"href":"https:\/\/www.multicasa.com.br\/cuiaba\/wp-json\/wp\/v2\/media?parent=17235"}],"wp:term":[{"taxonomy":"product_brand","embeddable":true,"href":"https:\/\/www.multicasa.com.br\/cuiaba\/wp-json\/wp\/v2\/product_brand?post=17235"},{"taxonomy":"product_cat","embeddable":true,"href":"https:\/\/www.multicasa.com.br\/cuiaba\/wp-json\/wp\/v2\/product_cat?post=17235"},{"taxonomy":"product_tag","embeddable":true,"href":"https:\/\/www.multicasa.com.br\/cuiaba\/wp-json\/wp\/v2\/product_tag?post=17235"}],"curies":[{"name":"wp","href":"https:\/\/api.w.org\/{rel}","templated":true}]}}