{"id":17247,"date":"2025-06-20T19:17:31","date_gmt":"2025-06-20T23:17:31","guid":{"rendered":"http:\/\/www.multicasa.com.br\/cuiaba\/?post_type=product&#038;p=17247"},"modified":"2026-03-31T10:51:31","modified_gmt":"2026-03-31T14:51:31","slug":"caixa-de-inspecao-c-tampa-cz-tigre","status":"publish","type":"product","link":"https:\/\/www.multicasa.com.br\/cuiaba\/produto\/caixa-de-inspecao-c-tampa-cz-tigre\/","title":{"rendered":"Caixa De Inspe\u00e7\u00e3o C\/ Tampa Cz Tigre<br>SKU: 3142868"},"content":{"rendered":"<p>A caixa de inspe\u00e7\u00e3o da marca Tigre foi feita para ser instalada no ch\u00e3o, em conjunto com seu sistema de esgoto tradicional. Ela \u00e9 uma alternativa de vigil\u00e2ncia para acompanhar o n\u00edvel de escoamento e esgoto da sua resid\u00eancia. Com uma tampa, ela pode ser aberta a qualquer momento. Assim \u00e9 poss\u00edvel saber rapidamente se sua rede de esgoto est\u00e1 entupida ou se \u00e9 um problema local, em um ralo ou encanamento em espec\u00edfico da casa. Ela ainda tem como fun\u00e7\u00e3o liberar o acesso em caso de higieniza\u00e7\u00e3o ou necessidade de maquin\u00e1rio para desentupir. Este produto facilita o controle do n\u00edvel de esgoto e ainda tem como fun\u00e7\u00e3o liberar o acesso em caso de higieniza\u00e7\u00e3o ou necessidade de maquin\u00e1rio para desentupir.<\/p>\n","protected":false},"excerpt":{"rendered":"<h4 style=\"margin: 0px;padding: 0px 0px 16px;font-family: Lato, sans-serif;font-weight: bold;line-height: 3rem;color: var(--dark-grey3);font-size: 22px;font-style: normal;letter-spacing: normal;text-align: start;text-indent: 0px;text-transform: none\">Informa\u00e7\u00f5es t\u00e9cnicas<\/h4>\n<p><span style=\"margin: 0px;padding: 0px;font-weight: 450;font-size: 14px;line-height: 21px;color: var(--dark-grey2);font-family: Lato, sans-serif;font-style: normal;letter-spacing: normal;text-align: start;text-indent: 0px;text-transform: none\">Produto: CAIXA INSPECAO C\/TAMPA CZ TIGRE DN100<br \/>\nMarca: TIGRE<br \/>\nCor: Cinza<\/p>\n<p>Caracter\u00edsticas T\u00e9cnicas:<br \/>\n&#8211; F\u00e1cil acesso ao sistema de esgoto;<br \/>\n&#8211; Permite a higieniza\u00e7\u00e3o e desentupimento do esgoto;<br \/>\n&#8211; Material resistente para uso cont\u00ednuo.<br \/>\n&#8211; DN100.<\/span><\/p>\n","protected":false},"featured_media":24857,"template":"","meta":{"_joinchat":[]},"product_brand":[],"product_cat":[73],"product_tag":[],"class_list":{"0":"post-17247","1":"product","2":"type-product","3":"status-publish","4":"has-post-thumbnail","6":"product_cat-tubos-e-conexoes","8":"first","9":"instock","10":"shipping-taxable","11":"purchasable","12":"product-type-simple"},"_links":{"self":[{"href":"https:\/\/www.multicasa.com.br\/cuiaba\/wp-json\/wp\/v2\/product\/17247","targetHints":{"allow":["GET"]}}],"collection":[{"href":"https:\/\/www.multicasa.com.br\/cuiaba\/wp-json\/wp\/v2\/product"}],"about":[{"href":"https:\/\/www.multicasa.com.br\/cuiaba\/wp-json\/wp\/v2\/types\/product"}],"wp:featuredmedia":[{"embeddable":true,"href":"https:\/\/www.multicasa.com.br\/cuiaba\/wp-json\/wp\/v2\/media\/24857"}],"wp:attachment":[{"href":"https:\/\/www.multicasa.com.br\/cuiaba\/wp-json\/wp\/v2\/media?parent=17247"}],"wp:term":[{"taxonomy":"product_brand","embeddable":true,"href":"https:\/\/www.multicasa.com.br\/cuiaba\/wp-json\/wp\/v2\/product_brand?post=17247"},{"taxonomy":"product_cat","embeddable":true,"href":"https:\/\/www.multicasa.com.br\/cuiaba\/wp-json\/wp\/v2\/product_cat?post=17247"},{"taxonomy":"product_tag","embeddable":true,"href":"https:\/\/www.multicasa.com.br\/cuiaba\/wp-json\/wp\/v2\/product_tag?post=17247"}],"curies":[{"name":"wp","href":"https:\/\/api.w.org\/{rel}","templated":true}]}}