{"id":17249,"date":"2025-06-20T19:17:32","date_gmt":"2025-06-20T23:17:32","guid":{"rendered":"http:\/\/www.multicasa.com.br\/cuiaba\/?post_type=product&#038;p=17249"},"modified":"2026-03-26T16:20:42","modified_gmt":"2026-03-26T20:20:42","slug":"porta-papel-toalha-abs-branco-velox-premium","status":"publish","type":"product","link":"https:\/\/www.multicasa.com.br\/cuiaba\/produto\/porta-papel-toalha-abs-branco-velox-premium\/","title":{"rendered":"Porta Papel Toalha Abs Branco Velox Premium<br>SKU: 3149030"},"content":{"rendered":"<p>O Dispenser para papel toalha interfolha \u00e9de fixa\u00e7\u00e3o em parede com design moderno e inovador, fabricado com pl\u00e1stico refor\u00e7ado em ABS, sendo resistente, duradouro e com pouca ou quase nenhuma necessidade de manuten\u00e7\u00e3o. O dispenser \u00e9 para uso em empresas, cl\u00ednicas, hot\u00e9is, bares, academias, caf\u00e9s, Bibliotecas, clubes, sal\u00e3o de beleza, condom\u00ednios, Igrejas, resid\u00eancias e todos os lugares com acesso ao p\u00fablico com a finalidade de promover a higieniza\u00e7\u00e3o necess\u00e1ria.<\/p>\n","protected":false},"excerpt":{"rendered":"<h4 style=\"margin: 0px;padding: 0px 0px 16px;font-family: Lato, sans-serif;font-weight: bold;line-height: 3rem;color: var(--dark-grey3);font-size: 22px;font-style: normal;letter-spacing: normal;text-align: start;text-indent: 0px;text-transform: none\">Informa\u00e7\u00f5es t\u00e9cnicas<\/h4>\n<p><span style=\"margin: 0px;padding: 0px;font-weight: 450;font-size: 14px;line-height: 21px;color: var(--dark-grey2);font-family: Lato, sans-serif;font-style: normal;letter-spacing: normal;text-align: start;text-indent: 0px;text-transform: none\">Marca: Premisse<br \/>\nModelo: Velox<br \/>\nCor: Branco<br \/>\nAltura x Largura x Profundidade: 29 cm x 27 cm x 13 cm<br \/>\nCapacidade de rolo: 24 cm<br \/>\nCapacidade de toalhas: 800<br \/>\nMaterial: Pl\u00e1stico<br \/>\nTipo de sistema: Manual<br \/>\nTipo de papel: Interfolhado<br \/>\nCom trava de seguran\u00e7a: Sim<\/span><\/p>\n","protected":false},"featured_media":25782,"template":"","meta":{"_joinchat":[]},"product_brand":[],"product_cat":[69],"product_tag":[],"class_list":{"0":"post-17249","1":"product","2":"type-product","3":"status-publish","4":"has-post-thumbnail","6":"product_cat-acessorios-para-banheiro","8":"first","9":"instock","10":"shipping-taxable","11":"purchasable","12":"product-type-simple"},"_links":{"self":[{"href":"https:\/\/www.multicasa.com.br\/cuiaba\/wp-json\/wp\/v2\/product\/17249","targetHints":{"allow":["GET"]}}],"collection":[{"href":"https:\/\/www.multicasa.com.br\/cuiaba\/wp-json\/wp\/v2\/product"}],"about":[{"href":"https:\/\/www.multicasa.com.br\/cuiaba\/wp-json\/wp\/v2\/types\/product"}],"wp:featuredmedia":[{"embeddable":true,"href":"https:\/\/www.multicasa.com.br\/cuiaba\/wp-json\/wp\/v2\/media\/25782"}],"wp:attachment":[{"href":"https:\/\/www.multicasa.com.br\/cuiaba\/wp-json\/wp\/v2\/media?parent=17249"}],"wp:term":[{"taxonomy":"product_brand","embeddable":true,"href":"https:\/\/www.multicasa.com.br\/cuiaba\/wp-json\/wp\/v2\/product_brand?post=17249"},{"taxonomy":"product_cat","embeddable":true,"href":"https:\/\/www.multicasa.com.br\/cuiaba\/wp-json\/wp\/v2\/product_cat?post=17249"},{"taxonomy":"product_tag","embeddable":true,"href":"https:\/\/www.multicasa.com.br\/cuiaba\/wp-json\/wp\/v2\/product_tag?post=17249"}],"curies":[{"name":"wp","href":"https:\/\/api.w.org\/{rel}","templated":true}]}}