{"id":17257,"date":"2025-06-20T19:17:39","date_gmt":"2025-06-20T23:17:39","guid":{"rendered":"http:\/\/www.multicasa.com.br\/cuiaba\/?post_type=product&#038;p=17257"},"modified":"2025-11-17T16:05:14","modified_gmt":"2025-11-17T20:05:14","slug":"tomada-thesi-1to-3p-20a-4x2-bc-pial","status":"publish","type":"product","link":"https:\/\/www.multicasa.com.br\/cuiaba\/produto\/tomada-thesi-1to-3p-20a-4x2-bc-pial\/","title":{"rendered":"Tomada Thesi 1To 3P 20A 4X2 Bc Pial<br>SKU: 3154360"},"content":{"rendered":"<p>Tomadas de energia 20A tem plugues com pinos mais grossos (4,8mm) e \u00e9 recomendado para conectar equipamentos que exijam maior capacidade. A capacidade da corrente total dos equipamentos conectados n\u00e3o deve exceder 20A. A pot\u00eancia m\u00e1xima em 127V, \u00e9 de 2540W e em 220V, de 4400W. <\/p>\n","protected":false},"excerpt":{"rendered":"<h4 style=\"margin: 0px;padding: 0px 0px 16px;font-family: Lato, sans-serif;font-weight: bold;line-height: 3rem;color: var(--dark-grey3);font-size: 22px;font-style: normal;letter-spacing: normal;text-align: start;text-indent: 0px;text-transform: none\">Informa\u00e7\u00f5es t\u00e9cnicas<\/h4>\n<p><span style=\"margin: 0px;padding: 0px;font-weight: 450;font-size: 14px;line-height: 21px;color: var(--dark-grey2);font-family: Lato, sans-serif;font-style: normal;letter-spacing: normal;text-align: start;text-indent: 0px;text-transform: none\">Produto: TOMADA THESI 1TO 3P 20A 4X2 BC PIAL<br \/>\nMarca: PIAL<br \/>\nCor: branco<\/p>\n<p>&#8211; Tipo de Mecanismo: Tomada de Energia;<br \/>\n&#8211; Marca: Pial Legrand;<br \/>\n&#8211; Linha: Thesi;<br \/>\n&#8211; Possui Interruptor: sem Interruptor;<br \/>\n&#8211; Possui Tomada: com Tomada;<br \/>\n&#8211; Tipo de Tomada: Energia;<br \/>\n&#8211; Quantidade de Tomadas: 1 tomada(s);<br \/>\n&#8211; Quantidade de P\u00f3los: 3 p\u00f3lo(s);<br \/>\n&#8211; Tipos de P\u00f3los: 2+Terra;<br \/>\n&#8211; Corrente El\u00e9trica (Amp\u00e8re):        20 A;<br \/>\n&#8211; Tens\u00e3o El\u00e9trica: 220V;<br \/>\n&#8211; Cor: Branco;<br \/>\n&#8211; Tonalidade: Branco;<br \/>\n&#8211; Material:         Pl\u00e1stico;<br \/>\n&#8211; Tipo de Material: Pl\u00e1stico Anti Chama;<br \/>\n&#8211; Acompanha Placa: Sim;<br \/>\n&#8211; \u00c1reas Indicadas: Externas com Cobertura e Internas;<br \/>\n&#8211; Tipo de \u00c1reas Indicadas: Secas.<\/span><\/p>\n","protected":false},"featured_media":26112,"template":"","meta":{"_joinchat":[]},"product_brand":[],"product_cat":[144],"product_tag":[],"class_list":{"0":"post-17257","1":"product","2":"type-product","3":"status-publish","4":"has-post-thumbnail","6":"product_cat-tomadas-e-cia","8":"first","9":"instock","10":"shipping-taxable","11":"purchasable","12":"product-type-simple"},"_links":{"self":[{"href":"https:\/\/www.multicasa.com.br\/cuiaba\/wp-json\/wp\/v2\/product\/17257","targetHints":{"allow":["GET"]}}],"collection":[{"href":"https:\/\/www.multicasa.com.br\/cuiaba\/wp-json\/wp\/v2\/product"}],"about":[{"href":"https:\/\/www.multicasa.com.br\/cuiaba\/wp-json\/wp\/v2\/types\/product"}],"wp:featuredmedia":[{"embeddable":true,"href":"https:\/\/www.multicasa.com.br\/cuiaba\/wp-json\/wp\/v2\/media\/26112"}],"wp:attachment":[{"href":"https:\/\/www.multicasa.com.br\/cuiaba\/wp-json\/wp\/v2\/media?parent=17257"}],"wp:term":[{"taxonomy":"product_brand","embeddable":true,"href":"https:\/\/www.multicasa.com.br\/cuiaba\/wp-json\/wp\/v2\/product_brand?post=17257"},{"taxonomy":"product_cat","embeddable":true,"href":"https:\/\/www.multicasa.com.br\/cuiaba\/wp-json\/wp\/v2\/product_cat?post=17257"},{"taxonomy":"product_tag","embeddable":true,"href":"https:\/\/www.multicasa.com.br\/cuiaba\/wp-json\/wp\/v2\/product_tag?post=17257"}],"curies":[{"name":"wp","href":"https:\/\/api.w.org\/{rel}","templated":true}]}}