{"id":17265,"date":"2025-06-20T19:17:40","date_gmt":"2025-06-20T23:17:40","guid":{"rendered":"http:\/\/www.multicasa.com.br\/cuiaba\/?post_type=product&#038;p=17265"},"modified":"2025-12-12T15:35:08","modified_gmt":"2025-12-12T19:35:08","slug":"tubo-soldavel-32mm-6m-amanco","status":"publish","type":"product","link":"https:\/\/www.multicasa.com.br\/cuiaba\/produto\/tubo-soldavel-32mm-6m-amanco\/","title":{"rendered":"Tubo Sold\u00e1vel 32Mm 6M Amanco<br>SKU: 3165469"},"content":{"rendered":"<p>Sistema em PVC para condu\u00e7\u00e3o de \u00e1gua fria com solu\u00e7\u00f5es para todos os tipos de projetos em obras residenciais, comerciais e industriais. Dispon\u00edveis na cor marrom, os produtos s\u00e3o destinados a instala\u00e7\u00f5es permanentes e atendem \u00e0 norma NBR 5648.<\/p>\n","protected":false},"excerpt":{"rendered":"<h4 style=\"margin: 0px;padding: 0px 0px 16px;font-family: Lato, sans-serif;font-weight: bold;line-height: 3rem;color: var(--dark-grey3);font-size: 22px;font-style: normal;letter-spacing: normal;text-align: start;text-indent: 0px;text-transform: none\">Informa\u00e7\u00f5es t\u00e9cnicas<\/h4>\n<p><span style=\"margin: 0px;padding: 0px;font-weight: 450;font-size: 14px;line-height: 21px;color: var(--dark-grey2);font-family: Lato, sans-serif;font-style: normal;letter-spacing: normal;text-align: start;text-indent: 0px;text-transform: none\">Produto: TUBO sold\u00e1vel 25MM 6M AMANCO<br \/>\nMarca: AMANCO<\/p>\n<p>Caracteristicas:<br \/>\n&#8211; F\u00e1cil instala\u00e7\u00e3o: Rapidez na execu\u00e7\u00e3o das juntas sold\u00e1veis;<br \/>\n&#8211; Material Leve: Facil transporte, estocagem e manuseio;<br \/>\n&#8211; Alta durabilidade: Vida \u00fatil de 50 anos;<br \/>\n&#8211; Resist\u00eante a corros\u00e3o: Alta resist\u00eancia qu\u00edmica, proporcionando durabilidade e eliminando o risco de trocas e vazamentos devido a oxida\u00e7\u00e3o;<br \/>\n&#8211; Sem incrusta\u00e7\u00f5es: Por ter paredes internas extremamente lisas, proporciona que ao longo do tempo a instala\u00e7\u00e3o fique sem incrusta\u00e7\u00f5es e sem redu\u00e7\u00e3o do di\u00e2metro da tubula\u00e7\u00e3o;<br \/>\n&#8211; Material at\u00f3xico: Proporciona maior seguran\u00e7a para os usu\u00e1rios;<br \/>\n Linha completa: Tubos e conex\u00f5es nas mais variadas bitolas.<br \/>\n<\/span><\/p>\n","protected":false},"featured_media":26189,"template":"","meta":{"_joinchat":[]},"product_brand":[],"product_cat":[73],"product_tag":[],"class_list":{"0":"post-17265","1":"product","2":"type-product","3":"status-publish","4":"has-post-thumbnail","6":"product_cat-tubos-e-conexoes","8":"first","9":"instock","10":"shipping-taxable","11":"purchasable","12":"product-type-simple"},"_links":{"self":[{"href":"https:\/\/www.multicasa.com.br\/cuiaba\/wp-json\/wp\/v2\/product\/17265","targetHints":{"allow":["GET"]}}],"collection":[{"href":"https:\/\/www.multicasa.com.br\/cuiaba\/wp-json\/wp\/v2\/product"}],"about":[{"href":"https:\/\/www.multicasa.com.br\/cuiaba\/wp-json\/wp\/v2\/types\/product"}],"wp:featuredmedia":[{"embeddable":true,"href":"https:\/\/www.multicasa.com.br\/cuiaba\/wp-json\/wp\/v2\/media\/26189"}],"wp:attachment":[{"href":"https:\/\/www.multicasa.com.br\/cuiaba\/wp-json\/wp\/v2\/media?parent=17265"}],"wp:term":[{"taxonomy":"product_brand","embeddable":true,"href":"https:\/\/www.multicasa.com.br\/cuiaba\/wp-json\/wp\/v2\/product_brand?post=17265"},{"taxonomy":"product_cat","embeddable":true,"href":"https:\/\/www.multicasa.com.br\/cuiaba\/wp-json\/wp\/v2\/product_cat?post=17265"},{"taxonomy":"product_tag","embeddable":true,"href":"https:\/\/www.multicasa.com.br\/cuiaba\/wp-json\/wp\/v2\/product_tag?post=17265"}],"curies":[{"name":"wp","href":"https:\/\/api.w.org\/{rel}","templated":true}]}}