{"id":17271,"date":"2025-06-20T19:17:41","date_gmt":"2025-06-20T23:17:41","guid":{"rendered":"http:\/\/www.multicasa.com.br\/cuiaba\/?post_type=product&#038;p=17271"},"modified":"2026-04-18T10:30:43","modified_gmt":"2026-04-18T14:30:43","slug":"interruptor-liz-4x2-1ts1to-10a-tramontina","status":"publish","type":"product","link":"https:\/\/www.multicasa.com.br\/cuiaba\/produto\/interruptor-liz-4x2-1ts1to-10a-tramontina\/","title":{"rendered":"Interruptor Liz 4&#215;2 1TS+1TO 10A Tramontina<br>SKU: 3186644"},"content":{"rendered":"<p>O Conjunto 4&#215;2 com 1 Interruptor Simples 10 A 250 V e 1 Tomada 2P+T 10 A 250 V Tramontina Liz Branco vai deixar sua casa muito mais completa e funcional. Produzido em termopl\u00e1stico branco, ele vai garantir maior praticidade e proporcionar um acabamento perfeito entre a placa e a parede, sem deixar frestas e vincos na instala\u00e7\u00e3o. Al\u00e9m disso, possui furo oblongo que facilita a fixa\u00e7\u00e3o e a regulagem da placa \u00e0 parede e evita que ela fique desalinhada. Sua fixa\u00e7\u00e3o n\u00e3o \u00e9 aparente e pode ser utilizada tanto em paredes de alvenaria, quanto em paredes de madeira. A placa ainda pode ser trocada por outras cores da linha, garantindo maior versatilidade.<\/p>\n","protected":false},"excerpt":{"rendered":"<h4 style=\"margin: 0px;padding: 0px 0px 16px;font-family: Lato, sans-serif;font-weight: bold;line-height: 3rem;color: var(--dark-grey3);font-size: 22px;font-style: normal;letter-spacing: normal;text-align: start;text-indent: 0px;text-transform: none\">Informa\u00e7\u00f5es t\u00e9cnicas<\/h4>\n<p><span style=\"margin: 0px;padding: 0px;font-weight: 450;font-size: 14px;line-height: 21px;color: var(--dark-grey2);font-family: Lato, sans-serif;font-style: normal;letter-spacing: normal;text-align: start;text-indent: 0px;text-transform: none\">&#8211; A instala\u00e7\u00e3o e seguran\u00e7a: \u00c9 importante que o produto seja instalado por profissional habilitado. Antes de instalar, desligue a energia el\u00e9trica.<br \/>\n&#8211; Certifica\u00e7\u00e3o: Produtos certificados conforme portarias do Inmetro n\u00b0 85\/2006 e 234\/2008, OCP-0004, T\u00dcV RHEINLAND, seguran\u00e7a, compuls\u00f3rio.<br \/>\n&#8211; Peso: 0,08 kg<br \/>\n&#8211; Garantia: 10 anos (90 dias de garantia legal acrescidos de 09 anos e 09 meses de garantia contratual) para v\u00edcios ou defeitos de fabrica\u00e7\u00e3o.<\/span><\/p>\n","protected":false},"featured_media":25307,"template":"","meta":{"_joinchat":[]},"product_brand":[],"product_cat":[144],"product_tag":[],"class_list":{"0":"post-17271","1":"product","2":"type-product","3":"status-publish","4":"has-post-thumbnail","6":"product_cat-tomadas-e-cia","8":"first","9":"instock","10":"shipping-taxable","11":"purchasable","12":"product-type-simple"},"_links":{"self":[{"href":"https:\/\/www.multicasa.com.br\/cuiaba\/wp-json\/wp\/v2\/product\/17271","targetHints":{"allow":["GET"]}}],"collection":[{"href":"https:\/\/www.multicasa.com.br\/cuiaba\/wp-json\/wp\/v2\/product"}],"about":[{"href":"https:\/\/www.multicasa.com.br\/cuiaba\/wp-json\/wp\/v2\/types\/product"}],"wp:featuredmedia":[{"embeddable":true,"href":"https:\/\/www.multicasa.com.br\/cuiaba\/wp-json\/wp\/v2\/media\/25307"}],"wp:attachment":[{"href":"https:\/\/www.multicasa.com.br\/cuiaba\/wp-json\/wp\/v2\/media?parent=17271"}],"wp:term":[{"taxonomy":"product_brand","embeddable":true,"href":"https:\/\/www.multicasa.com.br\/cuiaba\/wp-json\/wp\/v2\/product_brand?post=17271"},{"taxonomy":"product_cat","embeddable":true,"href":"https:\/\/www.multicasa.com.br\/cuiaba\/wp-json\/wp\/v2\/product_cat?post=17271"},{"taxonomy":"product_tag","embeddable":true,"href":"https:\/\/www.multicasa.com.br\/cuiaba\/wp-json\/wp\/v2\/product_tag?post=17271"}],"curies":[{"name":"wp","href":"https:\/\/api.w.org\/{rel}","templated":true}]}}