{"id":17273,"date":"2025-06-20T19:17:41","date_gmt":"2025-06-20T23:17:41","guid":{"rendered":"http:\/\/www.multicasa.com.br\/cuiaba\/?post_type=product&#038;p=17273"},"modified":"2026-04-06T15:52:08","modified_gmt":"2026-04-06T19:52:08","slug":"interruptor-simples-10a-250v-liz-grafite","status":"publish","type":"product","link":"https:\/\/www.multicasa.com.br\/cuiaba\/produto\/interruptor-simples-10a-250v-liz-grafite\/","title":{"rendered":"INTERRUPTOR SIMPLES 10A 250V LIZ GRAFITE<br>SKU: 3186660"},"content":{"rendered":"<p>Para iluminar seus ambientes com muito mais beleza e agregar qualidade em suas instala\u00e7\u00f5es el\u00e9tricas, o conjunto 4&#215;2 com 2 interruptores simples 10 A 250 V Tramontina Liz grafite \u00e9 indispens\u00e1vel. Desenvolvido em termopl\u00e1stico com acabamento brilho na cor grafite, ele n\u00e3o ret\u00e9m poeira e une a qualidade e praticidade que todo projeto el\u00e9trico precisa. Seu sistema \u00e9 modular, com ajuste gradual entre a placa e o suporte, o que proporciona um acabamento impec\u00e1vel da placa com a parede. O conjunto ainda possui furo oblongo que facilita a fixa\u00e7\u00e3o e a regulagem da placa \u00e0 parede e furos para a coloca\u00e7\u00e3o em paredes de madeira, ambas fixa\u00e7\u00f5es n\u00e3o aparentes. Com a Tramontina, sua rede el\u00e9trica e instala\u00e7\u00f5es, ficam muito mais completas!<\/p>\n","protected":false},"excerpt":{"rendered":"<h4 style=\"margin: 0px;padding: 0px 0px 16px;font-family: Lato, sans-serif;font-weight: bold;line-height: 3rem;color: var(--dark-grey3);font-size: 22px;font-style: normal;letter-spacing: normal;text-align: start;text-indent: 0px;text-transform: none\">Informa\u00e7\u00f5es t\u00e9cnicas<\/h4>\n<p><span style=\"margin: 0px;padding: 0px;font-weight: 450;font-size: 14px;line-height: 21px;color: var(--dark-grey2);font-family: Lato, sans-serif;font-style: normal;letter-spacing: normal;text-align: start;text-indent: 0px;text-transform: none\">Acabamento brilho na cor grafite.<\/span><\/p>\n","protected":false},"featured_media":25311,"template":"","meta":{"_joinchat":[]},"product_brand":[],"product_cat":[144],"product_tag":[],"class_list":{"0":"post-17273","1":"product","2":"type-product","3":"status-publish","4":"has-post-thumbnail","6":"product_cat-tomadas-e-cia","8":"first","9":"instock","10":"shipping-taxable","11":"purchasable","12":"product-type-simple"},"_links":{"self":[{"href":"https:\/\/www.multicasa.com.br\/cuiaba\/wp-json\/wp\/v2\/product\/17273","targetHints":{"allow":["GET"]}}],"collection":[{"href":"https:\/\/www.multicasa.com.br\/cuiaba\/wp-json\/wp\/v2\/product"}],"about":[{"href":"https:\/\/www.multicasa.com.br\/cuiaba\/wp-json\/wp\/v2\/types\/product"}],"wp:featuredmedia":[{"embeddable":true,"href":"https:\/\/www.multicasa.com.br\/cuiaba\/wp-json\/wp\/v2\/media\/25311"}],"wp:attachment":[{"href":"https:\/\/www.multicasa.com.br\/cuiaba\/wp-json\/wp\/v2\/media?parent=17273"}],"wp:term":[{"taxonomy":"product_brand","embeddable":true,"href":"https:\/\/www.multicasa.com.br\/cuiaba\/wp-json\/wp\/v2\/product_brand?post=17273"},{"taxonomy":"product_cat","embeddable":true,"href":"https:\/\/www.multicasa.com.br\/cuiaba\/wp-json\/wp\/v2\/product_cat?post=17273"},{"taxonomy":"product_tag","embeddable":true,"href":"https:\/\/www.multicasa.com.br\/cuiaba\/wp-json\/wp\/v2\/product_tag?post=17273"}],"curies":[{"name":"wp","href":"https:\/\/api.w.org\/{rel}","templated":true}]}}