{"id":17278,"date":"2025-06-20T19:17:42","date_gmt":"2025-06-20T23:17:42","guid":{"rendered":"http:\/\/www.multicasa.com.br\/cuiaba\/?post_type=product&#038;p=17278"},"modified":"2026-03-06T16:20:11","modified_gmt":"2026-03-06T20:20:11","slug":"exaustor-ind-30cm-127v-cz-ventisol","status":"publish","type":"product","link":"https:\/\/www.multicasa.com.br\/cuiaba\/produto\/exaustor-ind-30cm-127v-cz-ventisol\/","title":{"rendered":"Exaustor Ind.30Cm 127V Cz Ventisol<br>SKU: 3499596"},"content":{"rendered":"<p>Sua empresa ou empreendimento com o ambiente mais arejado.<br \/>\nPara grandes \u00e1reas que precisem de exaust\u00e3o, o Exaustor Ventisol 30cm \u00e9 ideal.<br \/>\nIndicado para ambientes como restaurantes e lanchonetes.<\/p>\n","protected":false},"excerpt":{"rendered":"<h4 style=\"margin: 0px;padding: 0px 0px 16px;font-family: Lato, sans-serif;font-weight: bold;line-height: 3rem;color: var(--dark-grey3);font-size: 22px;font-style: normal;letter-spacing: normal;text-align: start;text-indent: 0px;text-transform: none\">Informa\u00e7\u00f5es t\u00e9cnicas<\/h4>\n<p><span style=\"margin: 0px;padding: 0px;font-weight: 450;font-size: 14px;line-height: 21px;color: var(--dark-grey2);font-family: Lato, sans-serif;font-style: normal;letter-spacing: normal;text-align: start;text-indent: 0px;text-transform: none\">Produto: EXAUSTOR IND.30CM 127V CZ VENTISOL<br \/>\nMarca: VENTISOL<\/p>\n<p>&#8211; Cor: Preto;<br \/>\n&#8211; VoltagemMoveis:110V;<br \/>\n&#8211; Com altura ajust\u00e1vel: Sim;<br \/>\n&#8211; Com luz: N\u00e3o;<br \/>\n&#8211; Com oscila\u00e7\u00e3o lateral: Sim;<br \/>\n&#8211; Condi\u00e7\u00e3o do item: Novo;<br \/>\n&#8211; Cor da estrutura: Cinza-escuro;<br \/>\n&#8211; Cor das p\u00e1s: Prata;<br \/>\n&#8211; Di\u00e2metro 300: mm;<br \/>\n&#8211; Inclui controle remoto: N\u00e3o;<br \/>\n-Linha: Premium;<br \/>\n&#8211; Marca: Ventisol;<br \/>\n&#8211; Material da grade: Pl\u00e1stico;<br \/>\n&#8211; Material das p\u00e1s: Pl\u00e1stico;<br \/>\n&#8211; Modelo Exaustor ind: 30CM;<br \/>\n&#8211; Quantidade de velocidades: 1;<br \/>\n&#8211; Sku: 355;<br \/>\n&#8211; Tipo de ventilador De: parede;<br \/>\n&#8211; Fabricante: Ventisol.<\/span><\/p>\n","protected":false},"featured_media":25160,"template":"","meta":{"_joinchat":[]},"product_brand":[],"product_cat":[140],"product_tag":[],"class_list":{"0":"post-17278","1":"product","2":"type-product","3":"status-publish","4":"has-post-thumbnail","6":"product_cat-climatizador-ar","8":"first","9":"instock","10":"shipping-taxable","11":"purchasable","12":"product-type-simple"},"_links":{"self":[{"href":"https:\/\/www.multicasa.com.br\/cuiaba\/wp-json\/wp\/v2\/product\/17278","targetHints":{"allow":["GET"]}}],"collection":[{"href":"https:\/\/www.multicasa.com.br\/cuiaba\/wp-json\/wp\/v2\/product"}],"about":[{"href":"https:\/\/www.multicasa.com.br\/cuiaba\/wp-json\/wp\/v2\/types\/product"}],"wp:featuredmedia":[{"embeddable":true,"href":"https:\/\/www.multicasa.com.br\/cuiaba\/wp-json\/wp\/v2\/media\/25160"}],"wp:attachment":[{"href":"https:\/\/www.multicasa.com.br\/cuiaba\/wp-json\/wp\/v2\/media?parent=17278"}],"wp:term":[{"taxonomy":"product_brand","embeddable":true,"href":"https:\/\/www.multicasa.com.br\/cuiaba\/wp-json\/wp\/v2\/product_brand?post=17278"},{"taxonomy":"product_cat","embeddable":true,"href":"https:\/\/www.multicasa.com.br\/cuiaba\/wp-json\/wp\/v2\/product_cat?post=17278"},{"taxonomy":"product_tag","embeddable":true,"href":"https:\/\/www.multicasa.com.br\/cuiaba\/wp-json\/wp\/v2\/product_tag?post=17278"}],"curies":[{"name":"wp","href":"https:\/\/api.w.org\/{rel}","templated":true}]}}