{"id":17297,"date":"2025-06-20T19:17:52","date_gmt":"2025-06-20T23:17:52","guid":{"rendered":"http:\/\/www.multicasa.com.br\/cuiaba\/?post_type=product&#038;p=17297"},"modified":"2025-10-16T17:05:06","modified_gmt":"2025-10-16T21:05:06","slug":"conector-cpvc-aquatherm-22x3-4-tigre","status":"publish","type":"product","link":"https:\/\/www.multicasa.com.br\/cuiaba\/produto\/conector-cpvc-aquatherm-22x3-4-tigre\/","title":{"rendered":"Conector Cpvc Aquatherm 22X3\/4 Tigre<br>SKU: 3635210"},"content":{"rendered":"<p>\u00c1gua quente de um jeito f\u00e1cil, seguro e eficiente. O Conector Aquatherm\u00ae \u00e9 indispens\u00e1vel na constru\u00e7\u00e3o ou reforma de resid\u00eancias, com\u00e9rcios e ind\u00fastrias para conectar tubos Aquatherm\u00ae a conex\u00f5es met\u00e1licas rosc\u00e1veis. Fabricado em CPVC, mais resistente a altas temperaturas. Destaca-se pela durabilidade e facilidade na instala\u00e7\u00e3o.<\/p>\n","protected":false},"excerpt":{"rendered":"<h4 style=\"margin: 0px;padding: 0px 0px 16px;font-family: Lato, sans-serif;font-weight: bold;line-height: 3rem;color: var(--dark-grey3);font-size: 22px;font-style: normal;letter-spacing: normal;text-align: start;text-indent: 0px;text-transform: none\">Informa\u00e7\u00f5es t\u00e9cnicas<\/h4>\n<p><span style=\"margin: 0px;padding: 0px;font-weight: 450;font-size: 14px;line-height: 21px;color: var(--dark-grey2);font-family: Lato, sans-serif;font-style: normal;letter-spacing: normal;text-align: start;text-indent: 0px;text-transform: none\">Produto: CONECTOR CPVC AQUATHERM 22X3\/4 TIGR<br \/>\nMarca: TIGRE<\/p>\n<p>Caracteristicas:<br \/>\n&#8211; Material:\tPVC;<br \/>\n&#8211; Cor: Branco;<br \/>\n&#8211; Embalagem: Pe\u00e7a;<br \/>\n&#8211; Caracter\u00edsticas T\u00e9cnicas: Condu\u00e7\u00e3o de \u00e1gua quente predial;<br \/>\n&#8211; Material B\u00e1sico: SIM;<br \/>\n&#8211; Produto: Conex\u00f5es;<br \/>\n&#8211; Material:\tPVC;<br \/>\n&#8211; Di\u00e2metro: 22mm.<\/span><\/p>\n","protected":false},"featured_media":25001,"template":"","meta":{"_joinchat":[]},"product_brand":[],"product_cat":[73],"product_tag":[],"class_list":{"0":"post-17297","1":"product","2":"type-product","3":"status-publish","4":"has-post-thumbnail","6":"product_cat-tubos-e-conexoes","8":"first","9":"instock","10":"shipping-taxable","11":"purchasable","12":"product-type-simple"},"_links":{"self":[{"href":"https:\/\/www.multicasa.com.br\/cuiaba\/wp-json\/wp\/v2\/product\/17297","targetHints":{"allow":["GET"]}}],"collection":[{"href":"https:\/\/www.multicasa.com.br\/cuiaba\/wp-json\/wp\/v2\/product"}],"about":[{"href":"https:\/\/www.multicasa.com.br\/cuiaba\/wp-json\/wp\/v2\/types\/product"}],"wp:featuredmedia":[{"embeddable":true,"href":"https:\/\/www.multicasa.com.br\/cuiaba\/wp-json\/wp\/v2\/media\/25001"}],"wp:attachment":[{"href":"https:\/\/www.multicasa.com.br\/cuiaba\/wp-json\/wp\/v2\/media?parent=17297"}],"wp:term":[{"taxonomy":"product_brand","embeddable":true,"href":"https:\/\/www.multicasa.com.br\/cuiaba\/wp-json\/wp\/v2\/product_brand?post=17297"},{"taxonomy":"product_cat","embeddable":true,"href":"https:\/\/www.multicasa.com.br\/cuiaba\/wp-json\/wp\/v2\/product_cat?post=17297"},{"taxonomy":"product_tag","embeddable":true,"href":"https:\/\/www.multicasa.com.br\/cuiaba\/wp-json\/wp\/v2\/product_tag?post=17297"}],"curies":[{"name":"wp","href":"https:\/\/api.w.org\/{rel}","templated":true}]}}