{"id":17304,"date":"2025-06-20T19:17:53","date_gmt":"2025-06-20T23:17:53","guid":{"rendered":"http:\/\/www.multicasa.com.br\/cuiaba\/?post_type=product&#038;p=17304"},"modified":"2025-11-22T11:36:03","modified_gmt":"2025-11-22T15:36:03","slug":"tomada-zeffia-4x2-1to-10a-branca-pial","status":"publish","type":"product","link":"https:\/\/www.multicasa.com.br\/cuiaba\/produto\/tomada-zeffia-4x2-1to-10a-branca-pial\/","title":{"rendered":"Tomada Zeffia 4X2 1To 10A Branca Pial<br>SKU: 3706648"},"content":{"rendered":"<p>Conjunto de 1 Tomada 2 Polos + Terra 10a 250v Zeffia Branco. Nova Linha Zeffia da Pial Legrand Oferece \u00e0 voc\u00ea conforto, comodidade, praticidade e seguran\u00e7a no momento de reformar a parte el\u00e9trica de sua resid\u00eancia. A nova linha Zeffia\u00e9 f\u00e1cil de montar e desmontar, evitando transtornos no momento da manuten\u00e7\u00e3o. voc\u00ea poder\u00e1 pintar a sua parede sem sujar ou danificar o seu interruptor ou tomada Zeffia. Com design inovador, a linha Zeffia oferece um toque diferenciado ao ambiente, deixando &#8211; o mais moderno, simples e diferenciado nos m\u00ednimos detalhes, que podem fazer a diferen\u00e7a no que se refere \u00e0 comodidade, beleza e seguran\u00e7a.<\/p>\n","protected":false},"excerpt":{"rendered":"<h4 style=\"margin: 0px;padding: 0px 0px 16px;font-family: Lato, sans-serif;font-weight: bold;line-height: 3rem;color: var(--dark-grey3);font-size: 22px;font-style: normal;letter-spacing: normal;text-align: start;text-indent: 0px;text-transform: none\">Informa\u00e7\u00f5es t\u00e9cnicas<\/h4>\n<p><span style=\"margin: 0px;padding: 0px;font-weight: 450;font-size: 14px;line-height: 21px;color: var(--dark-grey2);font-family: Lato, sans-serif;font-style: normal;letter-spacing: normal;text-align: start;text-indent: 0px;text-transform: none\">PRODUTO: TOMADA ZEFFIA 4X2 1TO 10A<br \/>\nMARCA: PIAL<br \/>\nCARACTER\u00cdSTICAS:<br \/>\n\u0095 Tipo de Mecanismo: Tomada de Energia;<br \/>\n\u0095 Formato da Venda: Conjunto Montado;<br \/>\n\u0095 Marca: Pial Legrand;<br \/>\n\u0095 Linha: Zeffia;<br \/>\n\u0095 Possui Interruptor: sem Interruptor;<br \/>\n\u0095 Possui Tomada: com Tomada;<br \/>\n\u0095 Tipo de Tomada: Energia;<br \/>\n\u0095 Corrente El\u00e9trica (Amp\u00e8re): 10 A;<br \/>\n\u0095 Corrente de Carga: 2+Terra;<br \/>\n\u0095 Tens\u00e3o El\u00e9trica: 220V;<br \/>\n\u0095 Cor: Branco;<br \/>\n\u0095 Tonalidade: Branco;<br \/>\n\u0095 Acompanha Placa: Sim;<br \/>\n\u0095 Tipo da Placa: 4&#215;2;<br \/>\n\u0095 Tipo de Instala\u00e7\u00e3o: Embutir;<br \/>\n\u0095 \u00c1reas Indicadas: Externas com Cobertura e Internas;<br \/>\n\u0095 Tipo de \u00c1reas Indicadas: Secas.<\/span><\/p>\n","protected":false},"featured_media":26114,"template":"","meta":{"_joinchat":[]},"product_brand":[],"product_cat":[144],"product_tag":[],"class_list":{"0":"post-17304","1":"product","2":"type-product","3":"status-publish","4":"has-post-thumbnail","6":"product_cat-tomadas-e-cia","8":"first","9":"instock","10":"shipping-taxable","11":"purchasable","12":"product-type-simple"},"_links":{"self":[{"href":"https:\/\/www.multicasa.com.br\/cuiaba\/wp-json\/wp\/v2\/product\/17304","targetHints":{"allow":["GET"]}}],"collection":[{"href":"https:\/\/www.multicasa.com.br\/cuiaba\/wp-json\/wp\/v2\/product"}],"about":[{"href":"https:\/\/www.multicasa.com.br\/cuiaba\/wp-json\/wp\/v2\/types\/product"}],"wp:featuredmedia":[{"embeddable":true,"href":"https:\/\/www.multicasa.com.br\/cuiaba\/wp-json\/wp\/v2\/media\/26114"}],"wp:attachment":[{"href":"https:\/\/www.multicasa.com.br\/cuiaba\/wp-json\/wp\/v2\/media?parent=17304"}],"wp:term":[{"taxonomy":"product_brand","embeddable":true,"href":"https:\/\/www.multicasa.com.br\/cuiaba\/wp-json\/wp\/v2\/product_brand?post=17304"},{"taxonomy":"product_cat","embeddable":true,"href":"https:\/\/www.multicasa.com.br\/cuiaba\/wp-json\/wp\/v2\/product_cat?post=17304"},{"taxonomy":"product_tag","embeddable":true,"href":"https:\/\/www.multicasa.com.br\/cuiaba\/wp-json\/wp\/v2\/product_tag?post=17304"}],"curies":[{"name":"wp","href":"https:\/\/api.w.org\/{rel}","templated":true}]}}