{"id":17305,"date":"2025-06-20T19:17:53","date_gmt":"2025-06-20T23:17:53","guid":{"rendered":"http:\/\/www.multicasa.com.br\/cuiaba\/?post_type=product&#038;p=17305"},"modified":"2025-08-18T00:34:50","modified_gmt":"2025-08-18T04:34:50","slug":"tubo-cobre-classe-e-42mm-5m-eluma","status":"publish","type":"product","link":"https:\/\/www.multicasa.com.br\/cuiaba\/produto\/tubo-cobre-classe-e-42mm-5m-eluma\/","title":{"rendered":"Tubo Cobre Classe E 42Mm 5M Eluma<br>SKU: 3910210"},"content":{"rendered":"<p>Na Nossa Loja voc\u00ea encontra uma grande variedade de tubos para todos os seus projetos. Confira em nossa loja online ou venha nos fazer uma visita. Tudo em hidr\u00e1ulica. Um s\u00f3 lugar. Consulte um de nossos canais e fale com um de nossos especialistas, temos a melhor op\u00e7\u00e3o para seu projeto.<\/p>\n<p>Os tubos de cobre apresentam as seguintes caracter\u00edsticas: boa resist\u00eancia qu\u00edmica; boa resist\u00eancia \u00e0 corros\u00e3o; f\u00e1cil de manusear; pouca tend\u00eancia \u00e0 incrusta\u00e7\u00e3o; boa resist\u00eancia mec\u00e2nica; longa vida \u00fatil e recicl\u00e1vel. De acordo com a aplica\u00e7\u00e3o e identifica\u00e7\u00e3o do tubo de cobre, s\u00e3o especificadas suas classes. Salvo indica\u00e7\u00e3o do projetista hidr\u00e1ulico, normalmente s\u00e3o utilizados para: Instala\u00e7\u00f5es de \u00e1gua fria e \u00e1gua quente, gases combust\u00edveis, instala\u00e7\u00f5es de combate a inc\u00eandio por hidrante e sprinklers: TUBOS CLASSE E \u0096 Identificados por tamp\u00f5es pl\u00e1sticos na cor verde. S\u00e3o acoplados com conex\u00f5es por soldagem ou brasagem capilar. S\u00e3o produzidos de acordo com a norma ABNT- 13206*. Comercializados em barras de 5,0 metros. Sua composi\u00e7\u00e3o qu\u00edmica \u00e9 de 99,9% de cobre (no m\u00ednimo).<\/p>\n<p>A Paranapanema S.A. atua na fundi\u00e7\u00e3o e no refino de cobre prim\u00e1rio e na produ\u00e7\u00e3o de semimanufaturados de cobre e suas ligas. \u00c9, assim, a \u00fanica empresa a transformar o cobre mineral em metal no Brasil. As atividades da Companhia abrangem grande parte da cadeia industrial do material, seguindo at\u00e9 a fabrica\u00e7\u00e3o e a venda de produtos e coprodutos, como vergalh\u00f5es, fios trefilados, laminados, barras, tubos, conex\u00f5es, entre outros.<\/p>\n","protected":false},"excerpt":{"rendered":"<h4 style=\"margin: 0px;padding: 0px 0px 16px;font-family: Lato, sans-serif;font-weight: bold;line-height: 3rem;color: var(--dark-grey3);font-size: 22px;font-style: normal;letter-spacing: normal;text-align: start;text-indent: 0px;text-transform: none\">Informa\u00e7\u00f5es t\u00e9cnicas<\/h4>\n<p><span style=\"margin: 0px;padding: 0px;font-weight: 450;font-size: 14px;line-height: 21px;color: var(--dark-grey2);font-family: Lato, sans-serif;font-style: normal;letter-spacing: normal;text-align: start;text-indent: 0px;text-transform: none\">Produto: TUBO COBRE CLASSE E 42MM 5M ELUMA<br \/>\nMarca: ELUMA<\/p>\n<p>Caracteristicas:<br \/>\n&#8211; Produto:Tubo;<br \/>\n&#8211; Tipo:Classe E;<br \/>\n&#8211; Material:Cobre;<br \/>\n&#8211; Bitola:42mm;<br \/>\n&#8211; Comprimento:5m.<\/span><\/p>\n","protected":false},"featured_media":27524,"template":"","meta":{"_joinchat":[]},"product_brand":[],"product_cat":[73],"product_tag":[],"class_list":{"0":"post-17305","1":"product","2":"type-product","3":"status-publish","4":"has-post-thumbnail","6":"product_cat-tubos-e-conexoes","8":"first","9":"instock","10":"shipping-taxable","11":"purchasable","12":"product-type-simple"},"_links":{"self":[{"href":"https:\/\/www.multicasa.com.br\/cuiaba\/wp-json\/wp\/v2\/product\/17305","targetHints":{"allow":["GET"]}}],"collection":[{"href":"https:\/\/www.multicasa.com.br\/cuiaba\/wp-json\/wp\/v2\/product"}],"about":[{"href":"https:\/\/www.multicasa.com.br\/cuiaba\/wp-json\/wp\/v2\/types\/product"}],"wp:featuredmedia":[{"embeddable":true,"href":"https:\/\/www.multicasa.com.br\/cuiaba\/wp-json\/wp\/v2\/media\/27524"}],"wp:attachment":[{"href":"https:\/\/www.multicasa.com.br\/cuiaba\/wp-json\/wp\/v2\/media?parent=17305"}],"wp:term":[{"taxonomy":"product_brand","embeddable":true,"href":"https:\/\/www.multicasa.com.br\/cuiaba\/wp-json\/wp\/v2\/product_brand?post=17305"},{"taxonomy":"product_cat","embeddable":true,"href":"https:\/\/www.multicasa.com.br\/cuiaba\/wp-json\/wp\/v2\/product_cat?post=17305"},{"taxonomy":"product_tag","embeddable":true,"href":"https:\/\/www.multicasa.com.br\/cuiaba\/wp-json\/wp\/v2\/product_tag?post=17305"}],"curies":[{"name":"wp","href":"https:\/\/api.w.org\/{rel}","templated":true}]}}