{"id":17306,"date":"2025-06-20T19:17:54","date_gmt":"2025-06-20T23:17:54","guid":{"rendered":"http:\/\/www.multicasa.com.br\/cuiaba\/?post_type=product&#038;p=17306"},"modified":"2026-01-09T16:00:11","modified_gmt":"2026-01-09T20:00:11","slug":"furadeira-de-impacto-3-8-560w-127v-blackdecker","status":"publish","type":"product","link":"https:\/\/www.multicasa.com.br\/cuiaba\/produto\/furadeira-de-impacto-3-8-560w-127v-blackdecker\/","title":{"rendered":"Furadeira de Impacto 3\/8 560W 127V Black+Decker<br>SKU: 3914879"},"content":{"rendered":"<p>A Furadeira de Impacto 100% rolamentada possui mandril de 3\/8&#8243; (10mm), bot\u00e3o seletor de impacto e rota\u00e7\u00e3o, motor com duplo isolamento e trava de uso cont\u00ednuo.<\/p>\n","protected":false},"excerpt":{"rendered":"<h4 style=\"margin: 0px;padding: 0px 0px 16px;font-family: Lato, sans-serif;font-weight: bold;line-height: 3rem;color: var(--dark-grey3);font-size: 22px;font-style: normal;letter-spacing: normal;text-align: start;text-indent: 0px;text-transform: none\">Informa\u00e7\u00f5es t\u00e9cnicas<\/h4>\n<p><span style=\"margin: 0px;padding: 0px;font-weight: 450;font-size: 14px;line-height: 21px;color: var(--dark-grey2);font-family: Lato, sans-serif;font-style: normal;letter-spacing: normal;text-align: start;text-indent: 0px;text-transform: none\">&#8211; A\u00e7\u00e3o impacto para trabalhar mais r\u00e1pido em concreto e azulejos<br \/>\n&#8211; Trava de gatilho para uso cont\u00ednuo<br \/>\n&#8211; Seletor de impacto ou rota\u00e7\u00e3o<br \/>\n&#8211; Empunhadura com desenho ergon\u00f4mico<br \/>\n&#8211; Pot\u00eancia: 560W<br \/>\n&#8211; Tens\u00e3o: 127V<br \/>\n&#8211; Mandril: 3\/8&#8243; (10 mm)<br \/>\n&#8211; Velocidade: 2800\/min (rpm)<br \/>\n&#8211; Impacto: 45000 Ipm<br \/>\n&#8211; A\u00e7\u00e3o impacto: Sim<\/span><\/p>\n","protected":false},"featured_media":25245,"template":"","meta":{"_joinchat":[]},"product_brand":[],"product_cat":[152],"product_tag":[],"class_list":{"0":"post-17306","1":"product","2":"type-product","3":"status-publish","4":"has-post-thumbnail","6":"product_cat-ferramentas-eletricas","8":"first","9":"instock","10":"featured","11":"shipping-taxable","12":"purchasable","13":"product-type-simple"},"_links":{"self":[{"href":"https:\/\/www.multicasa.com.br\/cuiaba\/wp-json\/wp\/v2\/product\/17306","targetHints":{"allow":["GET"]}}],"collection":[{"href":"https:\/\/www.multicasa.com.br\/cuiaba\/wp-json\/wp\/v2\/product"}],"about":[{"href":"https:\/\/www.multicasa.com.br\/cuiaba\/wp-json\/wp\/v2\/types\/product"}],"wp:featuredmedia":[{"embeddable":true,"href":"https:\/\/www.multicasa.com.br\/cuiaba\/wp-json\/wp\/v2\/media\/25245"}],"wp:attachment":[{"href":"https:\/\/www.multicasa.com.br\/cuiaba\/wp-json\/wp\/v2\/media?parent=17306"}],"wp:term":[{"taxonomy":"product_brand","embeddable":true,"href":"https:\/\/www.multicasa.com.br\/cuiaba\/wp-json\/wp\/v2\/product_brand?post=17306"},{"taxonomy":"product_cat","embeddable":true,"href":"https:\/\/www.multicasa.com.br\/cuiaba\/wp-json\/wp\/v2\/product_cat?post=17306"},{"taxonomy":"product_tag","embeddable":true,"href":"https:\/\/www.multicasa.com.br\/cuiaba\/wp-json\/wp\/v2\/product_tag?post=17306"}],"curies":[{"name":"wp","href":"https:\/\/api.w.org\/{rel}","templated":true}]}}