{"id":17310,"date":"2025-06-20T19:17:54","date_gmt":"2025-06-20T23:17:54","guid":{"rendered":"http:\/\/www.multicasa.com.br\/cuiaba\/?post_type=product&#038;p=17310"},"modified":"2025-10-31T08:44:14","modified_gmt":"2025-10-31T12:44:14","slug":"torneira-lav-banc-10065c-mebermatic","status":"publish","type":"product","link":"https:\/\/www.multicasa.com.br\/cuiaba\/produto\/torneira-lav-banc-10065c-mebermatic\/","title":{"rendered":"Torneira Lav.Banc.10065C Mebermatic<br>SKU: 3933776"},"content":{"rendered":"<p>Destaque na linha de economizadores, a cole\u00e7\u00e3o Mebermatic \u00e9 refer\u00eancia no consumo consciente dos recursos naturais. Sua combina\u00e7\u00e3o inteligente permite agregar \u00e0s exig\u00eancias de sustentabilidade o toque de sofistica\u00e7\u00e3o de um design marcante. A impon\u00eancia de suas curvas traz requinte aos projetos, tornando os espa\u00e7os especialmente nobres. Seu acionamento \u00e9 temporizado, evitando desperd\u00edcio de \u00e1gua. A linha permite, atrav\u00e9s do arejador economizador, at\u00e9 60% de economia no consumo. <\/p>\n","protected":false},"excerpt":{"rendered":"<h4 style=\"margin: 0px;padding: 0px 0px 16px;font-family: Lato, sans-serif;font-weight: bold;line-height: 3rem;color: var(--dark-grey3);font-size: 22px;font-style: normal;letter-spacing: normal;text-align: start;text-indent: 0px;text-transform: none\">Informa\u00e7\u00f5es t\u00e9cnicas<\/h4>\n<p><span style=\"margin: 0px;padding: 0px;font-weight: 450;font-size: 14px;line-height: 21px;color: var(--dark-grey2);font-family: Lato, sans-serif;font-style: normal;letter-spacing: normal;text-align: start;text-indent: 0px;text-transform: none\">Produto: TORNEIRA LAV.BANC.10065C MEBERMATIC<br \/>\nMarca: MEBER<\/p>\n<p>Caracteristicas:<br \/>\n&#8211; Sistema de Acionamento: Autom\u00e1tico temporizado;<br \/>\n&#8211; Cromado;<br \/>\n&#8211; Produzido em Liga de Cobre;<br \/>\n&#8211; Press\u00e3o est\u00e1tica: 2 a 40 m. C. A.<br \/>\nComprimento: 13 cm<br \/>\nLargura: 3,5 cm<br \/>\nAltura: 16 cm<br \/>\nPeso: 659 g<\/span><\/p>\n","protected":false},"featured_media":26141,"template":"","meta":{"_joinchat":[]},"product_brand":[],"product_cat":[67],"product_tag":[],"class_list":{"0":"post-17310","1":"product","2":"type-product","3":"status-publish","4":"has-post-thumbnail","6":"product_cat-torneiras-e-cia","8":"first","9":"instock","10":"shipping-taxable","11":"purchasable","12":"product-type-simple"},"_links":{"self":[{"href":"https:\/\/www.multicasa.com.br\/cuiaba\/wp-json\/wp\/v2\/product\/17310","targetHints":{"allow":["GET"]}}],"collection":[{"href":"https:\/\/www.multicasa.com.br\/cuiaba\/wp-json\/wp\/v2\/product"}],"about":[{"href":"https:\/\/www.multicasa.com.br\/cuiaba\/wp-json\/wp\/v2\/types\/product"}],"wp:featuredmedia":[{"embeddable":true,"href":"https:\/\/www.multicasa.com.br\/cuiaba\/wp-json\/wp\/v2\/media\/26141"}],"wp:attachment":[{"href":"https:\/\/www.multicasa.com.br\/cuiaba\/wp-json\/wp\/v2\/media?parent=17310"}],"wp:term":[{"taxonomy":"product_brand","embeddable":true,"href":"https:\/\/www.multicasa.com.br\/cuiaba\/wp-json\/wp\/v2\/product_brand?post=17310"},{"taxonomy":"product_cat","embeddable":true,"href":"https:\/\/www.multicasa.com.br\/cuiaba\/wp-json\/wp\/v2\/product_cat?post=17310"},{"taxonomy":"product_tag","embeddable":true,"href":"https:\/\/www.multicasa.com.br\/cuiaba\/wp-json\/wp\/v2\/product_tag?post=17310"}],"curies":[{"name":"wp","href":"https:\/\/api.w.org\/{rel}","templated":true}]}}