{"id":17319,"date":"2025-06-20T19:18:02","date_gmt":"2025-06-20T23:18:02","guid":{"rendered":"http:\/\/www.multicasa.com.br\/cuiaba\/?post_type=product&#038;p=17319"},"modified":"2026-03-11T09:00:24","modified_gmt":"2026-03-11T13:00:24","slug":"enrolador-de-mangueira-com-rodas-55m-tramontina","status":"publish","type":"product","link":"https:\/\/www.multicasa.com.br\/cuiaba\/produto\/enrolador-de-mangueira-com-rodas-55m-tramontina\/","title":{"rendered":"Enrolador de Mangueira com rodas 55M Tramontina<br>SKU: 4019180"},"content":{"rendered":"<p>Para evitar que sua mangueira fique com n\u00f3s e bloqueie a sa\u00edda de \u00e1gua, voc\u00ea precisa de um produto que seja pr\u00e1tico para mant\u00ea-la organizada. O enrolador de mangueira Tramontina com rodinhas \u00e9 perfeito para essa funcionalidade. Al\u00e9m disso, o acess\u00f3rio \u00e9 produzido em polipropileno de alta resist\u00eancia, proporcionando maior durabilidade. O produto ainda pode ser transportado com facilidade para qualquer lugar do seu p\u00e1tio.<\/p>\n","protected":false},"excerpt":{"rendered":"<h4 style=\"margin: 0px;padding: 0px 0px 16px;font-family: Lato, sans-serif;font-weight: bold;line-height: 3rem;color: var(--dark-grey3);font-size: 22px;font-style: normal;letter-spacing: normal;text-align: start;text-indent: 0px;text-transform: none\">Informa\u00e7\u00f5es t\u00e9cnicas<\/h4>\n<p><span style=\"margin: 0px;padding: 0px;font-weight: 450;font-size: 14px;line-height: 21px;color: var(--dark-grey2);font-family: Lato, sans-serif;font-style: normal;letter-spacing: normal;text-align: start;text-indent: 0px;text-transform: none\">&#8211; Vers\u00e1til e resistente.<br \/>\n&#8211; Grande durabilidade.<br \/>\n&#8211; Fabricado em polipropileno de alta resist\u00eancia, proporcionando maior durabilidade e \u00f3timo acabamento.<br \/>\n&#8211; Pe\u00e7as met\u00e1licas possuem pintura eletrost\u00e1tica a p\u00f3, que tem uma melhor apresenta\u00e7\u00e3o visual e maior prote\u00e7\u00e3o contra oxida\u00e7\u00e3o.<br \/>\n&#8211; Capacidade de armazenamento de at\u00e9 55 metros de mangueira 1\/2&#8243;. Este \u00e9 apenas um valor de refer\u00eancia, considerando uma mangueira de 1\/2&#8243;. O valor pode variar para mais ou para menos, dependendo do modelo e do di\u00e2metro da mangueira.<br \/>\n&#8211; Com rodas que facilitam a movimenta\u00e7\u00e3o.<br \/>\n&#8211; Acompanha 02 engates r\u00e1pidos (78506\/000) e 01 adaptador f\u00eamea com rosca externa de 3\/4&#8243;.<br \/>\n&#8211; Altura: 86,5 cm<br \/>\n&#8211; Largura: 51,4 cm<br \/>\n&#8211; Comprimento: 46 cm<br \/>\n&#8211; Peso: 2,97kg<\/span><\/p>\n","protected":false},"featured_media":25111,"template":"","meta":{"_joinchat":[]},"product_brand":[],"product_cat":[76],"product_tag":[],"class_list":{"0":"post-17319","1":"product","2":"type-product","3":"status-publish","4":"has-post-thumbnail","6":"product_cat-jardinagem","8":"first","9":"instock","10":"shipping-taxable","11":"purchasable","12":"product-type-simple"},"_links":{"self":[{"href":"https:\/\/www.multicasa.com.br\/cuiaba\/wp-json\/wp\/v2\/product\/17319","targetHints":{"allow":["GET"]}}],"collection":[{"href":"https:\/\/www.multicasa.com.br\/cuiaba\/wp-json\/wp\/v2\/product"}],"about":[{"href":"https:\/\/www.multicasa.com.br\/cuiaba\/wp-json\/wp\/v2\/types\/product"}],"wp:featuredmedia":[{"embeddable":true,"href":"https:\/\/www.multicasa.com.br\/cuiaba\/wp-json\/wp\/v2\/media\/25111"}],"wp:attachment":[{"href":"https:\/\/www.multicasa.com.br\/cuiaba\/wp-json\/wp\/v2\/media?parent=17319"}],"wp:term":[{"taxonomy":"product_brand","embeddable":true,"href":"https:\/\/www.multicasa.com.br\/cuiaba\/wp-json\/wp\/v2\/product_brand?post=17319"},{"taxonomy":"product_cat","embeddable":true,"href":"https:\/\/www.multicasa.com.br\/cuiaba\/wp-json\/wp\/v2\/product_cat?post=17319"},{"taxonomy":"product_tag","embeddable":true,"href":"https:\/\/www.multicasa.com.br\/cuiaba\/wp-json\/wp\/v2\/product_tag?post=17319"}],"curies":[{"name":"wp","href":"https:\/\/api.w.org\/{rel}","templated":true}]}}