{"id":17322,"date":"2025-06-20T19:18:03","date_gmt":"2025-06-20T23:18:03","guid":{"rendered":"http:\/\/www.multicasa.com.br\/cuiaba\/?post_type=product&#038;p=17322"},"modified":"2026-04-16T16:51:10","modified_gmt":"2026-04-16T20:51:10","slug":"cotovelo-90-cobre-22mm-eluma","status":"publish","type":"product","link":"https:\/\/www.multicasa.com.br\/cuiaba\/produto\/cotovelo-90-cobre-22mm-eluma\/","title":{"rendered":"Cotovelo 90 Cobre 22Mm Eluma<br>SKU: 4037510"},"content":{"rendered":"<p>As conex\u00f5es Eluma s\u00e3o produzidas em cobre ou bronze, de acordo com a Norma ABNT &#8211; NBR 11720, s\u00e3o utilizadas atrav\u00e9s da soldagem capilar. As conex\u00f5es com anel, torna-se desnecess\u00e1ria a aplica\u00e7\u00e3o de solda externa. Conex\u00e3o de Cobre e Bronze da Eluma atendem a todas as classes (A,E e I) dos tubos Hidrolar\u00ae Eluma.<\/p>\n","protected":false},"excerpt":{"rendered":"<h4 style=\"margin: 0px;padding: 0px 0px 16px;font-family: Lato, sans-serif;font-weight: bold;line-height: 3rem;color: var(--dark-grey3);font-size: 22px;font-style: normal;letter-spacing: normal;text-align: start;text-indent: 0px;text-transform: none\">Informa\u00e7\u00f5es t\u00e9cnicas<\/h4>\n<p><span style=\"margin: 0px;padding: 0px;font-weight: 450;font-size: 14px;line-height: 21px;color: var(--dark-grey2);font-family: Lato, sans-serif;font-style: normal;letter-spacing: normal;text-align: start;text-indent: 0px;text-transform: none\">PRODUTO: COTOVELO 90 COBRE 22MM<br \/>\nMARCA: ELUMA<br \/>\nCARACTER\u00cdSTICAS:<br \/>\n&#8211; Instala\u00e7\u00f5es hidr\u00e1ulicas (\u00e1gua quente e \u00e1gua fria);<br \/>\n&#8211; Instala\u00e7\u00f5es de combate a inc\u00eandio (hidrante e sprinkler);<br \/>\n&#8211; Instala\u00e7\u00f5es de gases combust\u00edveis;<br \/>\n&#8211; Instala\u00e7\u00f5es para gases de uso medicinal e v\u00e1cuo para uso em servi\u00e7os de sa\u00fade;<br \/>\n&#8211; Instala\u00e7\u00f5es industriais;<br \/>\n&#8211; Descarte de \u00f3leo de cozinha<br \/>\n<\/span><\/p>\n","protected":false},"featured_media":25040,"template":"","meta":{"_joinchat":[]},"product_brand":[],"product_cat":[73],"product_tag":[],"class_list":{"0":"post-17322","1":"product","2":"type-product","3":"status-publish","4":"has-post-thumbnail","6":"product_cat-tubos-e-conexoes","8":"first","9":"instock","10":"shipping-taxable","11":"purchasable","12":"product-type-simple"},"_links":{"self":[{"href":"https:\/\/www.multicasa.com.br\/cuiaba\/wp-json\/wp\/v2\/product\/17322","targetHints":{"allow":["GET"]}}],"collection":[{"href":"https:\/\/www.multicasa.com.br\/cuiaba\/wp-json\/wp\/v2\/product"}],"about":[{"href":"https:\/\/www.multicasa.com.br\/cuiaba\/wp-json\/wp\/v2\/types\/product"}],"wp:featuredmedia":[{"embeddable":true,"href":"https:\/\/www.multicasa.com.br\/cuiaba\/wp-json\/wp\/v2\/media\/25040"}],"wp:attachment":[{"href":"https:\/\/www.multicasa.com.br\/cuiaba\/wp-json\/wp\/v2\/media?parent=17322"}],"wp:term":[{"taxonomy":"product_brand","embeddable":true,"href":"https:\/\/www.multicasa.com.br\/cuiaba\/wp-json\/wp\/v2\/product_brand?post=17322"},{"taxonomy":"product_cat","embeddable":true,"href":"https:\/\/www.multicasa.com.br\/cuiaba\/wp-json\/wp\/v2\/product_cat?post=17322"},{"taxonomy":"product_tag","embeddable":true,"href":"https:\/\/www.multicasa.com.br\/cuiaba\/wp-json\/wp\/v2\/product_tag?post=17322"}],"curies":[{"name":"wp","href":"https:\/\/api.w.org\/{rel}","templated":true}]}}