{"id":17326,"date":"2025-06-20T19:18:03","date_gmt":"2025-06-20T23:18:03","guid":{"rendered":"http:\/\/www.multicasa.com.br\/cuiaba\/?post_type=product&#038;p=17326"},"modified":"2026-04-07T14:50:28","modified_gmt":"2026-04-07T18:50:28","slug":"cabo-flex-750v-15mm-100m-am-corf","status":"publish","type":"product","link":"https:\/\/www.multicasa.com.br\/cuiaba\/produto\/cabo-flex-750v-15mm-100m-am-corf\/","title":{"rendered":"Cabo Flex.750V 1,5Mm 100M Am Corf<br>SKU: 4063680"},"content":{"rendered":"<p>Recomendado para aplica\u00e7\u00f5es onde exigem-se cabos com maior flexibilidade, como em redes de distribui\u00e7\u00e3o de energia de pr\u00e9dios residenciais, comerciais e industriais, liga\u00e7\u00f5es de pain\u00e9is e motores el\u00e9tricos<\/p>\n","protected":false},"excerpt":{"rendered":"<h4 style=\"margin: 0px;padding: 0px 0px 16px;font-family: Lato, sans-serif;font-weight: bold;line-height: 3rem;color: var(--dark-grey3);font-size: 22px;font-style: normal;letter-spacing: normal;text-align: start;text-indent: 0px;text-transform: none\">Informa\u00e7\u00f5es t\u00e9cnicas<\/h4>\n<p><span style=\"margin: 0px;padding: 0px;font-weight: 450;font-size: 14px;line-height: 21px;color: var(--dark-grey2);font-family: Lato, sans-serif;font-style: normal;letter-spacing: normal;text-align: start;text-indent: 0px;text-transform: none\">&#8220;Produto: CABO FLEX.750V 1,5MM 100M AM CORF<br \/>\nMarca: CORFIO<\/p>\n<p>Caracteristicas:<br \/>\n&#8211; Condutor flex\u00edvel de cobre nu, t\u00eampera mole, encordoamento classe 4 ou classe 5.<br \/>\nIsola\u00e7\u00e3o de PVC\/A 70\u00b0C &#8211; composto termopl\u00e1stico extrudado \u00e0 base de policloreto de vinila, com caracter\u00edsticas especiais para n\u00e3o propaga\u00e7\u00e3o e autoextin\u00e7\u00e3o do fogo;<br \/>\n&#8211; Isola\u00e7\u00e3o de PVC\/A 70\u00b0C &#8211; composto termopl\u00e1stico extrudado \u00e0 base de policloreto de vinila, com caracter\u00edsticas especiais para n\u00e3o propaga\u00e7\u00e3o e autoextin\u00e7\u00e3o do fogo. Nas sess\u00f5es 0,5mm\u00b2 a 10mm\u00b2 possui caracter\u00edsticas para propiciar bom acabamento e facilitar o deslizamento dos condutores pelos eletrodutos ou calhas;<br \/>\n&#8211; Condutor com caracter\u00edsticas de n\u00e3o propaga\u00e7\u00e3o e autoextin\u00e7\u00e3o do fogo. &#8220;<\/span><\/p>\n","protected":false},"featured_media":24755,"template":"","meta":{"_joinchat":[]},"product_brand":[],"product_cat":[121],"product_tag":[],"class_list":{"0":"post-17326","1":"product","2":"type-product","3":"status-publish","4":"has-post-thumbnail","6":"product_cat-fios-e-cabo","8":"first","9":"instock","10":"shipping-taxable","11":"purchasable","12":"product-type-simple"},"_links":{"self":[{"href":"https:\/\/www.multicasa.com.br\/cuiaba\/wp-json\/wp\/v2\/product\/17326","targetHints":{"allow":["GET"]}}],"collection":[{"href":"https:\/\/www.multicasa.com.br\/cuiaba\/wp-json\/wp\/v2\/product"}],"about":[{"href":"https:\/\/www.multicasa.com.br\/cuiaba\/wp-json\/wp\/v2\/types\/product"}],"wp:featuredmedia":[{"embeddable":true,"href":"https:\/\/www.multicasa.com.br\/cuiaba\/wp-json\/wp\/v2\/media\/24755"}],"wp:attachment":[{"href":"https:\/\/www.multicasa.com.br\/cuiaba\/wp-json\/wp\/v2\/media?parent=17326"}],"wp:term":[{"taxonomy":"product_brand","embeddable":true,"href":"https:\/\/www.multicasa.com.br\/cuiaba\/wp-json\/wp\/v2\/product_brand?post=17326"},{"taxonomy":"product_cat","embeddable":true,"href":"https:\/\/www.multicasa.com.br\/cuiaba\/wp-json\/wp\/v2\/product_cat?post=17326"},{"taxonomy":"product_tag","embeddable":true,"href":"https:\/\/www.multicasa.com.br\/cuiaba\/wp-json\/wp\/v2\/product_tag?post=17326"}],"curies":[{"name":"wp","href":"https:\/\/api.w.org\/{rel}","templated":true}]}}