{"id":17340,"date":"2025-06-20T19:18:05","date_gmt":"2025-06-20T23:18:05","guid":{"rendered":"http:\/\/www.multicasa.com.br\/cuiaba\/?post_type=product&#038;p=17340"},"modified":"2026-04-24T09:50:45","modified_gmt":"2026-04-24T13:50:45","slug":"cordao-par-2x25mm-1m-bc-corfio","status":"publish","type":"product","link":"https:\/\/www.multicasa.com.br\/cuiaba\/produto\/cordao-par-2x25mm-1m-bc-corfio\/","title":{"rendered":"Cordao Par.2X2,5Mm 1M Bc Corfio<br>SKU: 4063854"},"content":{"rendered":"<p>Recomendado para liga\u00e7\u00e3o de equipamentos el\u00e9tricos port\u00e1teis, aparelhos de ilumina\u00e7\u00e3o, eletrodom\u00e9sticos e instala\u00e7\u00f5es residenciais n\u00e3o embutidas.<\/p>\n","protected":false},"excerpt":{"rendered":"<h4 style=\"margin: 0px;padding: 0px 0px 16px;font-family: Lato, sans-serif;font-weight: bold;line-height: 3rem;color: var(--dark-grey3);font-size: 22px;font-style: normal;letter-spacing: normal;text-align: start;text-indent: 0px;text-transform: none\">Informa\u00e7\u00f5es t\u00e9cnicas<\/h4>\n<p><span style=\"margin: 0px;padding: 0px;font-weight: 450;font-size: 14px;line-height: 21px;color: var(--dark-grey2);font-family: Lato, sans-serif;font-style: normal;letter-spacing: normal;text-align: start;text-indent: 0px;text-transform: none\">Produto: CORDAO PAR.2X2,5MM 1M BC CORFIO<br \/>\nMarca: CORFIO<\/p>\n<p>Caracteristicas:<br \/>\n70\u00b0C em regime permanente;<br \/>\n100\u00b0C em regime de sobrecarga;<br \/>\n160\u00b0C em regime de curto-circuito.<br \/>\nNorma Aplic\u00e1velABNT NBR NM 247-5 Cabos isolados com policloreto de vinila (PVC) para tens\u00f5es nominais at\u00e9 450-750 V, inclusive ? Parte 5 ? Cabos flex\u00edveis (cord\u00f5es) (IEC 60227-5, MOD).Aplica\u00e7\u00e3oCondutor recomendado para a liga\u00e7\u00e3o de equipamentos el\u00e9tricos, como eletrodom\u00e9sticos, aparelhos port\u00e1teis, lumin\u00e1rias e extens\u00f5es el\u00e9tricas.Constru\u00e7\u00e3oCondutor: formado por fios de cobre nu, t\u00eampera mole e encordoamento classe 4 ou 5 de acordo com a ABNT NBR NM 280.Isola\u00e7\u00e3o: PVC\/D 70\u00b0C &#8211; composto termopl\u00e1stico extrudado \u00e0 base de policloreto de vinila, com caracter\u00edsticas especiais para n\u00e3o propaga\u00e7\u00e3o e autoextin\u00e7\u00e3o do fogo.<\/span><\/p>\n","protected":false},"featured_media":25033,"template":"","meta":{"_joinchat":[]},"product_brand":[],"product_cat":[121],"product_tag":[],"class_list":{"0":"post-17340","1":"product","2":"type-product","3":"status-publish","4":"has-post-thumbnail","6":"product_cat-fios-e-cabo","8":"first","9":"instock","10":"shipping-taxable","11":"purchasable","12":"product-type-simple"},"_links":{"self":[{"href":"https:\/\/www.multicasa.com.br\/cuiaba\/wp-json\/wp\/v2\/product\/17340","targetHints":{"allow":["GET"]}}],"collection":[{"href":"https:\/\/www.multicasa.com.br\/cuiaba\/wp-json\/wp\/v2\/product"}],"about":[{"href":"https:\/\/www.multicasa.com.br\/cuiaba\/wp-json\/wp\/v2\/types\/product"}],"wp:featuredmedia":[{"embeddable":true,"href":"https:\/\/www.multicasa.com.br\/cuiaba\/wp-json\/wp\/v2\/media\/25033"}],"wp:attachment":[{"href":"https:\/\/www.multicasa.com.br\/cuiaba\/wp-json\/wp\/v2\/media?parent=17340"}],"wp:term":[{"taxonomy":"product_brand","embeddable":true,"href":"https:\/\/www.multicasa.com.br\/cuiaba\/wp-json\/wp\/v2\/product_brand?post=17340"},{"taxonomy":"product_cat","embeddable":true,"href":"https:\/\/www.multicasa.com.br\/cuiaba\/wp-json\/wp\/v2\/product_cat?post=17340"},{"taxonomy":"product_tag","embeddable":true,"href":"https:\/\/www.multicasa.com.br\/cuiaba\/wp-json\/wp\/v2\/product_tag?post=17340"}],"curies":[{"name":"wp","href":"https:\/\/api.w.org\/{rel}","templated":true}]}}