{"id":17344,"date":"2025-06-20T19:18:06","date_gmt":"2025-06-20T23:18:06","guid":{"rendered":"http:\/\/www.multicasa.com.br\/cuiaba\/?post_type=product&#038;p=17344"},"modified":"2025-10-31T08:44:38","modified_gmt":"2025-10-31T12:44:38","slug":"ducha-higienica-1850-c21-gat-cr-meb","status":"publish","type":"product","link":"https:\/\/www.multicasa.com.br\/cuiaba\/produto\/ducha-higienica-1850-c21-gat-cr-meb\/","title":{"rendered":"Ducha Higienica 1850 C21 Gat.Cr Meb<br>SKU: 4064160"},"content":{"rendered":"<p>Funcional, pr\u00e1tica e flex\u00edvel para atender com conforto \u00e0s situa\u00e7\u00f5es de uso, a ducha higi\u00eanica da linha Supernova traz o resgate do cl\u00e1ssico: uma pe\u00e7a f\u00e1cil de combinar e ideal para compor com harmonia os mais variados ambientes. Com design perfeitamente integrado, aliam \u00e0s situa\u00e7\u00f5es uso muito mais conforto e praticidade.<\/p>\n","protected":false},"excerpt":{"rendered":"<h4 style=\"margin: 0px;padding: 0px 0px 16px;font-family: Lato, sans-serif;font-weight: bold;line-height: 3rem;color: var(--dark-grey3);font-size: 22px;font-style: normal;letter-spacing: normal;text-align: start;text-indent: 0px;text-transform: none\">Informa\u00e7\u00f5es t\u00e9cnicas<\/h4>\n<p><span style=\"margin: 0px;padding: 0px;font-weight: 450;font-size: 14px;line-height: 21px;color: var(--dark-grey2);font-family: Lato, sans-serif;font-style: normal;letter-spacing: normal;text-align: start;text-indent: 0px;text-transform: none\">PRODUTO: DUCHA HIGIENICA 1850 C21 GAT.CR MEB<br \/>\nMARCA: MEBER<\/p>\n<p>caracteristicas<br \/>\n&#8211; Sistema de Acionamento: MVS;<br \/>\n&#8211; Gatilho ABS;<br \/>\n&#8211; Cromado;<br \/>\n&#8211; Produzido em Liga de Cobre e Liga de Zinco;<br \/>\n&#8211; Press\u00e3o est\u00e1tica: 2 a 40 M.C.A;<br \/>\n&#8211; Garantia 10 anos.<br \/>\n<\/span><\/p>\n","protected":false},"featured_media":25083,"template":"","meta":{"_joinchat":[]},"product_brand":[],"product_cat":[67],"product_tag":[],"class_list":{"0":"post-17344","1":"product","2":"type-product","3":"status-publish","4":"has-post-thumbnail","6":"product_cat-torneiras-e-cia","8":"first","9":"instock","10":"shipping-taxable","11":"purchasable","12":"product-type-simple"},"_links":{"self":[{"href":"https:\/\/www.multicasa.com.br\/cuiaba\/wp-json\/wp\/v2\/product\/17344","targetHints":{"allow":["GET"]}}],"collection":[{"href":"https:\/\/www.multicasa.com.br\/cuiaba\/wp-json\/wp\/v2\/product"}],"about":[{"href":"https:\/\/www.multicasa.com.br\/cuiaba\/wp-json\/wp\/v2\/types\/product"}],"wp:featuredmedia":[{"embeddable":true,"href":"https:\/\/www.multicasa.com.br\/cuiaba\/wp-json\/wp\/v2\/media\/25083"}],"wp:attachment":[{"href":"https:\/\/www.multicasa.com.br\/cuiaba\/wp-json\/wp\/v2\/media?parent=17344"}],"wp:term":[{"taxonomy":"product_brand","embeddable":true,"href":"https:\/\/www.multicasa.com.br\/cuiaba\/wp-json\/wp\/v2\/product_brand?post=17344"},{"taxonomy":"product_cat","embeddable":true,"href":"https:\/\/www.multicasa.com.br\/cuiaba\/wp-json\/wp\/v2\/product_cat?post=17344"},{"taxonomy":"product_tag","embeddable":true,"href":"https:\/\/www.multicasa.com.br\/cuiaba\/wp-json\/wp\/v2\/product_tag?post=17344"}],"curies":[{"name":"wp","href":"https:\/\/api.w.org\/{rel}","templated":true}]}}