{"id":17354,"date":"2025-06-20T19:18:14","date_gmt":"2025-06-20T23:18:14","guid":{"rendered":"http:\/\/www.multicasa.com.br\/cuiaba\/?post_type=product&#038;p=17354"},"modified":"2026-03-24T12:00:39","modified_gmt":"2026-03-24T16:00:39","slug":"viaplus-top-caixa-18kg-cz-viapol","status":"publish","type":"product","link":"https:\/\/www.multicasa.com.br\/cuiaba\/produto\/viaplus-top-caixa-18kg-cz-viapol\/","title":{"rendered":"Viaplus Top Caixa 18Kg Cz Viapol<br>SKU: 4339525"},"content":{"rendered":"<p>Revestimento impermeabilizante, semi-flex\u00edvel, bicomponente (A+B), \u00e0 base de cimentos especiais, aditivos minerais e pol\u00edmeros de excelentes caracter\u00edsticas impermeabilizantes<\/p>\n","protected":false},"excerpt":{"rendered":"<h4 style=\"margin: 0px;padding: 0px 0px 16px;font-family: Lato, sans-serif;font-weight: bold;line-height: 3rem;color: var(--dark-grey3);font-size: 22px;font-style: normal;letter-spacing: normal;text-align: start;text-indent: 0px;text-transform: none\">Informa\u00e7\u00f5es t\u00e9cnicas<\/h4>\n<p><span style=\"margin: 0px;padding: 0px;font-weight: 450;font-size: 14px;line-height: 21px;color: var(--dark-grey2);font-family: Lato, sans-serif;font-style: normal;letter-spacing: normal;text-align: start;text-indent: 0px;text-transform: none\">PRODUTO: VIAPLUS TOP CAIXA 18KG CZ VIAPOL<br \/>\nMARCA: VIAPOL<\/p>\n<p>Caracter\u00edsticas T\u00e9cnicas:<br \/>\n&#8211; Resistente \u00e0s altas press\u00f5es hidrost\u00e1ticas, tanto positivas quanto negativas.<br \/>\n&#8211; Resiste at\u00e9 60 m.c.a.(metros de coluna d\u0092\u00e1gua).<br \/>\n&#8211; Apresenta \u00f3tima ader\u00eancia e resist\u00eancia mec\u00e2nica.<br \/>\n&#8211; N\u00e3o altera a potabilidade da \u00e1gua, sendo at\u00f3xico e inodoro.<br \/>\n&#8211; Produto de f\u00e1cil aplica\u00e7\u00e3o, com trincha ou vassoura de pelo.<br \/>\n&#8211; Aplicado sobre superf\u00edcies de concreto, alvenaria e argamassa.<br \/>\n&#8211; Permite assentamento direto de revestimentos sem a necessidade de prote\u00e7\u00e3o mec\u00e2nica no caso de banheiros, cozinhas e lavanderias sem cota.<br \/>\nUTILIZA\u00c7\u00c3O<br \/>\n&#8211; Impermeabiliza\u00e7\u00e3o de subsolos, cortinas, po\u00e7os de elevadores;<br \/>\n&#8211; Muros de arrimo concreto, baldrames, funda\u00e7\u00f5es, alicerces, &#8211; paredes internas e externas;<br \/>\n&#8211; Reservat\u00f3rio de \u00e1gua pot\u00e1vel enterrado;<br \/>\n&#8211; Sauna \u00famida;<br \/>\n&#8211; Pisos frios em contato com o solo;<br \/>\n&#8211; Estruturas sujeitas a infiltra\u00e7\u00e3o do len\u00e7ol fre\u00e1tico;<br \/>\n&#8211; Sistema duplo Viaplus Top e Viaplus 7000 ou Viaplus 5000 estruturada com tela de poli\u00e9ster Mantex\u00ae para reservat\u00f3rio de \u00e1gua pot\u00e1vel apoiado e elevado;<br \/>\n&#8211; Sistema duplo Viaplus Top e Viaplus 7000 para piscinas em  concreto enterradas\/ espelhos d\u0092agua enterrados;<br \/>\n&#8211; \u00c1reas molhadas e molh\u00e1veis em contato com o solo como banheiros, &#8211; cozinhas, lavanderias, \u00e1reas de servi\u00e7os e lavabos.<\/span><\/p>\n","protected":false},"featured_media":26286,"template":"","meta":{"_joinchat":[]},"product_brand":[],"product_cat":[155],"product_tag":[],"class_list":{"0":"post-17354","1":"product","2":"type-product","3":"status-publish","4":"has-post-thumbnail","6":"product_cat-impermeabilizantes-e-cia","8":"first","9":"instock","10":"shipping-taxable","11":"purchasable","12":"product-type-simple"},"_links":{"self":[{"href":"https:\/\/www.multicasa.com.br\/cuiaba\/wp-json\/wp\/v2\/product\/17354","targetHints":{"allow":["GET"]}}],"collection":[{"href":"https:\/\/www.multicasa.com.br\/cuiaba\/wp-json\/wp\/v2\/product"}],"about":[{"href":"https:\/\/www.multicasa.com.br\/cuiaba\/wp-json\/wp\/v2\/types\/product"}],"wp:featuredmedia":[{"embeddable":true,"href":"https:\/\/www.multicasa.com.br\/cuiaba\/wp-json\/wp\/v2\/media\/26286"}],"wp:attachment":[{"href":"https:\/\/www.multicasa.com.br\/cuiaba\/wp-json\/wp\/v2\/media?parent=17354"}],"wp:term":[{"taxonomy":"product_brand","embeddable":true,"href":"https:\/\/www.multicasa.com.br\/cuiaba\/wp-json\/wp\/v2\/product_brand?post=17354"},{"taxonomy":"product_cat","embeddable":true,"href":"https:\/\/www.multicasa.com.br\/cuiaba\/wp-json\/wp\/v2\/product_cat?post=17354"},{"taxonomy":"product_tag","embeddable":true,"href":"https:\/\/www.multicasa.com.br\/cuiaba\/wp-json\/wp\/v2\/product_tag?post=17354"}],"curies":[{"name":"wp","href":"https:\/\/api.w.org\/{rel}","templated":true}]}}