{"id":17360,"date":"2025-06-20T19:18:14","date_gmt":"2025-06-20T23:18:14","guid":{"rendered":"http:\/\/www.multicasa.com.br\/cuiaba\/?post_type=product&#038;p=17360"},"modified":"2025-10-16T17:05:34","modified_gmt":"2025-10-16T21:05:34","slug":"fita-veda-rosca-3-4x50m-tigre","status":"publish","type":"product","link":"https:\/\/www.multicasa.com.br\/cuiaba\/produto\/fita-veda-rosca-3-4x50m-tigre\/","title":{"rendered":"Fita Veda Rosca 3\/4X50M Tigre<br>SKU: 4399021"},"content":{"rendered":"<p>Veda\u00e7\u00e3o completa, f\u00e1cil de aplicar. A Fita Veda Rosca Tigre \u00e9 usada para vedar juntas rosc\u00e1veis (PVC, CPVC ou metal), tanto para instala\u00e7\u00f5es de \u00e1gua fria como quente. F\u00e1cil de aplicar, ideal para eliminar as folgas existentes entre as roscas. Imagens meramente Ilustrativas.<\/p>\n","protected":false},"excerpt":{"rendered":"<h4 style=\"margin: 0px;padding: 0px 0px 16px;font-family: Lato, sans-serif;font-weight: bold;line-height: 3rem;color: var(--dark-grey3);font-size: 22px;font-style: normal;letter-spacing: normal;text-align: start;text-indent: 0px;text-transform: none\">Informa\u00e7\u00f5es t\u00e9cnicas<\/h4>\n<p><span style=\"margin: 0px;padding: 0px;font-weight: 450;font-size: 14px;line-height: 21px;color: var(--dark-grey2);font-family: Lato, sans-serif;font-style: normal;letter-spacing: normal;text-align: start;text-indent: 0px;text-transform: none\">PRODUTO: FITA VEDA ROSCA 3\/4X50M TIGRE<br \/>\nMARCA: TIGRE<\/p>\n<p>Caracter\u00edsticas T\u00e9cnicas: <\/p>\n<p>&#8211; Modelo: Fita Veda Rosca 50 mt;<br \/>\n&#8211; Comprimento da fita: 50 metros;<br \/>\n&#8211; Largura da Fita: 3\/4;<br \/>\n&#8211; Material Produto 100% a base de resina PTFE politetrafluoretileno: n\u00e3o sinterizado;<br \/>\n&#8211; NormaNBR 16368;<br \/>\n&#8211; Cor: Branco;<br \/>\n<\/span><\/p>\n","protected":false},"featured_media":25216,"template":"","meta":{"_joinchat":[]},"product_brand":[],"product_cat":[73],"product_tag":[],"class_list":{"0":"post-17360","1":"product","2":"type-product","3":"status-publish","4":"has-post-thumbnail","6":"product_cat-tubos-e-conexoes","8":"first","9":"instock","10":"shipping-taxable","11":"purchasable","12":"product-type-simple"},"_links":{"self":[{"href":"https:\/\/www.multicasa.com.br\/cuiaba\/wp-json\/wp\/v2\/product\/17360","targetHints":{"allow":["GET"]}}],"collection":[{"href":"https:\/\/www.multicasa.com.br\/cuiaba\/wp-json\/wp\/v2\/product"}],"about":[{"href":"https:\/\/www.multicasa.com.br\/cuiaba\/wp-json\/wp\/v2\/types\/product"}],"wp:featuredmedia":[{"embeddable":true,"href":"https:\/\/www.multicasa.com.br\/cuiaba\/wp-json\/wp\/v2\/media\/25216"}],"wp:attachment":[{"href":"https:\/\/www.multicasa.com.br\/cuiaba\/wp-json\/wp\/v2\/media?parent=17360"}],"wp:term":[{"taxonomy":"product_brand","embeddable":true,"href":"https:\/\/www.multicasa.com.br\/cuiaba\/wp-json\/wp\/v2\/product_brand?post=17360"},{"taxonomy":"product_cat","embeddable":true,"href":"https:\/\/www.multicasa.com.br\/cuiaba\/wp-json\/wp\/v2\/product_cat?post=17360"},{"taxonomy":"product_tag","embeddable":true,"href":"https:\/\/www.multicasa.com.br\/cuiaba\/wp-json\/wp\/v2\/product_tag?post=17360"}],"curies":[{"name":"wp","href":"https:\/\/api.w.org\/{rel}","templated":true}]}}