{"id":17361,"date":"2025-06-20T19:18:14","date_gmt":"2025-06-20T23:18:14","guid":{"rendered":"http:\/\/www.multicasa.com.br\/cuiaba\/?post_type=product&#038;p=17361"},"modified":"2026-03-27T17:30:16","modified_gmt":"2026-03-27T21:30:16","slug":"broca-para-concreto-videa-tramontina-4mm","status":"publish","type":"product","link":"https:\/\/www.multicasa.com.br\/cuiaba\/produto\/broca-para-concreto-videa-tramontina-4mm\/","title":{"rendered":"Broca para Concreto V\u00eddea Tramontina 4mm<br>SKU: 1000354"},"content":{"rendered":"<p>A Broca para Concreto de 4x75mm &#8211; 5\/32&#8243; da Tramontina \u00e9 feita em a\u00e7o especial com acabamento jateado DIN 8039. Ela \u00e9 perfeita para obter a precis\u00e3o e facilidade na hora de executar perfura\u00e7\u00f5es em superf\u00edcies de concreto. A broca deve ser utilizada com furadeiras de impacto no modo martelete. As brocas de concreto da Tramontina s\u00e3o resistentes e dur\u00e1veis, n\u00e3o pode faltar na sua caixa de ferramentas.<\/p>\n","protected":false},"excerpt":{"rendered":"<h4 style=\"margin: 0px;padding: 0px 0px 16px;font-family: Lato, sans-serif;font-weight: bold;line-height: 3rem;color: var(--dark-grey3);font-size: 22px;font-style: normal;letter-spacing: normal;text-align: start;text-indent: 0px;text-transform: none\">Informa\u00e7\u00f5es t\u00e9cnicas<\/h4>\n<p><span style=\"margin: 0px;padding: 0px;font-weight: 450;font-size: 14px;line-height: 21px;color: var(--dark-grey2);font-family: Lato, sans-serif;font-style: normal;letter-spacing: normal;text-align: start;text-indent: 0px;text-transform: none\">Produto: Broca V\u00eddea<br \/>\nMarca: Tramontina<br \/>\nMaterial: A\u00e7o especial<br \/>\nCaracter\u00edsticas: acabamento jateado, ponta em carboneto de tungst\u00eanio (metal duro), t\u00eampera total no corpo<br \/>\nItens Inclusos: 1 Broca<br \/>\nDi\u00e2metro do produto: 4mm<br \/>\nDimens\u00f5es do produto em polegadas: 5\/32&#8243;<br \/>\nDimens\u00f5es do produto (A x L): 75 x 4mm<br \/>\nPeso: 0,01kg<\/span><\/p>\n","protected":false},"featured_media":17377,"template":"","meta":{"_joinchat":[]},"product_brand":[],"product_cat":[152],"product_tag":[],"class_list":{"0":"post-17361","1":"product","2":"type-product","3":"status-publish","4":"has-post-thumbnail","6":"product_cat-ferramentas-eletricas","8":"first","9":"instock","10":"shipping-taxable","11":"purchasable","12":"product-type-simple"},"_links":{"self":[{"href":"https:\/\/www.multicasa.com.br\/cuiaba\/wp-json\/wp\/v2\/product\/17361","targetHints":{"allow":["GET"]}}],"collection":[{"href":"https:\/\/www.multicasa.com.br\/cuiaba\/wp-json\/wp\/v2\/product"}],"about":[{"href":"https:\/\/www.multicasa.com.br\/cuiaba\/wp-json\/wp\/v2\/types\/product"}],"wp:featuredmedia":[{"embeddable":true,"href":"https:\/\/www.multicasa.com.br\/cuiaba\/wp-json\/wp\/v2\/media\/17377"}],"wp:attachment":[{"href":"https:\/\/www.multicasa.com.br\/cuiaba\/wp-json\/wp\/v2\/media?parent=17361"}],"wp:term":[{"taxonomy":"product_brand","embeddable":true,"href":"https:\/\/www.multicasa.com.br\/cuiaba\/wp-json\/wp\/v2\/product_brand?post=17361"},{"taxonomy":"product_cat","embeddable":true,"href":"https:\/\/www.multicasa.com.br\/cuiaba\/wp-json\/wp\/v2\/product_cat?post=17361"},{"taxonomy":"product_tag","embeddable":true,"href":"https:\/\/www.multicasa.com.br\/cuiaba\/wp-json\/wp\/v2\/product_tag?post=17361"}],"curies":[{"name":"wp","href":"https:\/\/api.w.org\/{rel}","templated":true}]}}