{"id":17363,"date":"2025-06-20T19:18:15","date_gmt":"2025-06-20T23:18:15","guid":{"rendered":"http:\/\/www.multicasa.com.br\/cuiaba\/?post_type=product&#038;p=17363"},"modified":"2026-01-31T10:50:15","modified_gmt":"2026-01-31T14:50:15","slug":"broca-para-concreto-videa-tramontina-7mm","status":"publish","type":"product","link":"https:\/\/www.multicasa.com.br\/cuiaba\/produto\/broca-para-concreto-videa-tramontina-7mm\/","title":{"rendered":"Broca para Concreto V\u00eddea Tramontina 7mm<br>SKU: 1000357"},"content":{"rendered":"<p>A Broca para Concreto de 7x100mm &#8211; 9\/32&#8243; da Tramontina \u00e9 feita em a\u00e7o especial com acabamento jateado DIN 8039. Execute seus trabalhos com excel\u00eancia e qualidade com produtos Tramontina. A broca deve ser utilizada juntamente com uma furadeira de impacto no modo martelete. As brocas de concreto da Tramontina s\u00e3o resistentes e dur\u00e1veis,trazendo melhor desempenho e resultados superiores.<\/p>\n","protected":false},"excerpt":{"rendered":"<h4 style=\"margin: 0px;padding: 0px 0px 16px;font-family: Lato, sans-serif;font-weight: bold;line-height: 3rem;color: var(--dark-grey3);font-size: 22px;font-style: normal;letter-spacing: normal;text-align: start;text-indent: 0px;text-transform: none\">Informa\u00e7\u00f5es t\u00e9cnicas<\/h4>\n<p><span style=\"margin: 0px;padding: 0px;font-weight: 450;font-size: 14px;line-height: 21px;color: var(--dark-grey2);font-family: Lato, sans-serif;font-style: normal;letter-spacing: normal;text-align: start;text-indent: 0px;text-transform: none\">Produto: Broca V\u00eddea<br \/>\nMarca: Tramontina<br \/>\nMaterial: A\u00e7o especial<br \/>\nCaracter\u00edsticas: acabamento jateado, ponta em carboneto de tungst\u00eanio (metal duro), t\u00eampera total no corpo<br \/>\nItens Inclusos: 1 Broca<br \/>\nDi\u00e2metro do produto: 7mm<br \/>\nDimens\u00f5es do produto em polegadas: 9\/32&#8243;<br \/>\nDimens\u00f5es do produto (A x L): 100 x 7mm<br \/>\nPeso: 0,03kg<\/span><\/p>\n","protected":false},"featured_media":17383,"template":"","meta":{"_joinchat":[]},"product_brand":[],"product_cat":[152],"product_tag":[],"class_list":{"0":"post-17363","1":"product","2":"type-product","3":"status-publish","4":"has-post-thumbnail","6":"product_cat-ferramentas-eletricas","8":"first","9":"instock","10":"shipping-taxable","11":"purchasable","12":"product-type-simple"},"_links":{"self":[{"href":"https:\/\/www.multicasa.com.br\/cuiaba\/wp-json\/wp\/v2\/product\/17363","targetHints":{"allow":["GET"]}}],"collection":[{"href":"https:\/\/www.multicasa.com.br\/cuiaba\/wp-json\/wp\/v2\/product"}],"about":[{"href":"https:\/\/www.multicasa.com.br\/cuiaba\/wp-json\/wp\/v2\/types\/product"}],"wp:featuredmedia":[{"embeddable":true,"href":"https:\/\/www.multicasa.com.br\/cuiaba\/wp-json\/wp\/v2\/media\/17383"}],"wp:attachment":[{"href":"https:\/\/www.multicasa.com.br\/cuiaba\/wp-json\/wp\/v2\/media?parent=17363"}],"wp:term":[{"taxonomy":"product_brand","embeddable":true,"href":"https:\/\/www.multicasa.com.br\/cuiaba\/wp-json\/wp\/v2\/product_brand?post=17363"},{"taxonomy":"product_cat","embeddable":true,"href":"https:\/\/www.multicasa.com.br\/cuiaba\/wp-json\/wp\/v2\/product_cat?post=17363"},{"taxonomy":"product_tag","embeddable":true,"href":"https:\/\/www.multicasa.com.br\/cuiaba\/wp-json\/wp\/v2\/product_tag?post=17363"}],"curies":[{"name":"wp","href":"https:\/\/api.w.org\/{rel}","templated":true}]}}