{"id":17374,"date":"2025-06-20T19:18:16","date_gmt":"2025-06-20T23:18:16","guid":{"rendered":"http:\/\/www.multicasa.com.br\/cuiaba\/?post_type=product&#038;p=17374"},"modified":"2026-03-17T15:50:34","modified_gmt":"2026-03-17T19:50:34","slug":"adaptador-com-flange-soldavel-para-caixa-dagua-tigre-25x3-4","status":"publish","type":"product","link":"https:\/\/www.multicasa.com.br\/cuiaba\/produto\/adaptador-com-flange-soldavel-para-caixa-dagua-tigre-25x3-4\/","title":{"rendered":"Adaptador com Flange Sold\u00e1vel para Caixa D&#8217;\u00c1gua Tigre 25&#215;3\/4&#8221;<br>SKU: 14311"},"content":{"rendered":"<p>O Adaptador Sold\u00e1vel com Flange Tigre \u00e9 ideal para caixa d?\u00e1gua e possui bitola de 25mm. \u00c9 fabricado em PVC marrom r\u00edgido e ideal para a linha de \u00e1gua fria.<\/p>\n","protected":false},"excerpt":{"rendered":"<h4 style=\"margin: 0px;padding: 0px 0px 16px;font-family: Lato, sans-serif;font-weight: bold;line-height: 3rem;color: var(--dark-grey3);font-size: 22px;font-style: normal;letter-spacing: normal;text-align: start;text-indent: 0px;text-transform: none\">Informa\u00e7\u00f5es t\u00e9cnicas<\/h4>\n<p><span style=\"margin: 0px;padding: 0px;font-weight: 450;font-size: 14px;line-height: 21px;color: var(--dark-grey2);font-family: Lato, sans-serif;font-style: normal;letter-spacing: normal;text-align: start;text-indent: 0px;text-transform: none\">Produto: Adaptador com Flange Sold\u00e1vel para Caixa D&#8217;\u00c1gua<br \/>\nMarca: Tigre<br \/>\nMaterial: PVC<br \/>\nCor: Marrom<br \/>\nCaracter\u00edsticas: Para linha de \u00e1gua fria<br \/>\nCom flange<br \/>\nSold\u00e1vel<br \/>\nBitola de 25mm<br \/>\nItens inclusos: 1 Adaptador com flange sold\u00e1vel<br \/>\nDimens\u00e3o do Produto (L x P): 25mm x 3\/4&#8221;<br \/>\n<\/span><\/p>\n","protected":false},"featured_media":17425,"template":"","meta":{"_joinchat":[]},"product_brand":[],"product_cat":[73],"product_tag":[],"class_list":{"0":"post-17374","1":"product","2":"type-product","3":"status-publish","4":"has-post-thumbnail","6":"product_cat-tubos-e-conexoes","8":"first","9":"instock","10":"shipping-taxable","11":"purchasable","12":"product-type-simple"},"_links":{"self":[{"href":"https:\/\/www.multicasa.com.br\/cuiaba\/wp-json\/wp\/v2\/product\/17374","targetHints":{"allow":["GET"]}}],"collection":[{"href":"https:\/\/www.multicasa.com.br\/cuiaba\/wp-json\/wp\/v2\/product"}],"about":[{"href":"https:\/\/www.multicasa.com.br\/cuiaba\/wp-json\/wp\/v2\/types\/product"}],"wp:featuredmedia":[{"embeddable":true,"href":"https:\/\/www.multicasa.com.br\/cuiaba\/wp-json\/wp\/v2\/media\/17425"}],"wp:attachment":[{"href":"https:\/\/www.multicasa.com.br\/cuiaba\/wp-json\/wp\/v2\/media?parent=17374"}],"wp:term":[{"taxonomy":"product_brand","embeddable":true,"href":"https:\/\/www.multicasa.com.br\/cuiaba\/wp-json\/wp\/v2\/product_brand?post=17374"},{"taxonomy":"product_cat","embeddable":true,"href":"https:\/\/www.multicasa.com.br\/cuiaba\/wp-json\/wp\/v2\/product_cat?post=17374"},{"taxonomy":"product_tag","embeddable":true,"href":"https:\/\/www.multicasa.com.br\/cuiaba\/wp-json\/wp\/v2\/product_tag?post=17374"}],"curies":[{"name":"wp","href":"https:\/\/api.w.org\/{rel}","templated":true}]}}