{"id":17398,"date":"2025-06-20T19:18:39","date_gmt":"2025-06-20T23:18:39","guid":{"rendered":"http:\/\/www.multicasa.com.br\/cuiaba\/?post_type=product&#038;p=17398"},"modified":"2025-08-17T23:14:17","modified_gmt":"2025-08-18T03:14:17","slug":"martelo-unha-20mm-tramontina","status":"publish","type":"product","link":"https:\/\/www.multicasa.com.br\/cuiaba\/produto\/martelo-unha-20mm-tramontina\/","title":{"rendered":"Martelo Unha 20mm Tramontina<br>SKU: 489816"},"content":{"rendered":"<p>O Martelo Unha 20mm Tramontina \u00e9 ideal para introduzir ou remover pregos, tamb\u00e9m pode ser utilizado para rasgar e remover componentes estruturais de madeira. Possui a cabe\u00e7a forjada, envernizada e temperada em a\u00e7o especial e acabamento jateado e, tamb\u00e9m cabo em madeira envernizada fixada com ep\u00f3xi, oferece prote\u00e7\u00e3o contra oxida\u00e7\u00e3o, tornando a ferramenta altamente resistente.<\/p>\n","protected":false},"excerpt":{"rendered":"<h4 style=\"margin: 0px;padding: 0px 0px 16px;font-family: Lato, sans-serif;font-weight: bold;line-height: 3rem;color: var(--dark-grey3);font-size: 22px;font-style: normal;letter-spacing: normal;text-align: start;text-indent: 0px;text-transform: none\">Informa\u00e7\u00f5es t\u00e9cnicas<\/h4>\n<p><span style=\"margin: 0px;padding: 0px;font-weight: 450;font-size: 14px;line-height: 21px;color: var(--dark-grey2);font-family: Lato, sans-serif;font-style: normal;letter-spacing: normal;text-align: start;text-indent: 0px;text-transform: none\">Produto: Martelo<br \/>\nTipo: Unha<br \/>\nMarca: Tramontina<br \/>\nMaterial: A\u00e7o especial temperado, madeira                                                                                                                          Caracter\u00edsticas: acabamento jateado e cabe\u00e7a envernizada<br \/>\nItens Inclusos: 1 martelo<br \/>\nDi\u00e2metro do produto: 20mm                                                                                                                               Dimens\u00f5es do produto (A x L x P): 28 x 9,2 x 2,7cm<br \/>\nPeso: 0,33kg<\/span><\/p>\n","protected":false},"featured_media":17444,"template":"","meta":{"_joinchat":[]},"product_brand":[],"product_cat":[137],"product_tag":[],"class_list":{"0":"post-17398","1":"product","2":"type-product","3":"status-publish","4":"has-post-thumbnail","6":"product_cat-ferramentas-manuais","8":"first","9":"instock","10":"shipping-taxable","11":"purchasable","12":"product-type-simple"},"_links":{"self":[{"href":"https:\/\/www.multicasa.com.br\/cuiaba\/wp-json\/wp\/v2\/product\/17398","targetHints":{"allow":["GET"]}}],"collection":[{"href":"https:\/\/www.multicasa.com.br\/cuiaba\/wp-json\/wp\/v2\/product"}],"about":[{"href":"https:\/\/www.multicasa.com.br\/cuiaba\/wp-json\/wp\/v2\/types\/product"}],"wp:featuredmedia":[{"embeddable":true,"href":"https:\/\/www.multicasa.com.br\/cuiaba\/wp-json\/wp\/v2\/media\/17444"}],"wp:attachment":[{"href":"https:\/\/www.multicasa.com.br\/cuiaba\/wp-json\/wp\/v2\/media?parent=17398"}],"wp:term":[{"taxonomy":"product_brand","embeddable":true,"href":"https:\/\/www.multicasa.com.br\/cuiaba\/wp-json\/wp\/v2\/product_brand?post=17398"},{"taxonomy":"product_cat","embeddable":true,"href":"https:\/\/www.multicasa.com.br\/cuiaba\/wp-json\/wp\/v2\/product_cat?post=17398"},{"taxonomy":"product_tag","embeddable":true,"href":"https:\/\/www.multicasa.com.br\/cuiaba\/wp-json\/wp\/v2\/product_tag?post=17398"}],"curies":[{"name":"wp","href":"https:\/\/api.w.org\/{rel}","templated":true}]}}