{"id":17406,"date":"2025-06-20T19:18:40","date_gmt":"2025-06-20T23:18:40","guid":{"rendered":"http:\/\/www.multicasa.com.br\/cuiaba\/?post_type=product&#038;p=17406"},"modified":"2025-12-26T10:20:21","modified_gmt":"2025-12-26T14:20:21","slug":"ducha-higienica-com-registro-de-plastico-esteves-12m","status":"publish","type":"product","link":"https:\/\/www.multicasa.com.br\/cuiaba\/produto\/ducha-higienica-com-registro-de-plastico-esteves-12m\/","title":{"rendered":"Ducha Higi\u00eanica com Registro de Pl\u00e1stico Esteves 1,2m<br>SKU: 2077669"},"content":{"rendered":"<p>A Ducha Higi\u00eanica com Registro sem deriva\u00e7\u00e3o 1984 da linha Eco C23 da Esteves \u00e9 feita de pl\u00e1stico cromado, vem com mangueira de 1,20 metros. Possui mecanismo cer\u00e2mico 1\/4&#8243; volta. Com bitola de 1\/2&#8243;, suporta uma temperatura m\u00e1xima de 70\u00b0C e sua press\u00e3o de funcionamento \u00e9 de 2 a 40 m.c.a. Possui norma t\u00e9cnica ABNT NBR 14877.<\/p>\n","protected":false},"excerpt":{"rendered":"<h4 style=\"margin: 0px;padding: 0px 0px 16px;font-family: Lato, sans-serif;font-weight: bold;line-height: 3rem;color: var(--dark-grey3);font-size: 22px;font-style: normal;letter-spacing: normal;text-align: start;text-indent: 0px;text-transform: none\">Informa\u00e7\u00f5es t\u00e9cnicas<\/h4>\n<p><span style=\"margin: 0px;padding: 0px;font-weight: 450;font-size: 14px;line-height: 21px;color: var(--dark-grey2);font-family: Lato, sans-serif;font-style: normal;letter-spacing: normal;text-align: start;text-indent: 0px;text-transform: none\">Produto: Ducha higi\u00eanica<br \/>\nMarca: Esteves<br \/>\nMaterial: Liga de cobre, pl\u00e1stico engenharia, zamac, elast\u00f4meros<br \/>\nCor: Cromado<br \/>\nCaracter\u00edsticas: Linha C23, comprimento da mangueira 1,20 metros, mecanismo cer\u00e2mico 1\/4 volta, bitola 1\/2&#8243;, temperatura m\u00e1xima 70\u00b0C, press\u00e3o de funcionamento: 2 a 40 m.c.a.<br \/>\nItens inclusos: 1 Ducha higi\u00eanica<br \/>\nDimens\u00f5es do produto (A X L X P): 45 x 15 x 5cm                                                                                                         Peso: 0,55kg                                                                                                                                                        Garantia: 15 anos<\/span><\/p>\n","protected":false},"featured_media":17469,"template":"","meta":{"_joinchat":[]},"product_brand":[],"product_cat":[67],"product_tag":[],"class_list":{"0":"post-17406","1":"product","2":"type-product","3":"status-publish","4":"has-post-thumbnail","6":"product_cat-torneiras-e-cia","8":"first","9":"instock","10":"shipping-taxable","11":"purchasable","12":"product-type-simple"},"_links":{"self":[{"href":"https:\/\/www.multicasa.com.br\/cuiaba\/wp-json\/wp\/v2\/product\/17406","targetHints":{"allow":["GET"]}}],"collection":[{"href":"https:\/\/www.multicasa.com.br\/cuiaba\/wp-json\/wp\/v2\/product"}],"about":[{"href":"https:\/\/www.multicasa.com.br\/cuiaba\/wp-json\/wp\/v2\/types\/product"}],"wp:featuredmedia":[{"embeddable":true,"href":"https:\/\/www.multicasa.com.br\/cuiaba\/wp-json\/wp\/v2\/media\/17469"}],"wp:attachment":[{"href":"https:\/\/www.multicasa.com.br\/cuiaba\/wp-json\/wp\/v2\/media?parent=17406"}],"wp:term":[{"taxonomy":"product_brand","embeddable":true,"href":"https:\/\/www.multicasa.com.br\/cuiaba\/wp-json\/wp\/v2\/product_brand?post=17406"},{"taxonomy":"product_cat","embeddable":true,"href":"https:\/\/www.multicasa.com.br\/cuiaba\/wp-json\/wp\/v2\/product_cat?post=17406"},{"taxonomy":"product_tag","embeddable":true,"href":"https:\/\/www.multicasa.com.br\/cuiaba\/wp-json\/wp\/v2\/product_tag?post=17406"}],"curies":[{"name":"wp","href":"https:\/\/api.w.org\/{rel}","templated":true}]}}