{"id":17438,"date":"2025-06-20T19:19:02","date_gmt":"2025-06-20T23:19:02","guid":{"rendered":"http:\/\/www.multicasa.com.br\/cuiaba\/?post_type=product&#038;p=17438"},"modified":"2026-04-04T10:20:33","modified_gmt":"2026-04-04T14:20:33","slug":"vassoura-plastica-para-folhas-18d-com-cabo-tramontina","status":"publish","type":"product","link":"https:\/\/www.multicasa.com.br\/cuiaba\/produto\/vassoura-plastica-para-folhas-18d-com-cabo-tramontina\/","title":{"rendered":"Vassoura Pl\u00e1stica para folhas 18D com cabo Tramontina<br>SKU: 2118322"},"content":{"rendered":"<p>Para manter seu gramado sempre limpo e bem cuidado, conte com a vassoura pl\u00e1stica laranja Tramontina com 18 dentes e cabo de madeira 120 cent\u00edmetros.<br \/>\nIdeal para varrer as folhas secas que caem no gramado, ela tamb\u00e9m pode ser utilizada entre as plantas, pois se adapta \u00e0 \u00e1reas menores, facilitando a limpeza dos cantinhos de dif\u00edcil acesso. Seu jardim bem cuidado com a efici\u00eancia e qualidade da Tramontina!<\/p>\n","protected":false},"excerpt":{"rendered":"<h4 style=\"margin: 0px;padding: 0px 0px 16px;font-family: Lato, sans-serif;font-weight: bold;line-height: 3rem;color: var(--dark-grey3);font-size: 22px;font-style: normal;letter-spacing: normal;text-align: start;text-indent: 0px;text-transform: none\">Informa\u00e7\u00f5es t\u00e9cnicas<\/h4>\n<p><span style=\"margin: 0px;padding: 0px;font-weight: 450;font-size: 14px;line-height: 21px;color: var(--dark-grey2);font-family: Lato, sans-serif;font-style: normal;letter-spacing: normal;text-align: start;text-indent: 0px;text-transform: none\">&#8211; Fabricada em polipropileno de alta resist\u00eancia, proporcionando maior durabilidade e \u00f3timo acabamento.<br \/>\n&#8211; Possui 18 dentes fixos.<br \/>\n&#8211; Possui olho de 23 mm de di\u00e2metro.<br \/>\n&#8211; O cabo de 120 cm desta ferramenta, al\u00e9m de possuir \u00f3tima resist\u00eancia, \u00e9 produzido com madeira de origem renov\u00e1vel.<\/span><\/p>\n","protected":false},"featured_media":27529,"template":"","meta":{"_joinchat":[]},"product_brand":[],"product_cat":[76],"product_tag":[],"class_list":{"0":"post-17438","1":"product","2":"type-product","3":"status-publish","4":"has-post-thumbnail","6":"product_cat-jardinagem","8":"first","9":"instock","10":"shipping-taxable","11":"purchasable","12":"product-type-simple"},"_links":{"self":[{"href":"https:\/\/www.multicasa.com.br\/cuiaba\/wp-json\/wp\/v2\/product\/17438","targetHints":{"allow":["GET"]}}],"collection":[{"href":"https:\/\/www.multicasa.com.br\/cuiaba\/wp-json\/wp\/v2\/product"}],"about":[{"href":"https:\/\/www.multicasa.com.br\/cuiaba\/wp-json\/wp\/v2\/types\/product"}],"wp:featuredmedia":[{"embeddable":true,"href":"https:\/\/www.multicasa.com.br\/cuiaba\/wp-json\/wp\/v2\/media\/27529"}],"wp:attachment":[{"href":"https:\/\/www.multicasa.com.br\/cuiaba\/wp-json\/wp\/v2\/media?parent=17438"}],"wp:term":[{"taxonomy":"product_brand","embeddable":true,"href":"https:\/\/www.multicasa.com.br\/cuiaba\/wp-json\/wp\/v2\/product_brand?post=17438"},{"taxonomy":"product_cat","embeddable":true,"href":"https:\/\/www.multicasa.com.br\/cuiaba\/wp-json\/wp\/v2\/product_cat?post=17438"},{"taxonomy":"product_tag","embeddable":true,"href":"https:\/\/www.multicasa.com.br\/cuiaba\/wp-json\/wp\/v2\/product_tag?post=17438"}],"curies":[{"name":"wp","href":"https:\/\/api.w.org\/{rel}","templated":true}]}}