{"id":17491,"date":"2025-06-20T19:19:49","date_gmt":"2025-06-20T23:19:49","guid":{"rendered":"http:\/\/www.multicasa.com.br\/cuiaba\/?post_type=product&#038;p=17491"},"modified":"2025-09-16T09:33:51","modified_gmt":"2025-09-16T13:33:51","slug":"barra-de-apoio-para-banheiro-inox-geris-305cm","status":"publish","type":"product","link":"https:\/\/www.multicasa.com.br\/cuiaba\/produto\/barra-de-apoio-para-banheiro-inox-geris-305cm\/","title":{"rendered":"Barra de Apoio para Banheiro Inox Geris 30,5cm<br>SKU: 2144270"},"content":{"rendered":"<p>A Barra de Apoio Reta da Geris \u00e9 ideal para fixa\u00e7\u00e3o em box e \u00e1rea de banho, proporcionando apoio e estabilidade. Feitas diretamente no inox trazendo durabilidade e beleza para o ambiente. Vem no tamanho de 32 x 305mm.<\/p>\n","protected":false},"excerpt":{"rendered":"<h4 style=\"margin: 0px;padding: 0px 0px 16px;font-family: Lato, sans-serif;font-weight: bold;line-height: 3rem;color: var(--dark-grey3);font-size: 22px;font-style: normal;letter-spacing: normal;text-align: start;text-indent: 0px;text-transform: none\">Informa\u00e7\u00f5es t\u00e9cnicas<\/h4>\n<p><span style=\"margin: 0px;padding: 0px;font-weight: 450;font-size: 14px;line-height: 21px;color: var(--dark-grey2);font-family: Lato, sans-serif;font-style: normal;letter-spacing: normal;text-align: start;text-indent: 0px;text-transform: none\">Produto: Barra de apoio<br \/>\nMarca: Geris<br \/>\nMaterial: Inox polido<br \/>\nCaracter\u00edsticas: reta, pode ser usada na vertical ou horizontal<br \/>\nItens inclusos: 1 Barra de apoio<br \/>\nDimens\u00f5es do produto (L x C): 3,2 x 30,5cm<br \/>\nPeso: 0,595kg<\/span><\/p>\n","protected":false},"featured_media":24666,"template":"","meta":{"_joinchat":[]},"product_brand":[],"product_cat":[69],"product_tag":[],"class_list":{"0":"post-17491","1":"product","2":"type-product","3":"status-publish","4":"has-post-thumbnail","6":"product_cat-acessorios-para-banheiro","8":"first","9":"instock","10":"shipping-taxable","11":"purchasable","12":"product-type-simple"},"_links":{"self":[{"href":"https:\/\/www.multicasa.com.br\/cuiaba\/wp-json\/wp\/v2\/product\/17491","targetHints":{"allow":["GET"]}}],"collection":[{"href":"https:\/\/www.multicasa.com.br\/cuiaba\/wp-json\/wp\/v2\/product"}],"about":[{"href":"https:\/\/www.multicasa.com.br\/cuiaba\/wp-json\/wp\/v2\/types\/product"}],"wp:featuredmedia":[{"embeddable":true,"href":"https:\/\/www.multicasa.com.br\/cuiaba\/wp-json\/wp\/v2\/media\/24666"}],"wp:attachment":[{"href":"https:\/\/www.multicasa.com.br\/cuiaba\/wp-json\/wp\/v2\/media?parent=17491"}],"wp:term":[{"taxonomy":"product_brand","embeddable":true,"href":"https:\/\/www.multicasa.com.br\/cuiaba\/wp-json\/wp\/v2\/product_brand?post=17491"},{"taxonomy":"product_cat","embeddable":true,"href":"https:\/\/www.multicasa.com.br\/cuiaba\/wp-json\/wp\/v2\/product_cat?post=17491"},{"taxonomy":"product_tag","embeddable":true,"href":"https:\/\/www.multicasa.com.br\/cuiaba\/wp-json\/wp\/v2\/product_tag?post=17491"}],"curies":[{"name":"wp","href":"https:\/\/api.w.org\/{rel}","templated":true}]}}