{"id":17547,"date":"2025-06-20T19:20:36","date_gmt":"2025-06-20T23:20:36","guid":{"rendered":"http:\/\/www.multicasa.com.br\/cuiaba\/?post_type=product&#038;p=17547"},"modified":"2026-03-24T14:41:31","modified_gmt":"2026-03-24T18:41:31","slug":"kit-caixa-acoplada-universal-c-acionamento-superior-blukit","status":"publish","type":"product","link":"https:\/\/www.multicasa.com.br\/cuiaba\/produto\/kit-caixa-acoplada-universal-c-acionamento-superior-blukit\/","title":{"rendered":"Kit Caixa Acoplada Universal C\/ Acionamento Superior Blukit<br>SKU: 3369080"},"content":{"rendered":"<p>O Kit Completo para Caixa Acoplada \u00e9 instalado dentro da caixa acoplada e \u00e9 composto pelo Mecanismo de Entrada, que tem a finalidade de controlar o fluxo de entrada de \u00e1gua para dentro da caixa acoplada; o Mecanismo de Sa\u00edda que tem a finalidade de controlar o fluxo de \u00e1gua para dentro do vaso sanit\u00e1rio; o Kit Completo para Veda\u00e7\u00e3o e Fixa\u00e7\u00e3o que tem a finalidade de vedar e fixar a caixa acoplada no vaso sanit\u00e1rio e o Acionador que tem a finalidade de acionar todo o sistema. O Kit Completo para Caixa Acoplada \u00e9 aprovado nos testes de qualidade que asseguram sua veda\u00e7\u00e3o, funcionamento e resist\u00eancia. Adquirir produtos Blukit \u00e9 certeza de adquirir um produto de qualidade.<\/p>\n","protected":false},"excerpt":{"rendered":"<h4 style=\"margin: 0px;padding: 0px 0px 16px;font-family: Lato, sans-serif;font-weight: bold;line-height: 3rem;color: var(--dark-grey3);font-size: 22px;font-style: normal;letter-spacing: normal;text-align: start;text-indent: 0px;text-transform: none\">Informa\u00e7\u00f5es t\u00e9cnicas<\/h4>\n<p><span style=\"margin: 0px;padding: 0px;font-weight: 450;font-size: 14px;line-height: 21px;color: var(--dark-grey2);font-family: Lato, sans-serif;font-style: normal;letter-spacing: normal;text-align: start;text-indent: 0px;text-transform: none\">&#8211; Ciclos de garantia: 15.000<br \/>\n&#8211; Classe de press\u00e3o: 1 a 75 m.c.a.<br \/>\n&#8211; Fluxo de \u00e1gua ajust\u00e1vel (v\u00e1lvula de reposi\u00e7\u00e3o do fecho h\u00eddrico)<br \/>\n&#8211; Funcionamento em alta e baixa press\u00e3o<br \/>\n&#8211; Possui filtro para manuten\u00e7\u00e3o de limpeza<br \/>\n&#8211; N\u00edvel de \u00e1gua ajust\u00e1vel na caixa de descarga<br \/>\n&#8211; Rosca de entrada: 1\/2<br \/>\n?- Rosca de sa\u00edda: 2<br \/>\n&#8211; Temperatura m\u00e1xima de trabalho: 45 \u00b0C<\/span><\/p>\n","protected":false},"featured_media":25343,"template":"","meta":{"_joinchat":[]},"product_brand":[],"product_cat":[69],"product_tag":[],"class_list":{"0":"post-17547","1":"product","2":"type-product","3":"status-publish","4":"has-post-thumbnail","6":"product_cat-acessorios-para-banheiro","8":"first","9":"instock","10":"shipping-taxable","11":"purchasable","12":"product-type-simple"},"_links":{"self":[{"href":"https:\/\/www.multicasa.com.br\/cuiaba\/wp-json\/wp\/v2\/product\/17547","targetHints":{"allow":["GET"]}}],"collection":[{"href":"https:\/\/www.multicasa.com.br\/cuiaba\/wp-json\/wp\/v2\/product"}],"about":[{"href":"https:\/\/www.multicasa.com.br\/cuiaba\/wp-json\/wp\/v2\/types\/product"}],"wp:featuredmedia":[{"embeddable":true,"href":"https:\/\/www.multicasa.com.br\/cuiaba\/wp-json\/wp\/v2\/media\/25343"}],"wp:attachment":[{"href":"https:\/\/www.multicasa.com.br\/cuiaba\/wp-json\/wp\/v2\/media?parent=17547"}],"wp:term":[{"taxonomy":"product_brand","embeddable":true,"href":"https:\/\/www.multicasa.com.br\/cuiaba\/wp-json\/wp\/v2\/product_brand?post=17547"},{"taxonomy":"product_cat","embeddable":true,"href":"https:\/\/www.multicasa.com.br\/cuiaba\/wp-json\/wp\/v2\/product_cat?post=17547"},{"taxonomy":"product_tag","embeddable":true,"href":"https:\/\/www.multicasa.com.br\/cuiaba\/wp-json\/wp\/v2\/product_tag?post=17547"}],"curies":[{"name":"wp","href":"https:\/\/api.w.org\/{rel}","templated":true}]}}