{"id":17640,"date":"2025-06-20T19:21:46","date_gmt":"2025-06-20T23:21:46","guid":{"rendered":"http:\/\/www.multicasa.com.br\/cuiaba\/?post_type=product&#038;p=17640"},"modified":"2026-04-20T15:51:18","modified_gmt":"2026-04-20T19:51:18","slug":"lampada-led-tkl80-luz-branca-taschibra-12w-bivolt","status":"publish","type":"product","link":"https:\/\/www.multicasa.com.br\/cuiaba\/produto\/lampada-led-tkl80-luz-branca-taschibra-12w-bivolt\/","title":{"rendered":"L\u00e2mpada Led TKL80 Luz Branca Taschibra 12W Bivolt<br>SKU: 2121647"},"content":{"rendered":"<p>A L\u00e2mpada Led TKL80 Taschibra 12W emite luz branca, com pot\u00eancia de 12w e alimenta\u00e7\u00e3o Bivolt, garante at\u00e9 85% de economia. Possui longa vida \u00fatil de at\u00e9 25000 horas e sua garantia \u00e9 de 3 anos. Fabricada em policarbonato e alum\u00ednio, possui soquete E27 que \u00e9 perfeito para instala\u00e7\u00e3o em salas, cozinha e at\u00e9 banheiros. A temperatura de cor \u00e9 de 6500K e sua frequ\u00eancia \u00e9 de 50\/60HZ. Ideal para a sua casa.<\/p>\n","protected":false},"excerpt":{"rendered":"<h4 style=\"margin: 0px;padding: 0px 0px 16px;font-family: Lato, sans-serif;font-weight: bold;line-height: 3rem;color: var(--dark-grey3);font-size: 22px;font-style: normal;letter-spacing: normal;text-align: start;text-indent: 0px;text-transform: none\">Informa\u00e7\u00f5es t\u00e9cnicas<\/h4>\n<p><span style=\"margin: 0px;padding: 0px;font-weight: 450;font-size: 14px;line-height: 21px;color: var(--dark-grey2);font-family: Lato, sans-serif;font-style: normal;letter-spacing: normal;text-align: start;text-indent: 0px;text-transform: none\">Produto: L\u00e2mpada<br \/>\nMarca: Taschibra<br \/>\nModelo: TKL 80<br \/>\nMaterial: Policarbonato<br \/>\nAlum\u00ednio<br \/>\nCor: Branca<br \/>\nCor da Luz: Branca<br \/>\nPot\u00eancia: 12w<br \/>\nTens\u00e3o El\u00e9trica: 100v &#8211; 240v<br \/>\nTemperatura de cor: 6500K<br \/>\nFrequ\u00eancia: 50\/60hz<br \/>\nCaracter\u00edsticas: Base\/soquete E27<br \/>\nFluxo luminoso 1018LM<br \/>\nEfici\u00eancia luminosa 85LM\/W<br \/>\nFator de pot\u00eancia 0,7<br \/>\n\u00c2ngulo de abertura 200 graus<br \/>\n\u00cdndice de prote\u00e7\u00e3o IP20<br \/>\nVida \u00fatil 25.000 horas<br \/>\nItens Inclusos: 1 L\u00e2mpada<br \/>\nDimens\u00f5es do produto (A X L): 11,3 x 6cm<br \/>\nGarantia: 3 anos<\/span><\/p>\n","protected":false},"featured_media":17706,"template":"","meta":{"_joinchat":[]},"product_brand":[],"product_cat":[80],"product_tag":[],"class_list":{"0":"post-17640","1":"product","2":"type-product","3":"status-publish","4":"has-post-thumbnail","6":"product_cat-lampadas","8":"first","9":"instock","10":"shipping-taxable","11":"purchasable","12":"product-type-simple"},"_links":{"self":[{"href":"https:\/\/www.multicasa.com.br\/cuiaba\/wp-json\/wp\/v2\/product\/17640","targetHints":{"allow":["GET"]}}],"collection":[{"href":"https:\/\/www.multicasa.com.br\/cuiaba\/wp-json\/wp\/v2\/product"}],"about":[{"href":"https:\/\/www.multicasa.com.br\/cuiaba\/wp-json\/wp\/v2\/types\/product"}],"wp:featuredmedia":[{"embeddable":true,"href":"https:\/\/www.multicasa.com.br\/cuiaba\/wp-json\/wp\/v2\/media\/17706"}],"wp:attachment":[{"href":"https:\/\/www.multicasa.com.br\/cuiaba\/wp-json\/wp\/v2\/media?parent=17640"}],"wp:term":[{"taxonomy":"product_brand","embeddable":true,"href":"https:\/\/www.multicasa.com.br\/cuiaba\/wp-json\/wp\/v2\/product_brand?post=17640"},{"taxonomy":"product_cat","embeddable":true,"href":"https:\/\/www.multicasa.com.br\/cuiaba\/wp-json\/wp\/v2\/product_cat?post=17640"},{"taxonomy":"product_tag","embeddable":true,"href":"https:\/\/www.multicasa.com.br\/cuiaba\/wp-json\/wp\/v2\/product_tag?post=17640"}],"curies":[{"name":"wp","href":"https:\/\/api.w.org\/{rel}","templated":true}]}}