{"id":17692,"date":"2025-06-20T19:22:32","date_gmt":"2025-06-20T23:22:32","guid":{"rendered":"http:\/\/www.multicasa.com.br\/cuiaba\/?post_type=product&#038;p=17692"},"modified":"2026-03-11T11:03:38","modified_gmt":"2026-03-11T15:03:38","slug":"capa-de-chuva-com-capuz-de-plastico-incolor-lancini","status":"publish","type":"product","link":"https:\/\/www.multicasa.com.br\/cuiaba\/produto\/capa-de-chuva-com-capuz-de-plastico-incolor-lancini\/","title":{"rendered":"Capa de Chuva com Capuz de Pl\u00e1stico Incolor Lancini<br>SKU: 3154696"},"content":{"rendered":"<p>Proteja-se da chuva usando a capa de chuva com capuz da Lancini. Feita de pl\u00e1stico incolor, sua embalagem mede 10 x 13 x 1cm, ideal para ser carregada em bolsas, bolsos de casaco e estar ao alcance da m\u00e3o quando preciso. Tamanho \u00fanico.<\/p>\n","protected":false},"excerpt":{"rendered":"<h4 style=\"margin: 0px;padding: 0px 0px 16px;font-family: Lato, sans-serif;font-weight: bold;line-height: 3rem;color: var(--dark-grey3);font-size: 22px;font-style: normal;letter-spacing: normal;text-align: start;text-indent: 0px;text-transform: none\">Informa\u00e7\u00f5es t\u00e9cnicas<\/h4>\n<p><span style=\"margin: 0px;padding: 0px;font-weight: 450;font-size: 14px;line-height: 21px;color: var(--dark-grey2);font-family: Lato, sans-serif;font-style: normal;letter-spacing: normal;text-align: start;text-indent: 0px;text-transform: none\">Produto: Capa de Chuva<br \/>\nMarca: Lancini<br \/>\nMaterial: PVC<br \/>\nCor: Incolor<br \/>\nCaracter\u00edsticas: Imperme\u00e1vel<br \/>\nItens Inclusos: 1 Capa de chuva<br \/>\nDimens\u00f5es do produto (A X L X P): Tamanho \u00danico<br \/>\nEmbalagem: 10 x 13 x 1cm<br \/>\n<\/span><\/p>\n","protected":false},"featured_media":17756,"template":"","meta":{"_joinchat":[]},"product_brand":[],"product_cat":[136],"product_tag":[],"class_list":{"0":"post-17692","1":"product","2":"type-product","3":"status-publish","4":"has-post-thumbnail","6":"product_cat-lazer","8":"first","9":"instock","10":"shipping-taxable","11":"purchasable","12":"product-type-simple"},"_links":{"self":[{"href":"https:\/\/www.multicasa.com.br\/cuiaba\/wp-json\/wp\/v2\/product\/17692","targetHints":{"allow":["GET"]}}],"collection":[{"href":"https:\/\/www.multicasa.com.br\/cuiaba\/wp-json\/wp\/v2\/product"}],"about":[{"href":"https:\/\/www.multicasa.com.br\/cuiaba\/wp-json\/wp\/v2\/types\/product"}],"wp:featuredmedia":[{"embeddable":true,"href":"https:\/\/www.multicasa.com.br\/cuiaba\/wp-json\/wp\/v2\/media\/17756"}],"wp:attachment":[{"href":"https:\/\/www.multicasa.com.br\/cuiaba\/wp-json\/wp\/v2\/media?parent=17692"}],"wp:term":[{"taxonomy":"product_brand","embeddable":true,"href":"https:\/\/www.multicasa.com.br\/cuiaba\/wp-json\/wp\/v2\/product_brand?post=17692"},{"taxonomy":"product_cat","embeddable":true,"href":"https:\/\/www.multicasa.com.br\/cuiaba\/wp-json\/wp\/v2\/product_cat?post=17692"},{"taxonomy":"product_tag","embeddable":true,"href":"https:\/\/www.multicasa.com.br\/cuiaba\/wp-json\/wp\/v2\/product_tag?post=17692"}],"curies":[{"name":"wp","href":"https:\/\/api.w.org\/{rel}","templated":true}]}}