{"id":17714,"date":"2025-06-20T19:22:55","date_gmt":"2025-06-20T23:22:55","guid":{"rendered":"http:\/\/www.multicasa.com.br\/cuiaba\/?post_type=product&#038;p=17714"},"modified":"2026-04-10T12:21:54","modified_gmt":"2026-04-10T16:21:54","slug":"refil-para-filtro-acqua-bella-vitalle-lorenzetti","status":"publish","type":"product","link":"https:\/\/www.multicasa.com.br\/cuiaba\/produto\/refil-para-filtro-acqua-bella-vitalle-lorenzetti\/","title":{"rendered":"Refil para Filtro Acqua Bella\/Vitalle Lorenzetti<br>SKU: 3175049"},"content":{"rendered":"<p>O Refil para Filtro Acqua Bella\/Vitalle Lorenzetti \u00e9 respons\u00e1vel por reter part\u00edculas presentes na \u00e1gua, eliminando o excesso de cloro, gostos e odores desagrad\u00e1veis da \u00e1gua evitando a prolifera\u00e7\u00e3o de bact\u00e9rias. Compat\u00edvel com Acqua Bella &#8211; purificador com torneira ou purificador com registro e Vitale. F\u00e1cil manuseio, dispensa a presen\u00e7a de um t\u00e9cnico.<\/p>\n","protected":false},"excerpt":{"rendered":"<h4 style=\"margin: 0px;padding: 0px 0px 16px;font-family: Lato, sans-serif;font-weight: bold;line-height: 3rem;color: var(--dark-grey3);font-size: 22px;font-style: normal;letter-spacing: normal;text-align: start;text-indent: 0px;text-transform: none\">Informa\u00e7\u00f5es t\u00e9cnicas<\/h4>\n<p><span style=\"margin: 0px;padding: 0px;font-weight: 450;font-size: 14px;line-height: 21px;color: var(--dark-grey2);font-family: Lato, sans-serif;font-style: normal;letter-spacing: normal;text-align: start;text-indent: 0px;text-transform: none\">Produto: Refil para filtro de vela<br \/>\nMarca: Lorenzetti<br \/>\nModelo: Bella<br \/>\nCor: Branco<br \/>\nCaracter\u00edsticas: Compat\u00edvel com os modelos Acqua Bella &#8211; purificador com torneira, Acqua Bella &#8211; purificador com registro e Vitale<br \/>\nF\u00e1cil instala\u00e7\u00e3o<br \/>\nItens Inclusos: 1 Refil para filtro de vela<br \/>\nDimens\u00f5es do produto (A X L): 18,5 x 13cm<\/span><\/p>\n","protected":false},"featured_media":17769,"template":"","meta":{"_joinchat":[]},"product_brand":[],"product_cat":[74],"product_tag":[],"class_list":{"0":"post-17714","1":"product","2":"type-product","3":"status-publish","4":"has-post-thumbnail","6":"product_cat-reparos-hidraulicos","8":"first","9":"instock","10":"shipping-taxable","11":"purchasable","12":"product-type-simple"},"_links":{"self":[{"href":"https:\/\/www.multicasa.com.br\/cuiaba\/wp-json\/wp\/v2\/product\/17714","targetHints":{"allow":["GET"]}}],"collection":[{"href":"https:\/\/www.multicasa.com.br\/cuiaba\/wp-json\/wp\/v2\/product"}],"about":[{"href":"https:\/\/www.multicasa.com.br\/cuiaba\/wp-json\/wp\/v2\/types\/product"}],"wp:featuredmedia":[{"embeddable":true,"href":"https:\/\/www.multicasa.com.br\/cuiaba\/wp-json\/wp\/v2\/media\/17769"}],"wp:attachment":[{"href":"https:\/\/www.multicasa.com.br\/cuiaba\/wp-json\/wp\/v2\/media?parent=17714"}],"wp:term":[{"taxonomy":"product_brand","embeddable":true,"href":"https:\/\/www.multicasa.com.br\/cuiaba\/wp-json\/wp\/v2\/product_brand?post=17714"},{"taxonomy":"product_cat","embeddable":true,"href":"https:\/\/www.multicasa.com.br\/cuiaba\/wp-json\/wp\/v2\/product_cat?post=17714"},{"taxonomy":"product_tag","embeddable":true,"href":"https:\/\/www.multicasa.com.br\/cuiaba\/wp-json\/wp\/v2\/product_tag?post=17714"}],"curies":[{"name":"wp","href":"https:\/\/api.w.org\/{rel}","templated":true}]}}