{"id":17719,"date":"2025-06-20T19:22:55","date_gmt":"2025-06-20T23:22:55","guid":{"rendered":"http:\/\/www.multicasa.com.br\/cuiaba\/?post_type=product&#038;p=17719"},"modified":"2026-04-07T10:00:35","modified_gmt":"2026-04-07T14:00:35","slug":"kit-redutor-de-vazao-economizador-de-agua-blukit-3-pecas","status":"publish","type":"product","link":"https:\/\/www.multicasa.com.br\/cuiaba\/produto\/kit-redutor-de-vazao-economizador-de-agua-blukit-3-pecas\/","title":{"rendered":"Kit Redutor de Vaz\u00e3o Economizador de \u00c1gua Blukit 3 Pe\u00e7as<br>SKU: 3178145"},"content":{"rendered":"<p>O kit redutor de vaz\u00e3o economizador de \u00e1gua da Blukit \u00e9 composto por 3 pe\u00e7as com passagens diferentes que regulam o fluxo de \u00e1gua nas torneiras: 1 branco com 2,5 mm; 1 azul com 4 mm e 1 verde com 5,5 mm. Basta voc\u00ea escolher e instalar sem complica\u00e7\u00f5es.<\/p>\n","protected":false},"excerpt":{"rendered":"<h4 style=\"margin: 0px;padding: 0px 0px 16px;font-family: Lato, sans-serif;font-weight: bold;line-height: 3rem;color: var(--dark-grey3);font-size: 22px;font-style: normal;letter-spacing: normal;text-align: start;text-indent: 0px;text-transform: none\">Informa\u00e7\u00f5es t\u00e9cnicas<\/h4>\n<p><span style=\"margin: 0px;padding: 0px;font-weight: 450;font-size: 14px;line-height: 21px;color: var(--dark-grey2);font-family: Lato, sans-serif;font-style: normal;letter-spacing: normal;text-align: start;text-indent: 0px;text-transform: none\">Produto: Kit Redutor de vaz\u00e3o<br \/>\nMarca: Blukit<br \/>\nMaterial: Borracha<br \/>\nCor Branco, verde e azul<br \/>\nItens Inclusos: 3 redutores de vaz\u00e3o<br \/>\nDi\u00e2metro: Branco &#8211; 2,5mm<br \/>\nAzul &#8211; 4,0mm<br \/>\nVerde &#8211; 5,5mm<\/span><\/p>\n","protected":false},"featured_media":17784,"template":"","meta":{"_joinchat":[]},"product_brand":[],"product_cat":[74],"product_tag":[],"class_list":{"0":"post-17719","1":"product","2":"type-product","3":"status-publish","4":"has-post-thumbnail","6":"product_cat-reparos-hidraulicos","8":"first","9":"instock","10":"shipping-taxable","11":"purchasable","12":"product-type-simple"},"_links":{"self":[{"href":"https:\/\/www.multicasa.com.br\/cuiaba\/wp-json\/wp\/v2\/product\/17719","targetHints":{"allow":["GET"]}}],"collection":[{"href":"https:\/\/www.multicasa.com.br\/cuiaba\/wp-json\/wp\/v2\/product"}],"about":[{"href":"https:\/\/www.multicasa.com.br\/cuiaba\/wp-json\/wp\/v2\/types\/product"}],"wp:featuredmedia":[{"embeddable":true,"href":"https:\/\/www.multicasa.com.br\/cuiaba\/wp-json\/wp\/v2\/media\/17784"}],"wp:attachment":[{"href":"https:\/\/www.multicasa.com.br\/cuiaba\/wp-json\/wp\/v2\/media?parent=17719"}],"wp:term":[{"taxonomy":"product_brand","embeddable":true,"href":"https:\/\/www.multicasa.com.br\/cuiaba\/wp-json\/wp\/v2\/product_brand?post=17719"},{"taxonomy":"product_cat","embeddable":true,"href":"https:\/\/www.multicasa.com.br\/cuiaba\/wp-json\/wp\/v2\/product_cat?post=17719"},{"taxonomy":"product_tag","embeddable":true,"href":"https:\/\/www.multicasa.com.br\/cuiaba\/wp-json\/wp\/v2\/product_tag?post=17719"}],"curies":[{"name":"wp","href":"https:\/\/api.w.org\/{rel}","templated":true}]}}