{"id":17720,"date":"2025-06-20T19:22:55","date_gmt":"2025-06-20T23:22:55","guid":{"rendered":"http:\/\/www.multicasa.com.br\/cuiaba\/?post_type=product&#038;p=17720"},"modified":"2026-01-23T16:50:37","modified_gmt":"2026-01-23T20:50:37","slug":"bucha-de-passagem-para-cabo-coaxial-interneed-10-unidades","status":"publish","type":"product","link":"https:\/\/www.multicasa.com.br\/cuiaba\/produto\/bucha-de-passagem-para-cabo-coaxial-interneed-10-unidades\/","title":{"rendered":"Bucha de Passagem para Cabo Coaxial Interneed 10 unidades<br>SKU: 3178323"},"content":{"rendered":"<p>A bucha de passagem para cabo coaxial \u00e9 utilizada para fechar buracos causados pelas brocas ao furar as paredes. Feita de polietileno de alta densidade, a bucha de acabamento pode ser usada para cabos de som, el\u00e9tricos, TV e qualquer outro com di\u00e2metro menor do que 7 mm. Embalagem com 10 unidades dispon\u00edveis na cor branca.<\/p>\n","protected":false},"excerpt":{"rendered":"<h4 style=\"margin: 0px;padding: 0px 0px 16px;font-family: Lato, sans-serif;font-weight: bold;line-height: 3rem;color: var(--dark-grey3);font-size: 22px;font-style: normal;letter-spacing: normal;text-align: start;text-indent: 0px;text-transform: none\">Informa\u00e7\u00f5es t\u00e9cnicas<\/h4>\n<p><span style=\"margin: 0px;padding: 0px;font-weight: 450;font-size: 14px;line-height: 21px;color: var(--dark-grey2);font-family: Lato, sans-serif;font-style: normal;letter-spacing: normal;text-align: start;text-indent: 0px;text-transform: none\">Produto: Acabamento cabo coaxial<br \/>\nMarca: Interneed<br \/>\nMaterial: Polietileno de alta densidade<br \/>\nCor: Branco<br \/>\nUso indicado: Tapar buracos gerados pelas brocas<br \/>\nUso em cabos com di\u00e2metros inferiores a 7mm<br \/>\nQuantidade de pe\u00e7as: 10<br \/>\nItens inclusos: 10 buchas de acabamento para cabo<br \/>\nDimens\u00f5es do produto (A X L X P): 13,5 x 9cm<br \/>\n<\/span><\/p>\n","protected":false},"featured_media":17786,"template":"","meta":{"_joinchat":[]},"product_brand":[],"product_cat":[153],"product_tag":[],"class_list":{"0":"post-17720","1":"product","2":"type-product","3":"status-publish","4":"has-post-thumbnail","6":"product_cat-eletronica-e-cia","8":"first","9":"instock","10":"shipping-taxable","11":"purchasable","12":"product-type-simple"},"_links":{"self":[{"href":"https:\/\/www.multicasa.com.br\/cuiaba\/wp-json\/wp\/v2\/product\/17720","targetHints":{"allow":["GET"]}}],"collection":[{"href":"https:\/\/www.multicasa.com.br\/cuiaba\/wp-json\/wp\/v2\/product"}],"about":[{"href":"https:\/\/www.multicasa.com.br\/cuiaba\/wp-json\/wp\/v2\/types\/product"}],"wp:featuredmedia":[{"embeddable":true,"href":"https:\/\/www.multicasa.com.br\/cuiaba\/wp-json\/wp\/v2\/media\/17786"}],"wp:attachment":[{"href":"https:\/\/www.multicasa.com.br\/cuiaba\/wp-json\/wp\/v2\/media?parent=17720"}],"wp:term":[{"taxonomy":"product_brand","embeddable":true,"href":"https:\/\/www.multicasa.com.br\/cuiaba\/wp-json\/wp\/v2\/product_brand?post=17720"},{"taxonomy":"product_cat","embeddable":true,"href":"https:\/\/www.multicasa.com.br\/cuiaba\/wp-json\/wp\/v2\/product_cat?post=17720"},{"taxonomy":"product_tag","embeddable":true,"href":"https:\/\/www.multicasa.com.br\/cuiaba\/wp-json\/wp\/v2\/product_tag?post=17720"}],"curies":[{"name":"wp","href":"https:\/\/api.w.org\/{rel}","templated":true}]}}