{"id":17746,"date":"2025-06-20T19:23:17","date_gmt":"2025-06-20T23:23:17","guid":{"rendered":"http:\/\/www.multicasa.com.br\/cuiaba\/?post_type=product&#038;p=17746"},"modified":"2026-04-15T17:20:57","modified_gmt":"2026-04-15T21:20:57","slug":"limpa-telas-clean-implastec-60ml","status":"publish","type":"product","link":"https:\/\/www.multicasa.com.br\/cuiaba\/produto\/limpa-telas-clean-implastec-60ml\/","title":{"rendered":"Limpa Telas Clean Implastec 60ml<br>SKU: 3483029"},"content":{"rendered":"<p>Com o Limpa Telas Clean Implastec voc\u00ea elimina de forma r\u00e1pida, qualquer tipo de sujeira de telas e mant\u00e9m limpo por mais tempo. Com 60 ml, acompanha uma flanela para retirar manchas, marcas de dedo, poeira de monitores e plasma, tablets, mps, cds e etc. \u00c0 base de \u00e9teres glic\u00f3licos e \u00e1gua, possibilita limpeza sem agress\u00e3o, retirando a energia est\u00e1tica dos equipamentos que atraem poeira.<\/p>\n","protected":false},"excerpt":{"rendered":"<h4 style=\"margin: 0px;padding: 0px 0px 16px;font-family: Lato, sans-serif;font-weight: bold;line-height: 3rem;color: var(--dark-grey3);font-size: 22px;font-style: normal;letter-spacing: normal;text-align: start;text-indent: 0px;text-transform: none\">Informa\u00e7\u00f5es t\u00e9cnicas<\/h4>\n<p><span style=\"margin: 0px;padding: 0px;font-weight: 450;font-size: 14px;line-height: 21px;color: var(--dark-grey2);font-family: Lato, sans-serif;font-style: normal;letter-spacing: normal;text-align: start;text-indent: 0px;text-transform: none\">Produto: Limpador de tela<br \/>\nMarca: Implastec<br \/>\nComposi\u00e7\u00e3o: \u00c9teres glic\u00f3licos e \u00e1gua<br \/>\nConte\u00fado: 60ml<br \/>\nCaracter\u00edsticas: Retira energia est\u00e1tica que atrai poeira<br \/>\nRemove manchas<br \/>\nQuantidade de pe\u00e7as: 2<br \/>\nItens Inclusos: 1 Limpador de tela<br \/>\n1 flanela<br \/>\nDimens\u00f5es do produto (A X L): 18,5 x 8cm<br \/>\n<\/span><\/p>\n","protected":false},"featured_media":17810,"template":"","meta":{"_joinchat":[]},"product_brand":[],"product_cat":[130],"product_tag":[],"class_list":{"0":"post-17746","1":"product","2":"type-product","3":"status-publish","4":"has-post-thumbnail","6":"product_cat-informatica","8":"first","9":"instock","10":"shipping-taxable","11":"purchasable","12":"product-type-simple"},"_links":{"self":[{"href":"https:\/\/www.multicasa.com.br\/cuiaba\/wp-json\/wp\/v2\/product\/17746","targetHints":{"allow":["GET"]}}],"collection":[{"href":"https:\/\/www.multicasa.com.br\/cuiaba\/wp-json\/wp\/v2\/product"}],"about":[{"href":"https:\/\/www.multicasa.com.br\/cuiaba\/wp-json\/wp\/v2\/types\/product"}],"wp:featuredmedia":[{"embeddable":true,"href":"https:\/\/www.multicasa.com.br\/cuiaba\/wp-json\/wp\/v2\/media\/17810"}],"wp:attachment":[{"href":"https:\/\/www.multicasa.com.br\/cuiaba\/wp-json\/wp\/v2\/media?parent=17746"}],"wp:term":[{"taxonomy":"product_brand","embeddable":true,"href":"https:\/\/www.multicasa.com.br\/cuiaba\/wp-json\/wp\/v2\/product_brand?post=17746"},{"taxonomy":"product_cat","embeddable":true,"href":"https:\/\/www.multicasa.com.br\/cuiaba\/wp-json\/wp\/v2\/product_cat?post=17746"},{"taxonomy":"product_tag","embeddable":true,"href":"https:\/\/www.multicasa.com.br\/cuiaba\/wp-json\/wp\/v2\/product_tag?post=17746"}],"curies":[{"name":"wp","href":"https:\/\/api.w.org\/{rel}","templated":true}]}}