{"id":17797,"date":"2025-06-20T19:24:05","date_gmt":"2025-06-20T23:24:05","guid":{"rendered":"http:\/\/www.multicasa.com.br\/cuiaba\/?post_type=product&#038;p=17797"},"modified":"2026-04-22T09:50:30","modified_gmt":"2026-04-22T13:50:30","slug":"conjunto-de-sobrepor-2pt-1-tomada-liz-branco-tramontina-20a","status":"publish","type":"product","link":"https:\/\/www.multicasa.com.br\/cuiaba\/produto\/conjunto-de-sobrepor-2pt-1-tomada-liz-branco-tramontina-20a\/","title":{"rendered":"Conjunto de Sobrepor 2P+T 1 Tomada Liz Branco Tramontina 20A<br>SKU: 3560740"},"content":{"rendered":"<p>Conjunto de Sobrepor 2P+T com 1 Tomada Liz na cor Branco Tramontina 20A, fabricadas em termopl\u00e1stico, a tampa possui acabamento brilhante que n\u00e3o ret\u00e9m poeira, unindo qualidade e praticidade. A Liz flex oferece rapidez e flexibilidade nas reformas, obtendo instala\u00e7\u00f5es perfeitas sem transtornos de quebras de paredes, e dispensa o uso de parafusos. O sistema modular \u00e9 composto em duas pe\u00e7as: caixa e tampa, a tampa tem encaixe por simples press\u00e3o e possuem janelas destac\u00e1veis para embutir canaletas.<\/p>\n","protected":false},"excerpt":{"rendered":"<h4 style=\"margin: 0px;padding: 0px 0px 16px;font-family: Lato, sans-serif;font-weight: bold;line-height: 3rem;color: var(--dark-grey3);font-size: 22px;font-style: normal;letter-spacing: normal;text-align: start;text-indent: 0px;text-transform: none\">Informa\u00e7\u00f5es t\u00e9cnicas<\/h4>\n<p><span style=\"margin: 0px;padding: 0px;font-weight: 450;font-size: 14px;line-height: 21px;color: var(--dark-grey2);font-family: Lato, sans-serif;font-style: normal;letter-spacing: normal;text-align: start;text-indent: 0px;text-transform: none\">Produto: Conjunto de Sobrepor<br \/>\nMarca: Tramontina<br \/>\nMaterial: Pl\u00e1stico Abs Termopl\u00e1stico<br \/>\nAcabamento: Brilhante<br \/>\nCor: Branco<br \/>\nCaracter\u00edsticas: Tomada 2P+T<br \/>\nCorrente de 20a<br \/>\nTens\u00e3o de 250v<br \/>\nPossuem janelas destac\u00e1veis para embutir canaletas de 20&#215;10\/40&#215;20\/50x20mm<br \/>\nItens inclusos: 1 Conjunto de Sobrepor<br \/>\nDimens\u00f5es do produto (A X L X P): 4 x 5 x 7cm<br \/>\n<\/span><\/p>\n","protected":false},"featured_media":17874,"template":"","meta":{"_joinchat":[]},"product_brand":[],"product_cat":[144],"product_tag":[],"class_list":{"0":"post-17797","1":"product","2":"type-product","3":"status-publish","4":"has-post-thumbnail","6":"product_cat-tomadas-e-cia","8":"first","9":"instock","10":"shipping-taxable","11":"purchasable","12":"product-type-simple"},"_links":{"self":[{"href":"https:\/\/www.multicasa.com.br\/cuiaba\/wp-json\/wp\/v2\/product\/17797","targetHints":{"allow":["GET"]}}],"collection":[{"href":"https:\/\/www.multicasa.com.br\/cuiaba\/wp-json\/wp\/v2\/product"}],"about":[{"href":"https:\/\/www.multicasa.com.br\/cuiaba\/wp-json\/wp\/v2\/types\/product"}],"wp:featuredmedia":[{"embeddable":true,"href":"https:\/\/www.multicasa.com.br\/cuiaba\/wp-json\/wp\/v2\/media\/17874"}],"wp:attachment":[{"href":"https:\/\/www.multicasa.com.br\/cuiaba\/wp-json\/wp\/v2\/media?parent=17797"}],"wp:term":[{"taxonomy":"product_brand","embeddable":true,"href":"https:\/\/www.multicasa.com.br\/cuiaba\/wp-json\/wp\/v2\/product_brand?post=17797"},{"taxonomy":"product_cat","embeddable":true,"href":"https:\/\/www.multicasa.com.br\/cuiaba\/wp-json\/wp\/v2\/product_cat?post=17797"},{"taxonomy":"product_tag","embeddable":true,"href":"https:\/\/www.multicasa.com.br\/cuiaba\/wp-json\/wp\/v2\/product_tag?post=17797"}],"curies":[{"name":"wp","href":"https:\/\/api.w.org\/{rel}","templated":true}]}}