{"id":17799,"date":"2025-06-20T19:24:05","date_gmt":"2025-06-20T23:24:05","guid":{"rendered":"http:\/\/www.multicasa.com.br\/cuiaba\/?post_type=product&#038;p=17799"},"modified":"2026-04-22T15:20:48","modified_gmt":"2026-04-22T19:20:48","slug":"anel-de-vedacao-para-vaso-sanitario-com-guia-blukit","status":"publish","type":"product","link":"https:\/\/www.multicasa.com.br\/cuiaba\/produto\/anel-de-vedacao-para-vaso-sanitario-com-guia-blukit\/","title":{"rendered":"Anel de Veda\u00e7\u00e3o para Vaso Sanit\u00e1rio com Guia Blukit<br>SKU: 3611620"},"content":{"rendered":"<p>Com o anel de veda\u00e7\u00e3o para vaso sanit\u00e1rio da Blukit voc\u00ea evita vazamentos, mau cheiro e garante a veda\u00e7\u00e3o da liga\u00e7\u00e3o do vaso com a tubula\u00e7\u00e3o de esgoto. Feito de borracha but\u00edlica e pl\u00e1sticos de engenharia, resiste a temperaturas de at\u00e9 60\u00baC, n\u00e3o resseca e n\u00e3o racha. Sua embalagem cont\u00e9m um guia pl\u00e1stico para instala\u00e7\u00e3o.<\/p>\n","protected":false},"excerpt":{"rendered":"<h4 style=\"margin: 0px;padding: 0px 0px 16px;font-family: Lato, sans-serif;font-weight: bold;line-height: 3rem;color: var(--dark-grey3);font-size: 22px;font-style: normal;letter-spacing: normal;text-align: start;text-indent: 0px;text-transform: none\">Informa\u00e7\u00f5es t\u00e9cnicas<\/h4>\n<p><span style=\"margin: 0px;padding: 0px;font-weight: 450;font-size: 14px;line-height: 21px;color: var(--dark-grey2);font-family: Lato, sans-serif;font-style: normal;letter-spacing: normal;text-align: start;text-indent: 0px;text-transform: none\">Produto: Anel de Veda\u00e7\u00e3o<br \/>\nMarca: Blukit<br \/>\nMaterial: Borracha but\u00edlica<br \/>\nPl\u00e1stico<br \/>\nCor: Azul<br \/>\nCaracter\u00edsticas: Compat\u00edvel com todos os tipos de vasos sanit\u00e1rios<br \/>\nResistente a temperatura de at\u00e9 60\u00b0C<br \/>\nEvita o cheiro de esgoto<br \/>\nItens Inclusos: 1 Anel de Veda\u00e7\u00e3o<br \/>\nDi\u00e2metro: Guia &#8211; 120mm<br \/>\nCorpo &#8211; 83mm<br \/>\nDimens\u00f5es do produto (A) Guia &#8211; 20mm<br \/>\nCorpo: 25mm<br \/>\nGarantia: 1 ano pelo fabricante<br \/>\n<\/span><\/p>\n","protected":false},"featured_media":17883,"template":"","meta":{"_joinchat":[]},"product_brand":[],"product_cat":[74],"product_tag":[],"class_list":{"0":"post-17799","1":"product","2":"type-product","3":"status-publish","4":"has-post-thumbnail","6":"product_cat-reparos-hidraulicos","8":"first","9":"instock","10":"shipping-taxable","11":"purchasable","12":"product-type-simple"},"_links":{"self":[{"href":"https:\/\/www.multicasa.com.br\/cuiaba\/wp-json\/wp\/v2\/product\/17799","targetHints":{"allow":["GET"]}}],"collection":[{"href":"https:\/\/www.multicasa.com.br\/cuiaba\/wp-json\/wp\/v2\/product"}],"about":[{"href":"https:\/\/www.multicasa.com.br\/cuiaba\/wp-json\/wp\/v2\/types\/product"}],"wp:featuredmedia":[{"embeddable":true,"href":"https:\/\/www.multicasa.com.br\/cuiaba\/wp-json\/wp\/v2\/media\/17883"}],"wp:attachment":[{"href":"https:\/\/www.multicasa.com.br\/cuiaba\/wp-json\/wp\/v2\/media?parent=17799"}],"wp:term":[{"taxonomy":"product_brand","embeddable":true,"href":"https:\/\/www.multicasa.com.br\/cuiaba\/wp-json\/wp\/v2\/product_brand?post=17799"},{"taxonomy":"product_cat","embeddable":true,"href":"https:\/\/www.multicasa.com.br\/cuiaba\/wp-json\/wp\/v2\/product_cat?post=17799"},{"taxonomy":"product_tag","embeddable":true,"href":"https:\/\/www.multicasa.com.br\/cuiaba\/wp-json\/wp\/v2\/product_tag?post=17799"}],"curies":[{"name":"wp","href":"https:\/\/api.w.org\/{rel}","templated":true}]}}